{"id":7230,"date":"2018-09-11T08:33:48","date_gmt":"2018-09-11T07:33:48","guid":{"rendered":"https:\/\/routes4culture.com\/kontaktit\/"},"modified":"2023-06-08T12:25:57","modified_gmt":"2023-06-08T11:25:57","slug":"kontaktit","status":"publish","type":"page","link":"https:\/\/routes4culture.com\/sq\/kontaktit\/","title":{"rendered":"Kontaktit"},"content":{"rendered":"<p>[vc_row][vc_column offset=&#8221;vc_hidden-md vc_hidden-sm vc_hidden-xs&#8221;][vc_empty_space height=&#8221;115px&#8221;][\/vc_column][\/vc_row][vc_row el_id=&#8221;Mobile-view&#8221;][vc_column offset=&#8221;vc_hidden-lg vc_hidden-md vc_hidden-sm&#8221;][vc_empty_space height=&#8221;65px&#8221;][\/vc_column][\/vc_row][vc_row equal_height=&#8221;yes&#8221; row_content_width=&#8221;grid&#8221; css=&#8221;.vc_custom_1673475228201{padding-bottom: 85px !important;}&#8221; el_id=&#8221;Desktop-view&#8221;][vc_column width=&#8221;1\/12&#8243; offset=&#8221;vc_col-lg-offset-0 vc_col-lg-5 vc_col-md-offset-0 vc_col-md-12 vc_hidden-md vc_col-sm-offset-0 vc_hidden-sm&#8221;]<div class=\"qodef-section-title-holder \" >\n\t<div class=\"qodef-st-inner\">\n\t\t\t\t\t\t\t<h1 class=\"qodef-st-title\" style=\"color: #212121\">\n\t\t\t\tInformacioni i Kontaktit\t\t\t<\/h1>\n\t\t\t\t\t<\/div>\n<\/div>[vc_empty_space height=&#8221;12px&#8221;][vc_column_text]Na shkruani n\u00ebse keni ndonj\u00eb pyetje ose d\u00ebshironi m\u00eb shum\u00eb informacion rreth projektit Routes4Culture.[\/vc_column_text][vc_empty_space height=&#8221;35px&#8221;][vc_row_inner][vc_column_inner width=&#8221;1\/3&#8243; offset=&#8221;vc_col-lg-offset-0 vc_col-lg-6 vc_col-md-offset-0 vc_col-md-6 vc_col-sm-offset-0 vc_col-xs-12&#8243;][vc_column_text el_class=&#8221;line-height-class&#8221;]<\/p>\n<h3>Bashkia<br \/>\nKavaje<\/h3>\n<p>[\/vc_column_text][vc_empty_space height=&#8221;30px&#8221;]<div class=\"qodef-iwt clearfix  qodef-iwt-icon-left qodef-iwt-icon-tiny\">\n\t<div class=\"qodef-iwt-icon\">\n\t\t\t\t\t<a itemprop=\"url\" href=\"mailto:info@bashkiakavaje.gov.al\" target=\"_blank\">\n\t\t\t\t\t\t\t\t\t    <span class=\"qodef-icon-shortcode qodef-normal   qodef-icon-tiny\"  data-hover-color=\"#8ad0ea\" data-color=\"#58c4eb\">\n                    <span aria-hidden=\"true\" class=\"qodef-icon-font-elegant icon_mail qodef-icon-element\" style=\"color: #58c4eb;font-size:17px\" ><\/span>            <\/span>\n\t\t\t\t\t\t\t\t<\/a>\n\t\t\t<\/div>\n\t<div class=\"qodef-iwt-content\" >\n\t\t\t\t\t<p class=\"qodef-iwt-title\" style=\"margin-top: 5px\">\n\t\t\t\t\t\t\t\t\t<a itemprop=\"url\" href=\"mailto:info@bashkiakavaje.gov.al\" target=\"_blank\">\n\t\t\t\t\t\t\t\t<span class=\"qodef-iwt-title-text\">info@bashkiakavaje.gov.al<\/span>\n\t\t\t\t\t\t\t\t\t<\/a>\n\t\t\t\t\t\t\t<\/p>\n\t\t\t\t\t<\/div>\n<\/div>[vc_empty_space height=&#8221;11px&#8221;]<div class=\"qodef-iwt clearfix  qodef-iwt-icon-left qodef-iwt-icon-tiny\">\n\t<div class=\"qodef-iwt-icon\">\n\t\t\t\t\t<a itemprop=\"url\" href=\"https:\/\/goo.gl\/maps\/D7sQxjFViK6ipiFKA\" target=\"_blank\">\n\t\t\t\t\t\t\t\t\t    <span class=\"qodef-icon-shortcode qodef-normal   qodef-icon-tiny\"  data-hover-color=\"#8ad0ea\" data-color=\"#58c4eb\">\n                    <span aria-hidden=\"true\" class=\"qodef-icon-font-elegant icon_pin qodef-icon-element\" style=\"color: #58c4eb;font-size:18px\" ><\/span>            <\/span>\n\t\t\t\t\t\t\t\t<\/a>\n\t\t\t<\/div>\n\t<div class=\"qodef-iwt-content\" >\n\t\t\t\t\t<p class=\"qodef-iwt-title\" style=\"margin-top: 5px\">\n\t\t\t\t\t\t\t\t\t<a itemprop=\"url\" href=\"https:\/\/goo.gl\/maps\/D7sQxjFViK6ipiFKA\" target=\"_blank\">\n\t\t\t\t\t\t\t\t<span class=\"qodef-iwt-title-text\">Bulevardi Josif Buda<\/span>\n\t\t\t\t\t\t\t\t\t<\/a>\n\t\t\t\t\t\t\t<\/p>\n\t\t\t\t\t<\/div>\n<\/div>[vc_empty_space height=&#8221;15px&#8221;][\/vc_column_inner][vc_column_inner width=&#8221;1\/3&#8243; offset=&#8221;vc_col-lg-offset-0 vc_col-lg-6 vc_col-md-offset-0 vc_col-md-6 vc_col-sm-offset-0 vc_col-xs-12&#8243;][vc_column_text el_class=&#8221;line-height-class&#8221;]<\/p>\n<h3>Bashkia<br \/>\nRrogozhine<\/h3>\n<p>[\/vc_column_text][vc_empty_space height=&#8221;30px&#8221;]<div class=\"qodef-iwt clearfix  qodef-iwt-icon-left qodef-iwt-icon-tiny\">\n\t<div class=\"qodef-iwt-icon\">\n\t\t\t\t\t<a itemprop=\"url\" href=\"mailto:brrogozhine@gmail.com\" target=\"_blank\">\n\t\t\t\t\t\t\t\t\t    <span class=\"qodef-icon-shortcode qodef-normal   qodef-icon-tiny\"  data-hover-color=\"#8ad0ea\" data-color=\"#58c4eb\">\n                    <span aria-hidden=\"true\" class=\"qodef-icon-font-elegant icon_mail qodef-icon-element\" style=\"color: #58c4eb;font-size:17px\" ><\/span>            <\/span>\n\t\t\t\t\t\t\t\t<\/a>\n\t\t\t<\/div>\n\t<div class=\"qodef-iwt-content\" >\n\t\t\t\t\t<p class=\"qodef-iwt-title\" style=\"margin-top: 5px\">\n\t\t\t\t\t\t\t\t\t<a itemprop=\"url\" href=\"mailto:brrogozhine@gmail.com\" target=\"_blank\">\n\t\t\t\t\t\t\t\t<span class=\"qodef-iwt-title-text\">brrogozhine@gmail.com<\/span>\n\t\t\t\t\t\t\t\t\t<\/a>\n\t\t\t\t\t\t\t<\/p>\n\t\t\t\t\t<\/div>\n<\/div>[vc_empty_space height=&#8221;11px&#8221;]<div class=\"qodef-iwt clearfix  qodef-iwt-icon-left qodef-iwt-icon-tiny\">\n\t<div class=\"qodef-iwt-icon\">\n\t\t\t\t\t<a itemprop=\"url\" href=\"https:\/\/goo.gl\/maps\/bTMcYjd8aHCU53zH9\" target=\"_blank\">\n\t\t\t\t\t\t\t\t\t    <span class=\"qodef-icon-shortcode qodef-normal   qodef-icon-tiny\"  data-hover-color=\"#8ad0ea\" data-color=\"#58c4eb\">\n                    <span aria-hidden=\"true\" class=\"qodef-icon-font-elegant icon_pin qodef-icon-element\" style=\"color: #58c4eb;font-size:18px\" ><\/span>            <\/span>\n\t\t\t\t\t\t\t\t<\/a>\n\t\t\t<\/div>\n\t<div class=\"qodef-iwt-content\" >\n\t\t\t\t\t<p class=\"qodef-iwt-title\" style=\"margin-top: 5px\">\n\t\t\t\t\t\t\t\t\t<a itemprop=\"url\" href=\"https:\/\/goo.gl\/maps\/bTMcYjd8aHCU53zH9\" target=\"_blank\">\n\t\t\t\t\t\t\t\t<span class=\"qodef-iwt-title-text\">Lagjja. nr. 1,Rruga e . \u201c Kavaj\u00ebs\u201d, Blloku \u201c12 Shtatori\u201d<\/span>\n\t\t\t\t\t\t\t\t\t<\/a>\n\t\t\t\t\t\t\t<\/p>\n\t\t\t\t\t<\/div>\n<\/div>[\/vc_column_inner][\/vc_row_inner][vc_empty_space height=&#8221;25px&#8221;][vc_row_inner disable_element=&#8221;yes&#8221; content_text_aligment=&#8221;left&#8221; css=&#8221;.vc_custom_1674232026666{margin-left: 0px !important;padding-left: 0px !important;}&#8221;][vc_column_inner css=&#8221;.vc_custom_1673475717124{margin-left: 0px !important;padding-left: 0px !important;}&#8221; offset=&#8221;vc_hidden-md vc_hidden-sm&#8221;][vc_column_text]<\/p>\n<h3>Sociale<\/h3>\n<p>[\/vc_column_text][vc_empty_space height=&#8221;30px&#8221;]<div class=\"qodef-iwt clearfix  qodef-iwt-icon-left qodef-iwt-icon-tiny\">\n\t<div class=\"qodef-iwt-icon\">\n\t\t\t\t\t<a itemprop=\"url\" href=\"#\" target=\"_blank\">\n\t\t\t\t\t\t\t\t\t    <span class=\"qodef-icon-shortcode qodef-normal   qodef-icon-tiny\"  data-hover-color=\"#f0492f\" data-color=\"#00296b\">\n                    <span aria-hidden=\"true\" class=\"qodef-icon-font-elegant social_facebook qodef-icon-element\" style=\"color: #00296b;font-size:20px\" ><\/span>            <\/span>\n\t\t\t\t\t\t\t\t<\/a>\n\t\t\t<\/div>\n\t<div class=\"qodef-iwt-content\" >\n\t\t\t\t\t<\/div>\n<\/div><div class=\"qodef-iwt clearfix  qodef-iwt-icon-left qodef-iwt-icon-tiny\">\n\t<div class=\"qodef-iwt-icon\">\n\t\t\t\t\t<a itemprop=\"url\" href=\"#\" target=\"_blank\">\n\t\t\t\t\t\t\t\t\t    <span class=\"qodef-icon-shortcode qodef-normal   qodef-icon-tiny\"  data-hover-color=\"#f0492f\" data-color=\"#00296b\">\n                    <span aria-hidden=\"true\" class=\"qodef-icon-font-elegant social_linkedin qodef-icon-element\" style=\"color: #00296b;font-size:18px\" ><\/span>            <\/span>\n\t\t\t\t\t\t\t\t<\/a>\n\t\t\t<\/div>\n\t<div class=\"qodef-iwt-content\" >\n\t\t\t\t\t<\/div>\n<\/div><div class=\"qodef-iwt clearfix  qodef-iwt-icon-left qodef-iwt-icon-small\">\n\t<div class=\"qodef-iwt-icon\">\n\t\t\t\t\t<a itemprop=\"url\" href=\"#\" target=\"_blank\">\n\t\t\t\t\t\t\t\t\t    <span class=\"qodef-icon-shortcode qodef-normal   qodef-icon-small\"  data-hover-color=\"#f0492f\" data-color=\"#00296b\">\n                    <i class=\"qodef-icon-font-awesome fab fa-youtube qodef-icon-element\" style=\"color: #00296b;font-size:23px\" ><\/i>            <\/span>\n\t\t\t\t\t\t\t\t<\/a>\n\t\t\t<\/div>\n\t<div class=\"qodef-iwt-content\" >\n\t\t\t\t\t<\/div>\n<\/div>[vc_empty_space height=&#8221;25px&#8221;][\/vc_column_inner][\/vc_row_inner][\/vc_column][vc_column width=&#8221;1\/12&#8243; offset=&#8221;vc_col-lg-offset-1 vc_col-lg-6 vc_col-md-offset-0 vc_col-md-12 vc_hidden-md vc_col-sm-offset-0 vc_hidden-sm vc_col-xs-12&#8243; css=&#8221;.vc_custom_1673475477266{padding-top: 14px !important;background-position: 0 0 !important;background-repeat: no-repeat !important;}&#8221;][vc_raw_html]JTNDaWZyYW1lJTIwc3JjJTNEJTIyaHR0cHMlM0ElMkYlMkZ3d3cuZ29vZ2xlLmNvbSUyRm1hcHMlMkZkJTJGZW1iZWQlM0ZtaWQlM0QxQU1zOFdjbVc2N0ZIdjJUZS03emh1SFg0c0hCcEVQWSUyNmFtcCUzQmVoYmMlM0QyRTMxMkYlMjIlMjB3aWR0aCUzRCUyMjY0MCUyMiUyMGhlaWdodCUzRCUyMjQ4MCUyMiUzRSUzQyUyRmlmcmFtZSUzRQ==[\/vc_raw_html][vc_empty_space height=&#8221;25px&#8221;][\/vc_column][\/vc_row][vc_row][vc_column width=&#8221;1\/12&#8243; offset=&#8221;vc_hidden-lg vc_hidden-xs&#8221;][\/vc_column][vc_column width=&#8221;10\/12&#8243; offset=&#8221;vc_hidden-lg vc_hidden-xs&#8221;]<div class=\"qodef-section-title-holder \" >\n\t<div class=\"qodef-st-inner\">\n\t\t\t\t\t\t\t<h1 class=\"qodef-st-title\" style=\"color: #212121\">\n\t\t\t\tInformacioni i Kontaktit\t\t\t<\/h1>\n\t\t\t\t\t<\/div>\n<\/div>[vc_empty_space height=&#8221;12px&#8221;][vc_column_text]Na shkruani n\u00ebse keni ndonj\u00eb pyetje ose d\u00ebshironi m\u00eb shum\u00eb informacion rreth projektit Routes4Culture.[\/vc_column_text][vc_empty_space height=&#8221;35px&#8221;][\/vc_column][vc_column width=&#8221;1\/12&#8243; offset=&#8221;vc_hidden-lg vc_hidden-xs&#8221;][\/vc_column][\/vc_row][vc_row][vc_column width=&#8221;1\/12&#8243; offset=&#8221;vc_hidden-lg vc_hidden-xs&#8221;][\/vc_column][vc_column width=&#8221;10\/12&#8243; offset=&#8221;vc_hidden-lg vc_hidden-xs&#8221;][vc_column_text]<\/p>\n<h3>Bashkia Kavaje<\/h3>\n<p>[\/vc_column_text][vc_empty_space height=&#8221;30px&#8221;]<div class=\"qodef-iwt clearfix  qodef-iwt-icon-left qodef-iwt-icon-tiny\">\n\t<div class=\"qodef-iwt-icon\">\n\t\t\t\t\t<a itemprop=\"url\" href=\"mailto:info@bashkiakavaje.gov.al\" target=\"_blank\">\n\t\t\t\t\t\t\t\t\t    <span class=\"qodef-icon-shortcode qodef-normal   qodef-icon-tiny\"  data-hover-color=\"#8ad0ea\" data-color=\"#58c4eb\">\n                    <span aria-hidden=\"true\" class=\"qodef-icon-font-elegant icon_mail qodef-icon-element\" style=\"color: #58c4eb;font-size:17px\" ><\/span>            <\/span>\n\t\t\t\t\t\t\t\t<\/a>\n\t\t\t<\/div>\n\t<div class=\"qodef-iwt-content\" >\n\t\t\t\t\t<p class=\"qodef-iwt-title\" style=\"margin-top: 5px\">\n\t\t\t\t\t\t\t\t\t<a itemprop=\"url\" href=\"mailto:info@bashkiakavaje.gov.al\" target=\"_blank\">\n\t\t\t\t\t\t\t\t<span class=\"qodef-iwt-title-text\">info@bashkiakavaje.gov.al<\/span>\n\t\t\t\t\t\t\t\t\t<\/a>\n\t\t\t\t\t\t\t<\/p>\n\t\t\t\t\t<\/div>\n<\/div>[vc_empty_space height=&#8221;11px&#8221;]<div class=\"qodef-iwt clearfix  qodef-iwt-icon-left qodef-iwt-icon-tiny\">\n\t<div class=\"qodef-iwt-icon\">\n\t\t\t\t\t<a itemprop=\"url\" href=\"https:\/\/goo.gl\/maps\/D7sQxjFViK6ipiFKA\" target=\"_blank\">\n\t\t\t\t\t\t\t\t\t    <span class=\"qodef-icon-shortcode qodef-normal   qodef-icon-tiny\"  data-hover-color=\"#8ad0ea\" data-color=\"#58c4eb\">\n                    <span aria-hidden=\"true\" class=\"qodef-icon-font-elegant icon_pin qodef-icon-element\" style=\"color: #58c4eb;font-size:18px\" ><\/span>            <\/span>\n\t\t\t\t\t\t\t\t<\/a>\n\t\t\t<\/div>\n\t<div class=\"qodef-iwt-content\" >\n\t\t\t\t\t<p class=\"qodef-iwt-title\" style=\"margin-top: 5px\">\n\t\t\t\t\t\t\t\t\t<a itemprop=\"url\" href=\"https:\/\/goo.gl\/maps\/D7sQxjFViK6ipiFKA\" target=\"_blank\">\n\t\t\t\t\t\t\t\t<span class=\"qodef-iwt-title-text\">Bulevardi Josif Buda<\/span>\n\t\t\t\t\t\t\t\t\t<\/a>\n\t\t\t\t\t\t\t<\/p>\n\t\t\t\t\t<\/div>\n<\/div>[vc_empty_space height=&#8221;15px&#8221;][\/vc_column][vc_column width=&#8221;1\/12&#8243; offset=&#8221;vc_hidden-lg vc_hidden-xs&#8221;][\/vc_column][\/vc_row][vc_row][vc_column width=&#8221;1\/12&#8243; offset=&#8221;vc_hidden-lg vc_hidden-xs&#8221;][\/vc_column][vc_column width=&#8221;10\/12&#8243; offset=&#8221;vc_hidden-lg vc_hidden-xs&#8221;][vc_column_text]<\/p>\n<h3>Bashkia Rrogozhine<\/h3>\n<p>[\/vc_column_text][vc_empty_space height=&#8221;30px&#8221;]<div class=\"qodef-iwt clearfix  qodef-iwt-icon-left qodef-iwt-icon-tiny\">\n\t<div class=\"qodef-iwt-icon\">\n\t\t\t\t\t<a itemprop=\"url\" href=\"mailto:brrogozhine@gmail.com\" target=\"_blank\">\n\t\t\t\t\t\t\t\t\t    <span class=\"qodef-icon-shortcode qodef-normal   qodef-icon-tiny\"  data-hover-color=\"#8ad0ea\" data-color=\"#58c4eb\">\n                    <span aria-hidden=\"true\" class=\"qodef-icon-font-elegant icon_mail qodef-icon-element\" style=\"color: #58c4eb;font-size:17px\" ><\/span>            <\/span>\n\t\t\t\t\t\t\t\t<\/a>\n\t\t\t<\/div>\n\t<div class=\"qodef-iwt-content\" >\n\t\t\t\t\t<p class=\"qodef-iwt-title\" style=\"margin-top: 5px\">\n\t\t\t\t\t\t\t\t\t<a itemprop=\"url\" href=\"mailto:brrogozhine@gmail.com\" target=\"_blank\">\n\t\t\t\t\t\t\t\t<span class=\"qodef-iwt-title-text\">brrogozhine@gmail.com<\/span>\n\t\t\t\t\t\t\t\t\t<\/a>\n\t\t\t\t\t\t\t<\/p>\n\t\t\t\t\t<\/div>\n<\/div>[vc_empty_space height=&#8221;11px&#8221;]<div class=\"qodef-iwt clearfix  qodef-iwt-icon-left qodef-iwt-icon-tiny\">\n\t<div class=\"qodef-iwt-icon\">\n\t\t\t\t\t<a itemprop=\"url\" href=\"https:\/\/goo.gl\/maps\/pA77tCKsZq4R2aPA7\" target=\"_blank\">\n\t\t\t\t\t\t\t\t\t    <span class=\"qodef-icon-shortcode qodef-normal   qodef-icon-tiny\"  data-hover-color=\"#8ad0ea\" data-color=\"#58c4eb\">\n                    <span aria-hidden=\"true\" class=\"qodef-icon-font-elegant icon_pin qodef-icon-element\" style=\"color: #58c4eb;font-size:18px\" ><\/span>            <\/span>\n\t\t\t\t\t\t\t\t<\/a>\n\t\t\t<\/div>\n\t<div class=\"qodef-iwt-content\" >\n\t\t\t\t\t<p class=\"qodef-iwt-title\" style=\"margin-top: 5px\">\n\t\t\t\t\t\t\t\t\t<a itemprop=\"url\" href=\"https:\/\/goo.gl\/maps\/pA77tCKsZq4R2aPA7\" target=\"_blank\">\n\t\t\t\t\t\t\t\t<span class=\"qodef-iwt-title-text\">Lagjja. nr. 1,Rruga e . \u201c Kavaj\u00ebs\u201d, Blloku \u201c12 Shtatori\u201d<\/span>\n\t\t\t\t\t\t\t\t\t<\/a>\n\t\t\t\t\t\t\t<\/p>\n\t\t\t\t\t<\/div>\n<\/div>[vc_empty_space height=&#8221;15px&#8221;][\/vc_column][vc_column width=&#8221;1\/12&#8243; offset=&#8221;vc_hidden-lg vc_hidden-xs&#8221;][\/vc_column][\/vc_row][vc_row disable_element=&#8221;yes&#8221;][vc_column width=&#8221;1\/12&#8243; offset=&#8221;vc_hidden-lg vc_hidden-xs&#8221;][\/vc_column][vc_column width=&#8221;10\/12&#8243; offset=&#8221;vc_hidden-lg vc_hidden-xs&#8221;][vc_column_text]<\/p>\n<h3>Sociale<\/h3>\n<p>[\/vc_column_text][vc_empty_space height=&#8221;30px&#8221;]<div class=\"qodef-iwt clearfix  qodef-iwt-icon-left qodef-iwt-icon-tiny\">\n\t<div class=\"qodef-iwt-icon\">\n\t\t\t\t\t<a itemprop=\"url\" href=\"#\" target=\"_blank\">\n\t\t\t\t\t\t\t\t\t    <span class=\"qodef-icon-shortcode qodef-normal   qodef-icon-tiny\"  data-hover-color=\"#f0492f\" data-color=\"#00296b\">\n                    <span aria-hidden=\"true\" class=\"qodef-icon-font-elegant social_facebook qodef-icon-element\" style=\"color: #00296b;font-size:20px\" ><\/span>            <\/span>\n\t\t\t\t\t\t\t\t<\/a>\n\t\t\t<\/div>\n\t<div class=\"qodef-iwt-content\" >\n\t\t\t\t\t<\/div>\n<\/div><div class=\"qodef-iwt clearfix  qodef-iwt-icon-left qodef-iwt-icon-tiny\">\n\t<div class=\"qodef-iwt-icon\">\n\t\t\t\t\t<a itemprop=\"url\" href=\"#\" target=\"_blank\">\n\t\t\t\t\t\t\t\t\t    <span class=\"qodef-icon-shortcode qodef-normal   qodef-icon-tiny\"  data-hover-color=\"#f0492f\" data-color=\"#00296b\">\n                    <span aria-hidden=\"true\" class=\"qodef-icon-font-elegant social_linkedin qodef-icon-element\" style=\"color: #00296b;font-size:18px\" ><\/span>            <\/span>\n\t\t\t\t\t\t\t\t<\/a>\n\t\t\t<\/div>\n\t<div class=\"qodef-iwt-content\" >\n\t\t\t\t\t<\/div>\n<\/div><div class=\"qodef-iwt clearfix  qodef-iwt-icon-left qodef-iwt-icon-small\">\n\t<div class=\"qodef-iwt-icon\">\n\t\t\t\t\t<a itemprop=\"url\" href=\"#\" target=\"_blank\">\n\t\t\t\t\t\t\t\t\t    <span class=\"qodef-icon-shortcode qodef-normal   qodef-icon-small\"  data-hover-color=\"#f0492f\" data-color=\"#00296b\">\n                    <i class=\"qodef-icon-font-awesome fab fa-youtube qodef-icon-element\" style=\"color: #00296b;font-size:23px\" ><\/i>            <\/span>\n\t\t\t\t\t\t\t\t<\/a>\n\t\t\t<\/div>\n\t<div class=\"qodef-iwt-content\" >\n\t\t\t\t\t<\/div>\n<\/div>[vc_empty_space height=&#8221;30px&#8221;][\/vc_column][vc_column width=&#8221;1\/12&#8243; offset=&#8221;vc_hidden-lg vc_hidden-xs&#8221;][\/vc_column][\/vc_row][vc_row][vc_column offset=&#8221;vc_hidden-lg vc_hidden-xs&#8221;][vc_gmaps link=&#8221;#E-8_JTNDaWZyYW1lJTIwc3JjJTNEJTIyaHR0cHMlM0ElMkYlMkZ3d3cuZ29vZ2xlLmNvbSUyRm1hcHMlMkZkJTJGZW1iZWQlM0ZtaWQlM0QxQU1zOFdjbVc2N0ZIdjJUZS03emh1SFg0c0hCcEVQWSUyNmFtcCUzQmVoYmMlM0QyRTMxMkYlMjIlMjB3aWR0aCUzRCUyMjYwMCUyMiUyMGhlaWdodCUzRCUyMjQ1MCUyMiUyMHN0eWxlJTNEJTIyYm9yZGVyJTNBMCUzQiUyMiUyMGFsbG93ZnVsbHNjcmVlbiUzRCUyMiUyMiUyMGxvYWRpbmclM0QlMjJsYXp5JTIyJTIwcmVmZXJyZXJwb2xpY3klM0QlMjJuby1yZWZlcnJlci13aGVuLWRvd25ncmFkZSUyMiUzRSUzQyUyRmlmcmFtZSUzRQ==&#8221;][\/vc_column][\/vc_row]<\/p>\n","protected":false},"excerpt":{"rendered":"<p>[vc_row][vc_column offset=&#8221;vc_hidden-md vc_hidden-sm vc_hidden-xs&#8221;][vc_empty_space height=&#8221;115px&#8221;][\/vc_column][\/vc_row][vc_row el_id=&#8221;Mobile-view&#8221;][vc_column offset=&#8221;vc_hidden-lg vc_hidden-md vc_hidden-sm&#8221;][vc_empty_space height=&#8221;65px&#8221;][\/vc_column][\/vc_row][vc_row equal_height=&#8221;yes&#8221; row_content_width=&#8221;grid&#8221; css=&#8221;.vc_custom_1673475228201{padding-bottom: 85px !important;}&#8221; el_id=&#8221;Desktop-view&#8221;][vc_column width=&#8221;1\/12&#8243; offset=&#8221;vc_col-lg-offset-0 vc_col-lg-5 vc_col-md-offset-0 vc_col-md-12 vc_hidden-md vc_col-sm-offset-0 vc_hidden-sm&#8221;][vc_empty_space height=&#8221;12px&#8221;][vc_column_text]Na shkruani n\u00ebse keni ndonj\u00eb pyetje ose d\u00ebshironi m\u00eb shum\u00eb informacion rreth projektit Routes4Culture.[\/vc_column_text][vc_empty_space height=&#8221;35px&#8221;][vc_row_inner][vc_column_inner width=&#8221;1\/3&#8243; [&hellip;]<\/p>\n","protected":false},"author":1,"featured_media":0,"parent":0,"menu_order":0,"comment_status":"closed","ping_status":"closed","template":"full-width.php","meta":[],"yoast_head":"<!-- This site is optimized with the Yoast SEO plugin v20.13 - https:\/\/yoast.com\/wordpress\/plugins\/seo\/ -->\n<title>Kontaktit | Routes 4 Culture<\/title>\n<meta name=\"robots\" content=\"index, follow, max-snippet:-1, max-image-preview:large, max-video-preview:-1\" \/>\n<link rel=\"canonical\" href=\"https:\/\/routes4culture.com\/sq\/kontaktit\/\" \/>\n<meta property=\"og:locale\" content=\"sq_AL\" \/>\n<meta property=\"og:type\" content=\"article\" \/>\n<meta property=\"og:title\" content=\"Kontaktit | Routes 4 Culture\" \/>\n<meta property=\"og:description\" content=\"[vc_row][vc_column offset=&#8221;vc_hidden-md vc_hidden-sm vc_hidden-xs&#8221;][vc_empty_space height=&#8221;115px&#8221;][\/vc_column][\/vc_row][vc_row el_id=&#8221;Mobile-view&#8221;][vc_column offset=&#8221;vc_hidden-lg vc_hidden-md vc_hidden-sm&#8221;][vc_empty_space height=&#8221;65px&#8221;][\/vc_column][\/vc_row][vc_row equal_height=&#8221;yes&#8221; row_content_width=&#8221;grid&#8221; css=&#8221;.vc_custom_1673475228201{padding-bottom: 85px !important;}&#8221; el_id=&#8221;Desktop-view&#8221;][vc_column width=&#8221;1\/12&#8243; offset=&#8221;vc_col-lg-offset-0 vc_col-lg-5 vc_col-md-offset-0 vc_col-md-12 vc_hidden-md vc_col-sm-offset-0 vc_hidden-sm&#8221;][vc_empty_space height=&#8221;12px&#8221;][vc_column_text]Na shkruani n\u00ebse keni ndonj\u00eb pyetje ose d\u00ebshironi m\u00eb shum\u00eb informacion rreth projektit Routes4Culture.[\/vc_column_text][vc_empty_space height=&#8221;35px&#8221;][vc_row_inner][vc_column_inner width=&#8221;1\/3&#8243; [&hellip;]\" \/>\n<meta property=\"og:url\" content=\"https:\/\/routes4culture.com\/sq\/kontaktit\/\" \/>\n<meta property=\"og:site_name\" content=\"Routes 4 Culture\" \/>\n<meta property=\"article:modified_time\" content=\"2023-06-08T11:25:57+00:00\" \/>\n<meta property=\"og:image\" content=\"https:\/\/routes4culture.com\/wp-content\/uploads\/2018\/10\/seo-icon.png\" \/>\n\t<meta property=\"og:image:width\" content=\"1200\" \/>\n\t<meta property=\"og:image:height\" content=\"675\" \/>\n\t<meta property=\"og:image:type\" content=\"image\/png\" \/>\n<meta name=\"twitter:card\" content=\"summary_large_image\" \/>\n<meta name=\"twitter:label1\" content=\"Est. reading time\" \/>\n\t<meta name=\"twitter:data1\" content=\"6 minutes\" \/>\n<script type=\"application\/ld+json\" class=\"yoast-schema-graph\">{\"@context\":\"https:\/\/schema.org\",\"@graph\":[{\"@type\":\"WebPage\",\"@id\":\"https:\/\/routes4culture.com\/sq\/kontaktit\/\",\"url\":\"https:\/\/routes4culture.com\/sq\/kontaktit\/\",\"name\":\"Kontaktit | Routes 4 Culture\",\"isPartOf\":{\"@id\":\"https:\/\/routes4culture.com\/#website\"},\"datePublished\":\"2018-09-11T07:33:48+00:00\",\"dateModified\":\"2023-06-08T11:25:57+00:00\",\"breadcrumb\":{\"@id\":\"https:\/\/routes4culture.com\/sq\/kontaktit\/#breadcrumb\"},\"inLanguage\":\"sq-AL\",\"potentialAction\":[{\"@type\":\"ReadAction\",\"target\":[\"https:\/\/routes4culture.com\/sq\/kontaktit\/\"]}]},{\"@type\":\"BreadcrumbList\",\"@id\":\"https:\/\/routes4culture.com\/sq\/kontaktit\/#breadcrumb\",\"itemListElement\":[{\"@type\":\"ListItem\",\"position\":1,\"name\":\"Home\",\"item\":\"https:\/\/routes4culture.com\/\"},{\"@type\":\"ListItem\",\"position\":2,\"name\":\"Kontaktit\"}]},{\"@type\":\"WebSite\",\"@id\":\"https:\/\/routes4culture.com\/#website\",\"url\":\"https:\/\/routes4culture.com\/\",\"name\":\"Routes 4 Culture\",\"description\":\"Explore Albania&#039;s Culture\",\"potentialAction\":[{\"@type\":\"SearchAction\",\"target\":{\"@type\":\"EntryPoint\",\"urlTemplate\":\"https:\/\/routes4culture.com\/?s={search_term_string}\"},\"query-input\":\"required name=search_term_string\"}],\"inLanguage\":\"sq-AL\"}]}<\/script>\n<!-- \/ Yoast SEO plugin. -->","yoast_head_json":{"title":"Kontaktit | Routes 4 Culture","robots":{"index":"index","follow":"follow","max-snippet":"max-snippet:-1","max-image-preview":"max-image-preview:large","max-video-preview":"max-video-preview:-1"},"canonical":"https:\/\/routes4culture.com\/sq\/kontaktit\/","og_locale":"sq_AL","og_type":"article","og_title":"Kontaktit | Routes 4 Culture","og_description":"[vc_row][vc_column offset=&#8221;vc_hidden-md vc_hidden-sm vc_hidden-xs&#8221;][vc_empty_space height=&#8221;115px&#8221;][\/vc_column][\/vc_row][vc_row el_id=&#8221;Mobile-view&#8221;][vc_column offset=&#8221;vc_hidden-lg vc_hidden-md vc_hidden-sm&#8221;][vc_empty_space height=&#8221;65px&#8221;][\/vc_column][\/vc_row][vc_row equal_height=&#8221;yes&#8221; row_content_width=&#8221;grid&#8221; css=&#8221;.vc_custom_1673475228201{padding-bottom: 85px !important;}&#8221; el_id=&#8221;Desktop-view&#8221;][vc_column width=&#8221;1\/12&#8243; offset=&#8221;vc_col-lg-offset-0 vc_col-lg-5 vc_col-md-offset-0 vc_col-md-12 vc_hidden-md vc_col-sm-offset-0 vc_hidden-sm&#8221;][vc_empty_space height=&#8221;12px&#8221;][vc_column_text]Na shkruani n\u00ebse keni ndonj\u00eb pyetje ose d\u00ebshironi m\u00eb shum\u00eb informacion rreth projektit Routes4Culture.[\/vc_column_text][vc_empty_space height=&#8221;35px&#8221;][vc_row_inner][vc_column_inner width=&#8221;1\/3&#8243; [&hellip;]","og_url":"https:\/\/routes4culture.com\/sq\/kontaktit\/","og_site_name":"Routes 4 Culture","article_modified_time":"2023-06-08T11:25:57+00:00","og_image":[{"width":1200,"height":675,"url":"https:\/\/routes4culture.com\/wp-content\/uploads\/2018\/10\/seo-icon.png","type":"image\/png"}],"twitter_card":"summary_large_image","twitter_misc":{"Est. reading time":"6 minutes"},"schema":{"@context":"https:\/\/schema.org","@graph":[{"@type":"WebPage","@id":"https:\/\/routes4culture.com\/sq\/kontaktit\/","url":"https:\/\/routes4culture.com\/sq\/kontaktit\/","name":"Kontaktit | Routes 4 Culture","isPartOf":{"@id":"https:\/\/routes4culture.com\/#website"},"datePublished":"2018-09-11T07:33:48+00:00","dateModified":"2023-06-08T11:25:57+00:00","breadcrumb":{"@id":"https:\/\/routes4culture.com\/sq\/kontaktit\/#breadcrumb"},"inLanguage":"sq-AL","potentialAction":[{"@type":"ReadAction","target":["https:\/\/routes4culture.com\/sq\/kontaktit\/"]}]},{"@type":"BreadcrumbList","@id":"https:\/\/routes4culture.com\/sq\/kontaktit\/#breadcrumb","itemListElement":[{"@type":"ListItem","position":1,"name":"Home","item":"https:\/\/routes4culture.com\/"},{"@type":"ListItem","position":2,"name":"Kontaktit"}]},{"@type":"WebSite","@id":"https:\/\/routes4culture.com\/#website","url":"https:\/\/routes4culture.com\/","name":"Routes 4 Culture","description":"Explore Albania&#039;s Culture","potentialAction":[{"@type":"SearchAction","target":{"@type":"EntryPoint","urlTemplate":"https:\/\/routes4culture.com\/?s={search_term_string}"},"query-input":"required name=search_term_string"}],"inLanguage":"sq-AL"}]}},"_links":{"self":[{"href":"https:\/\/routes4culture.com\/sq\/wp-json\/wp\/v2\/pages\/7230"}],"collection":[{"href":"https:\/\/routes4culture.com\/sq\/wp-json\/wp\/v2\/pages"}],"about":[{"href":"https:\/\/routes4culture.com\/sq\/wp-json\/wp\/v2\/types\/page"}],"author":[{"embeddable":true,"href":"https:\/\/routes4culture.com\/sq\/wp-json\/wp\/v2\/users\/1"}],"replies":[{"embeddable":true,"href":"https:\/\/routes4culture.com\/sq\/wp-json\/wp\/v2\/comments?post=7230"}],"version-history":[{"count":6,"href":"https:\/\/routes4culture.com\/sq\/wp-json\/wp\/v2\/pages\/7230\/revisions"}],"predecessor-version":[{"id":7282,"href":"https:\/\/routes4culture.com\/sq\/wp-json\/wp\/v2\/pages\/7230\/revisions\/7282"}],"wp:attachment":[{"href":"https:\/\/routes4culture.com\/sq\/wp-json\/wp\/v2\/media?parent=7230"}],"curies":[{"name":"wp","href":"https:\/\/api.w.org\/{rel}","templated":true}]}}