{"id":7266,"date":"2018-09-10T09:00:47","date_gmt":"2018-09-10T08:00:47","guid":{"rendered":"https:\/\/routes4culture.com\/itineraret\/"},"modified":"2023-06-10T14:01:40","modified_gmt":"2023-06-10T13:01:40","slug":"itineraret","status":"publish","type":"page","link":"https:\/\/routes4culture.com\/sq\/itineraret\/","title":{"rendered":"Itineraret"},"content":{"rendered":"<p>[vc_row][vc_column][vc_raw_html]JTNDaWZyYW1lJTIwc3JjJTNEJTIyaHR0cHMlM0ElMkYlMkZ3d3cuZ29vZ2xlLmNvbSUyRm1hcHMlMkZkJTJGZW1iZWQlM0ZtaWQlM0QxM3VCa1NEMllsMmlfZmZvWlAtX1lPX3k4MkdmXzV4YyUyNmVoYmMlM0QyRTMxMkYlMjIlMjB3aWR0aCUzRCUyMjE5MjAlMjIlMjBoZWlnaHQlM0QlMjI4ODAlMjIlM0UlM0MlMkZpZnJhbWUlM0U=[\/vc_raw_html][vc_empty_space height=&#8221;90px&#8221;][vc_column_text]<\/p>\n<h1 style=\"text-align: center;\">Itineraret<\/h1>\n<p>[\/vc_column_text][vc_empty_space height=&#8221;50px&#8221;][\/vc_column][\/vc_row][vc_row full_width=&#8221;stretch_row&#8221; gap=&#8221;15&#8243; css=&#8221;.vc_custom_1674690906595{margin-right: 70px !important;margin-left: 70px !important;}&#8221; el_id=&#8221;Desktop-Tablet&#8221;][vc_column width=&#8221;1\/3&#8243; offset=&#8221;vc_hidden-xs&#8221;][vc_raw_html]JTNDaWZyYW1lJTIwc3JjJTNEJTIyaHR0cHMlM0ElMkYlMkZ3d3cuZ29vZ2xlLmNvbSUyRm1hcHMlMkZkJTJGZW1iZWQlM0ZtaWQlM0QxWWFuTm5OaDFqUDhKZVVUZ2VpSGEzdVFPS2VMNm96YyUyNmVoYmMlM0QyRTMxMkYlMjIlMjB3aWR0aCUzRCUyMjQ4MCUyMiUyMGhlaWdodCUzRCUyMjI4MCUyMiUzRSUzQyUyRmlmcmFtZSUzRQ==[\/vc_raw_html][vc_empty_space height=&#8221;24px&#8221;]<div class=\"qodef-section-title-holder \" >\n\t<div class=\"qodef-st-inner\">\n\t\t\t\t\t\t\t<h3 class=\"qodef-st-title\" >\n\t\t\t\tItinerari I - Shtegu mes kodrave me bicikleta\t\t\t<\/h3>\n\t\t\t\t\t<\/div>\n<\/div>[vc_column_text]Ky shteg p\u00ebrshkon kodrat e buta n\u00eb per\u00ebndim t\u00eb qytetit t\u00eb Kavaj\u00ebs duke u nisur nga kalaja e Bashtov\u00ebs, p\u00ebr t\u00eb vijuar n\u00eb lindje..[\/vc_column_text][vc_empty_space height=&#8221;10px&#8221;][vc_column_text]<a href=\"https:\/\/routes4culture.com\/sq\/tour-item\/itinerari-i-shtegu-mes-kodrave-me-bicikleta\/\">M\u00cb SHUM\u00cb<\/a>[\/vc_column_text][vc_empty_space height=&#8221;24px&#8221;][\/vc_column][vc_column width=&#8221;1\/3&#8243; offset=&#8221;vc_hidden-xs&#8221;][vc_raw_html]JTNDaWZyYW1lJTIwc3JjJTNEJTIyaHR0cHMlM0ElMkYlMkZ3d3cuZ29vZ2xlLmNvbSUyRm1hcHMlMkZkJTJGZW1iZWQlM0ZtaWQlM0QxNlRHcFoxeEhSSHVuRjdaN1VvTEtJMmFGdHdMOWUyOCUyNmVoYmMlM0QyRTMxMkYlMjIlMjB3aWR0aCUzRCUyMjQ4MCUyMiUyMGhlaWdodCUzRCUyMjI4MCUyMiUzRSUzQyUyRmlmcmFtZSUzRQ==[\/vc_raw_html][vc_empty_space height=&#8221;24px&#8221;]<div class=\"qodef-section-title-holder \" >\n\t<div class=\"qodef-st-inner\">\n\t\t\t\t\t\t\t<h3 class=\"qodef-st-title\" >\n\t\t\t\tItinerari II - Shtegu i Liqeneve\t\t\t<\/h3>\n\t\t\t\t\t<\/div>\n<\/div>[vc_column_text]Ky shteg p\u00ebrshkon kodrat e buta n\u00eb per\u00ebndim t\u00eb qytetit t\u00eb Kavaj\u00ebs si dhe bregun e Spilles\u00eb, Deti Adriatik.[\/vc_column_text][vc_empty_space height=&#8221;10px&#8221;][vc_column_text]<a href=\"https:\/\/routes4culture.com\/sq\/tour-item\/itinerari-ii-shtegu-i-liqeneve\/\">M\u00cb SHUM\u00cb<\/a>[\/vc_column_text][vc_empty_space height=&#8221;24px&#8221;][\/vc_column][vc_column width=&#8221;1\/3&#8243; offset=&#8221;vc_hidden-xs&#8221;][vc_raw_html]JTNDaWZyYW1lJTIwc3JjJTNEJTIyaHR0cHMlM0ElMkYlMkZ3d3cuZ29vZ2xlLmNvbSUyRm1hcHMlMkZkJTJGZW1iZWQlM0ZtaWQlM0QxUktZUHhMQkhoTEp3WGF5WFZyci1NX3h4Sm9zamVEWSUyNmVoYmMlM0QyRTMxMkYlMjIlMjB3aWR0aCUzRCUyMjQ4MCUyMiUyMGhlaWdodCUzRCUyMjI4MCUyMiUzRSUzQyUyRmlmcmFtZSUzRQ==[\/vc_raw_html][vc_empty_space height=&#8221;24px&#8221;]<div class=\"qodef-section-title-holder \" >\n\t<div class=\"qodef-st-inner\">\n\t\t\t\t\t\t\t<h3 class=\"qodef-st-title\" >\n\t\t\t\tItinerari III - Shtegu i Pishave\t\t\t<\/h3>\n\t\t\t\t\t<\/div>\n<\/div>[vc_column_text]Pik\u00ebnisja b\u00ebhet nga Kalaja e Bashtov\u00ebs, ku ka dhe mund\u00ebsi parkimi, vijon n\u00eb drejtimin veri-lindor pran\u00eb fshatrave Rreth-Greth..[\/vc_column_text][vc_empty_space height=&#8221;10px&#8221;][vc_column_text]<a href=\"https:\/\/routes4culture.com\/sq\/tour-item\/itinerari-iii-shtegu-i-pishave\/\">M\u00cb SHUM\u00cb<\/a>[\/vc_column_text][vc_empty_space height=&#8221;24px&#8221;][\/vc_column][\/vc_row][vc_row full_width=&#8221;stretch_row&#8221; css=&#8221;.vc_custom_1675987989414{margin-right: 20px !important;margin-left: 20px !important;}&#8221; el_id=&#8221;Mobile&#8221;][vc_column width=&#8221;1\/3&#8243; offset=&#8221;vc_hidden-lg vc_hidden-md vc_hidden-sm&#8221;][vc_raw_html]JTNDaWZyYW1lJTIwc3JjJTNEJTIyaHR0cHMlM0ElMkYlMkZ3d3cuZ29vZ2xlLmNvbSUyRm1hcHMlMkZkJTJGZW1iZWQlM0ZtaWQlM0QxWWFuTm5OaDFqUDhKZVVUZ2VpSGEzdVFPS2VMNm96YyUyNmVoYmMlM0QyRTMxMkYlMjIlMjB3aWR0aCUzRCUyMjQ4MCUyMiUyMGhlaWdodCUzRCUyMjI4MCUyMiUzRSUzQyUyRmlmcmFtZSUzRQ==[\/vc_raw_html][vc_empty_space height=&#8221;24px&#8221;]<div class=\"qodef-section-title-holder \" >\n\t<div class=\"qodef-st-inner\">\n\t\t\t\t\t\t\t<h3 class=\"qodef-st-title\" >\n\t\t\t\tItinerari I - Shtegu mes kodrave me bicikleta\t\t\t<\/h3>\n\t\t\t\t\t<\/div>\n<\/div>[vc_column_text]Ky shteg p\u00ebrshkon kodrat e buta n\u00eb per\u00ebndim t\u00eb qytetit t\u00eb Kavaj\u00ebs duke u nisur nga kalaja e Bashtov\u00ebs, p\u00ebr t\u00eb vijuar n\u00eb lindje..[\/vc_column_text][vc_empty_space height=&#8221;10px&#8221;][vc_column_text]<a href=\"https:\/\/routes4culture.com\/sq\/tour-item\/itinerari-i-shtegu-mes-kodrave-me-bicikleta\/\">M\u00cb SHUM\u00cb<\/a>[\/vc_column_text][vc_empty_space height=&#8221;45px&#8221;][\/vc_column][vc_column width=&#8221;1\/3&#8243; offset=&#8221;vc_hidden-lg vc_hidden-md vc_hidden-sm&#8221;][vc_raw_html]JTNDaWZyYW1lJTIwc3JjJTNEJTIyaHR0cHMlM0ElMkYlMkZ3d3cuZ29vZ2xlLmNvbSUyRm1hcHMlMkZkJTJGZW1iZWQlM0ZtaWQlM0QxNlRHcFoxeEhSSHVuRjdaN1VvTEtJMmFGdHdMOWUyOCUyNmVoYmMlM0QyRTMxMkYlMjIlMjB3aWR0aCUzRCUyMjQ4MCUyMiUyMGhlaWdodCUzRCUyMjI4MCUyMiUzRSUzQyUyRmlmcmFtZSUzRQ==[\/vc_raw_html][vc_empty_space height=&#8221;24px&#8221;]<div class=\"qodef-section-title-holder \" >\n\t<div class=\"qodef-st-inner\">\n\t\t\t\t\t\t\t<h3 class=\"qodef-st-title\" >\n\t\t\t\tItinerari II - Shtegu i Liqeneve\t\t\t<\/h3>\n\t\t\t\t\t<\/div>\n<\/div>[vc_column_text]Ky shteg p\u00ebrshkon kodrat e buta n\u00eb per\u00ebndim t\u00eb qytetit t\u00eb Kavaj\u00ebs si dhe bregun e Spilles\u00eb, Deti Adriatik.[\/vc_column_text][vc_empty_space height=&#8221;10px&#8221;][vc_column_text]<a href=\"https:\/\/routes4culture.com\/sq\/tour-item\/itinerari-ii-shtegu-i-liqeneve\/\">M\u00cb SHUM\u00cb<\/a>[\/vc_column_text][vc_empty_space height=&#8221;45px&#8221;][\/vc_column][vc_column width=&#8221;1\/3&#8243; offset=&#8221;vc_hidden-lg vc_hidden-md vc_hidden-sm&#8221;][vc_raw_html]JTNDaWZyYW1lJTIwc3JjJTNEJTIyaHR0cHMlM0ElMkYlMkZ3d3cuZ29vZ2xlLmNvbSUyRm1hcHMlMkZkJTJGZW1iZWQlM0ZtaWQlM0QxUktZUHhMQkhoTEp3WGF5WFZyci1NX3h4Sm9zamVEWSUyNmVoYmMlM0QyRTMxMkYlMjIlMjB3aWR0aCUzRCUyMjQ4MCUyMiUyMGhlaWdodCUzRCUyMjI4MCUyMiUzRSUzQyUyRmlmcmFtZSUzRQ==[\/vc_raw_html][vc_empty_space height=&#8221;24px&#8221;]<div class=\"qodef-section-title-holder \" >\n\t<div class=\"qodef-st-inner\">\n\t\t\t\t\t\t\t<h3 class=\"qodef-st-title\" >\n\t\t\t\tItinerari III - Shtegu i Pishave\t\t\t<\/h3>\n\t\t\t\t\t<\/div>\n<\/div>[vc_column_text]Pik\u00ebnisja b\u00ebhet nga Kalaja e Bashtov\u00ebs, ku ka dhe mund\u00ebsi parkimi, vijon n\u00eb drejtimin veri-lindor pran\u00eb fshatrave Rreth-Greth..[\/vc_column_text][vc_empty_space height=&#8221;10px&#8221;][vc_column_text]<a href=\"https:\/\/routes4culture.com\/sq\/tour-item\/itinerari-iii-shtegu-i-pishave\/\">M\u00cb SHUM\u00cb<\/a>[\/vc_column_text][vc_empty_space height=&#8221;45px&#8221;][\/vc_column][\/vc_row][vc_row full_width=&#8221;stretch_row&#8221; gap=&#8221;15&#8243; css=&#8221;.vc_custom_1676589815899{margin-right: 70px !important;margin-left: 70px !important;}&#8221; el_id=&#8221;Desktop-Tablet&#8221;][vc_column width=&#8221;1\/3&#8243; offset=&#8221;vc_hidden-xs&#8221;][vc_raw_html]JTNDaWZyYW1lJTIwc3JjJTNEJTIyaHR0cHMlM0ElMkYlMkZ3d3cuZ29vZ2xlLmNvbSUyRm1hcHMlMkZkJTJGZW1iZWQlM0ZtaWQlM0QxbXpkR1loVS02M2dXX2dkTk5rcTdnQ0xFZHh3X2k3RSUyNmVoYmMlM0QyRTMxMkYlMjIlMjB3aWR0aCUzRCUyMjQ4MCUyMiUyMGhlaWdodCUzRCUyMjI4MCUyMiUzRSUzQyUyRmlmcmFtZSUzRQ==[\/vc_raw_html][vc_empty_space height=&#8221;24px&#8221;]<div class=\"qodef-section-title-holder \" >\n\t<div class=\"qodef-st-inner\">\n\t\t\t\t\t\t\t<h3 class=\"qodef-st-title\" >\n\t\t\t\tItinerari IV - Shtegu Venecian\t\t\t<\/h3>\n\t\t\t\t\t<\/div>\n<\/div>[vc_column_text]N\u00eb baz\u00eb t\u00eb studimit dhe analiz\u00ebs paraprake, \u00ebsht\u00eb realizuar ky shteg bashk\u00eb me itinerarin, pasi ofron nj\u00eb peisazh natyror tep\u00ebr intrigues, duke u nisur..[\/vc_column_text][vc_empty_space height=&#8221;10px&#8221;][vc_column_text]<a href=\"https:\/\/routes4culture.com\/sq\/tour-item\/itinerari-iv-shtegu-venecian\/\">M\u00cb SHUM\u00cb<\/a>[\/vc_column_text][vc_empty_space height=&#8221;24px&#8221;][\/vc_column][vc_column width=&#8221;1\/3&#8243; offset=&#8221;vc_hidden-xs&#8221;][\/vc_column][vc_column width=&#8221;1\/3&#8243; offset=&#8221;vc_hidden-xs&#8221;][\/vc_column][\/vc_row][vc_row full_width=&#8221;stretch_row&#8221; css=&#8221;.vc_custom_1676589795166{margin-right: 20px !important;margin-left: 20px !important;}&#8221; el_id=&#8221;Mobile&#8221;][vc_column width=&#8221;1\/3&#8243; offset=&#8221;vc_hidden-lg vc_hidden-md vc_hidden-sm&#8221;][vc_raw_html]JTNDaWZyYW1lJTIwc3JjJTNEJTIyaHR0cHMlM0ElMkYlMkZ3d3cuZ29vZ2xlLmNvbSUyRm1hcHMlMkZkJTJGZW1iZWQlM0ZtaWQlM0QxbXpkR1loVS02M2dXX2dkTk5rcTdnQ0xFZHh3X2k3RSUyNmVoYmMlM0QyRTMxMkYlMjIlMjB3aWR0aCUzRCUyMjQ4MCUyMiUyMGhlaWdodCUzRCUyMjI4MCUyMiUzRSUzQyUyRmlmcmFtZSUzRQ==[\/vc_raw_html][vc_empty_space height=&#8221;24px&#8221;]<div class=\"qodef-section-title-holder \" >\n\t<div class=\"qodef-st-inner\">\n\t\t\t\t\t\t\t<h3 class=\"qodef-st-title\" >\n\t\t\t\tItinerari IV - Shtegu Venecian\t\t\t<\/h3>\n\t\t\t\t\t<\/div>\n<\/div>[vc_column_text]N\u00eb baz\u00eb t\u00eb studimit dhe analiz\u00ebs paraprake, \u00ebsht\u00eb realizuar ky shteg bashk\u00eb me itinerarin, pasi ofron nj\u00eb peisazh natyror tep\u00ebr intrigues, duke u nisur..[\/vc_column_text][vc_empty_space height=&#8221;10px&#8221;][vc_column_text]<a href=\"https:\/\/routes4culture.com\/sq\/tour-item\/itinerari-iv-shtegu-venecian\/\">M\u00cb SHUM\u00cb<\/a>[\/vc_column_text][vc_empty_space height=&#8221;45px&#8221;][\/vc_column][vc_column width=&#8221;1\/3&#8243; offset=&#8221;vc_hidden-lg vc_hidden-md vc_hidden-sm&#8221;][\/vc_column][vc_column width=&#8221;1\/3&#8243; offset=&#8221;vc_hidden-lg vc_hidden-md vc_hidden-sm&#8221;][\/vc_column][\/vc_row][vc_row][vc_column offset=&#8221;vc_hidden-xs&#8221;][vc_empty_space height=&#8221;120px&#8221;][\/vc_column][\/vc_row][vc_row][vc_column offset=&#8221;vc_hidden-lg vc_hidden-md vc_hidden-sm&#8221;][vc_empty_space height=&#8221;80px&#8221;][\/vc_column][\/vc_row]<\/p>\n","protected":false},"excerpt":{"rendered":"<p>[vc_row][vc_column][vc_raw_html]JTNDaWZyYW1lJTIwc3JjJTNEJTIyaHR0cHMlM0ElMkYlMkZ3d3cuZ29vZ2xlLmNvbSUyRm1hcHMlMkZkJTJGZW1iZWQlM0ZtaWQlM0QxM3VCa1NEMllsMmlfZmZvWlAtX1lPX3k4MkdmXzV4YyUyNmVoYmMlM0QyRTMxMkYlMjIlMjB3aWR0aCUzRCUyMjE5MjAlMjIlMjBoZWlnaHQlM0QlMjI4ODAlMjIlM0UlM0MlMkZpZnJhbWUlM0U=[\/vc_raw_html][vc_empty_space height=&#8221;90px&#8221;][vc_column_text] Itineraret [\/vc_column_text][vc_empty_space height=&#8221;50px&#8221;][\/vc_column][\/vc_row][vc_row full_width=&#8221;stretch_row&#8221; gap=&#8221;15&#8243; css=&#8221;.vc_custom_1674690906595{margin-right: 70px !important;margin-left: 70px !important;}&#8221; el_id=&#8221;Desktop-Tablet&#8221;][vc_column width=&#8221;1\/3&#8243; offset=&#8221;vc_hidden-xs&#8221;][vc_raw_html]JTNDaWZyYW1lJTIwc3JjJTNEJTIyaHR0cHMlM0ElMkYlMkZ3d3cuZ29vZ2xlLmNvbSUyRm1hcHMlMkZkJTJGZW1iZWQlM0ZtaWQlM0QxWWFuTm5OaDFqUDhKZVVUZ2VpSGEzdVFPS2VMNm96YyUyNmVoYmMlM0QyRTMxMkYlMjIlMjB3aWR0aCUzRCUyMjQ4MCUyMiUyMGhlaWdodCUzRCUyMjI4MCUyMiUzRSUzQyUyRmlmcmFtZSUzRQ==[\/vc_raw_html][vc_empty_space height=&#8221;24px&#8221;][vc_column_text]Ky shteg p\u00ebrshkon kodrat e buta n\u00eb per\u00ebndim t\u00eb qytetit t\u00eb Kavaj\u00ebs duke u nisur nga kalaja e Bashtov\u00ebs, p\u00ebr t\u00eb vijuar n\u00eb lindje..[\/vc_column_text][vc_empty_space height=&#8221;10px&#8221;][vc_column_text]M\u00cb [&hellip;]<\/p>\n","protected":false},"author":1,"featured_media":0,"parent":0,"menu_order":0,"comment_status":"closed","ping_status":"closed","template":"full-width.php","meta":[],"yoast_head":"<!-- This site is optimized with the Yoast SEO plugin v20.13 - https:\/\/yoast.com\/wordpress\/plugins\/seo\/ -->\n<title>Itineraret | Routes 4 Culture<\/title>\n<meta name=\"description\" content=\"Kat\u00ebr rrug\u00eb (itinerare) t\u00eb reja do t\u00eb t\u00ebrheqin turist\u00eb dhe vizitor\u00eb q\u00eb t\u00eb vijn\u00eb dhe t\u00eb vizitojn\u00eb pika interesante kulturore dhe natyrore n\u00eb Kavaj\u00eb dhe Rrogozhin\u00eb. Ato do t\u00eb nxisin zhvillimin e aktiviteteve t\u00eb reja ekonomike p\u00ebr popullat\u00ebn lokale p\u00ebrmes p\u00ebrfshirjes s\u00eb tyre aktive, ve\u00e7an\u00ebrisht grave dhe t\u00eb rinjve ose shoqatave t\u00eb tyre.\" \/>\n<meta name=\"robots\" content=\"index, follow, max-snippet:-1, max-image-preview:large, max-video-preview:-1\" \/>\n<link rel=\"canonical\" href=\"https:\/\/routes4culture.com\/sq\/itineraret\/\" \/>\n<meta property=\"og:locale\" content=\"sq_AL\" \/>\n<meta property=\"og:type\" content=\"article\" \/>\n<meta property=\"og:title\" content=\"Itineraret | Routes 4 Culture\" \/>\n<meta property=\"og:description\" content=\"Kat\u00ebr rrug\u00eb (itinerare) t\u00eb reja do t\u00eb t\u00ebrheqin turist\u00eb dhe vizitor\u00eb q\u00eb t\u00eb vijn\u00eb dhe t\u00eb vizitojn\u00eb pika interesante kulturore dhe natyrore n\u00eb Kavaj\u00eb dhe Rrogozhin\u00eb. Ato do t\u00eb nxisin zhvillimin e aktiviteteve t\u00eb reja ekonomike p\u00ebr popullat\u00ebn lokale p\u00ebrmes p\u00ebrfshirjes s\u00eb tyre aktive, ve\u00e7an\u00ebrisht grave dhe t\u00eb rinjve ose shoqatave t\u00eb tyre.\" \/>\n<meta property=\"og:url\" content=\"https:\/\/routes4culture.com\/sq\/itineraret\/\" \/>\n<meta property=\"og:site_name\" content=\"Routes 4 Culture\" \/>\n<meta property=\"article:modified_time\" content=\"2023-06-10T13:01:40+00:00\" \/>\n<meta property=\"og:image\" content=\"https:\/\/routes4culture.com\/wp-content\/uploads\/2018\/10\/seo-icon.png\" \/>\n\t<meta property=\"og:image:width\" content=\"1200\" \/>\n\t<meta property=\"og:image:height\" content=\"675\" \/>\n\t<meta property=\"og:image:type\" content=\"image\/png\" \/>\n<meta name=\"twitter:card\" content=\"summary_large_image\" \/>\n<meta name=\"twitter:label1\" content=\"Est. reading time\" \/>\n\t<meta name=\"twitter:data1\" content=\"2 minutes\" \/>\n<script type=\"application\/ld+json\" class=\"yoast-schema-graph\">{\"@context\":\"https:\/\/schema.org\",\"@graph\":[{\"@type\":\"WebPage\",\"@id\":\"https:\/\/routes4culture.com\/sq\/itineraret\/\",\"url\":\"https:\/\/routes4culture.com\/sq\/itineraret\/\",\"name\":\"Itineraret | Routes 4 Culture\",\"isPartOf\":{\"@id\":\"https:\/\/routes4culture.com\/#website\"},\"datePublished\":\"2018-09-10T08:00:47+00:00\",\"dateModified\":\"2023-06-10T13:01:40+00:00\",\"description\":\"Kat\u00ebr rrug\u00eb (itinerare) t\u00eb reja do t\u00eb t\u00ebrheqin turist\u00eb dhe vizitor\u00eb q\u00eb t\u00eb vijn\u00eb dhe t\u00eb vizitojn\u00eb pika interesante kulturore dhe natyrore n\u00eb Kavaj\u00eb dhe Rrogozhin\u00eb. Ato do t\u00eb nxisin zhvillimin e aktiviteteve t\u00eb reja ekonomike p\u00ebr popullat\u00ebn lokale p\u00ebrmes p\u00ebrfshirjes s\u00eb tyre aktive, ve\u00e7an\u00ebrisht grave dhe t\u00eb rinjve ose shoqatave t\u00eb tyre.\",\"breadcrumb\":{\"@id\":\"https:\/\/routes4culture.com\/sq\/itineraret\/#breadcrumb\"},\"inLanguage\":\"sq-AL\",\"potentialAction\":[{\"@type\":\"ReadAction\",\"target\":[\"https:\/\/routes4culture.com\/sq\/itineraret\/\"]}]},{\"@type\":\"BreadcrumbList\",\"@id\":\"https:\/\/routes4culture.com\/sq\/itineraret\/#breadcrumb\",\"itemListElement\":[{\"@type\":\"ListItem\",\"position\":1,\"name\":\"Home\",\"item\":\"https:\/\/routes4culture.com\/\"},{\"@type\":\"ListItem\",\"position\":2,\"name\":\"Itineraret\"}]},{\"@type\":\"WebSite\",\"@id\":\"https:\/\/routes4culture.com\/#website\",\"url\":\"https:\/\/routes4culture.com\/\",\"name\":\"Routes 4 Culture\",\"description\":\"Explore Albania&#039;s Culture\",\"potentialAction\":[{\"@type\":\"SearchAction\",\"target\":{\"@type\":\"EntryPoint\",\"urlTemplate\":\"https:\/\/routes4culture.com\/?s={search_term_string}\"},\"query-input\":\"required name=search_term_string\"}],\"inLanguage\":\"sq-AL\"}]}<\/script>\n<!-- \/ Yoast SEO plugin. -->","yoast_head_json":{"title":"Itineraret | Routes 4 Culture","description":"Kat\u00ebr rrug\u00eb (itinerare) t\u00eb reja do t\u00eb t\u00ebrheqin turist\u00eb dhe vizitor\u00eb q\u00eb t\u00eb vijn\u00eb dhe t\u00eb vizitojn\u00eb pika interesante kulturore dhe natyrore n\u00eb Kavaj\u00eb dhe Rrogozhin\u00eb. Ato do t\u00eb nxisin zhvillimin e aktiviteteve t\u00eb reja ekonomike p\u00ebr popullat\u00ebn lokale p\u00ebrmes p\u00ebrfshirjes s\u00eb tyre aktive, ve\u00e7an\u00ebrisht grave dhe t\u00eb rinjve ose shoqatave t\u00eb tyre.","robots":{"index":"index","follow":"follow","max-snippet":"max-snippet:-1","max-image-preview":"max-image-preview:large","max-video-preview":"max-video-preview:-1"},"canonical":"https:\/\/routes4culture.com\/sq\/itineraret\/","og_locale":"sq_AL","og_type":"article","og_title":"Itineraret | Routes 4 Culture","og_description":"Kat\u00ebr rrug\u00eb (itinerare) t\u00eb reja do t\u00eb t\u00ebrheqin turist\u00eb dhe vizitor\u00eb q\u00eb t\u00eb vijn\u00eb dhe t\u00eb vizitojn\u00eb pika interesante kulturore dhe natyrore n\u00eb Kavaj\u00eb dhe Rrogozhin\u00eb. Ato do t\u00eb nxisin zhvillimin e aktiviteteve t\u00eb reja ekonomike p\u00ebr popullat\u00ebn lokale p\u00ebrmes p\u00ebrfshirjes s\u00eb tyre aktive, ve\u00e7an\u00ebrisht grave dhe t\u00eb rinjve ose shoqatave t\u00eb tyre.","og_url":"https:\/\/routes4culture.com\/sq\/itineraret\/","og_site_name":"Routes 4 Culture","article_modified_time":"2023-06-10T13:01:40+00:00","og_image":[{"width":1200,"height":675,"url":"https:\/\/routes4culture.com\/wp-content\/uploads\/2018\/10\/seo-icon.png","type":"image\/png"}],"twitter_card":"summary_large_image","twitter_misc":{"Est. reading time":"2 minutes"},"schema":{"@context":"https:\/\/schema.org","@graph":[{"@type":"WebPage","@id":"https:\/\/routes4culture.com\/sq\/itineraret\/","url":"https:\/\/routes4culture.com\/sq\/itineraret\/","name":"Itineraret | Routes 4 Culture","isPartOf":{"@id":"https:\/\/routes4culture.com\/#website"},"datePublished":"2018-09-10T08:00:47+00:00","dateModified":"2023-06-10T13:01:40+00:00","description":"Kat\u00ebr rrug\u00eb (itinerare) t\u00eb reja do t\u00eb t\u00ebrheqin turist\u00eb dhe vizitor\u00eb q\u00eb t\u00eb vijn\u00eb dhe t\u00eb vizitojn\u00eb pika interesante kulturore dhe natyrore n\u00eb Kavaj\u00eb dhe Rrogozhin\u00eb. Ato do t\u00eb nxisin zhvillimin e aktiviteteve t\u00eb reja ekonomike p\u00ebr popullat\u00ebn lokale p\u00ebrmes p\u00ebrfshirjes s\u00eb tyre aktive, ve\u00e7an\u00ebrisht grave dhe t\u00eb rinjve ose shoqatave t\u00eb tyre.","breadcrumb":{"@id":"https:\/\/routes4culture.com\/sq\/itineraret\/#breadcrumb"},"inLanguage":"sq-AL","potentialAction":[{"@type":"ReadAction","target":["https:\/\/routes4culture.com\/sq\/itineraret\/"]}]},{"@type":"BreadcrumbList","@id":"https:\/\/routes4culture.com\/sq\/itineraret\/#breadcrumb","itemListElement":[{"@type":"ListItem","position":1,"name":"Home","item":"https:\/\/routes4culture.com\/"},{"@type":"ListItem","position":2,"name":"Itineraret"}]},{"@type":"WebSite","@id":"https:\/\/routes4culture.com\/#website","url":"https:\/\/routes4culture.com\/","name":"Routes 4 Culture","description":"Explore Albania&#039;s Culture","potentialAction":[{"@type":"SearchAction","target":{"@type":"EntryPoint","urlTemplate":"https:\/\/routes4culture.com\/?s={search_term_string}"},"query-input":"required name=search_term_string"}],"inLanguage":"sq-AL"}]}},"_links":{"self":[{"href":"https:\/\/routes4culture.com\/sq\/wp-json\/wp\/v2\/pages\/7266"}],"collection":[{"href":"https:\/\/routes4culture.com\/sq\/wp-json\/wp\/v2\/pages"}],"about":[{"href":"https:\/\/routes4culture.com\/sq\/wp-json\/wp\/v2\/types\/page"}],"author":[{"embeddable":true,"href":"https:\/\/routes4culture.com\/sq\/wp-json\/wp\/v2\/users\/1"}],"replies":[{"embeddable":true,"href":"https:\/\/routes4culture.com\/sq\/wp-json\/wp\/v2\/comments?post=7266"}],"version-history":[{"count":16,"href":"https:\/\/routes4culture.com\/sq\/wp-json\/wp\/v2\/pages\/7266\/revisions"}],"predecessor-version":[{"id":7312,"href":"https:\/\/routes4culture.com\/sq\/wp-json\/wp\/v2\/pages\/7266\/revisions\/7312"}],"wp:attachment":[{"href":"https:\/\/routes4culture.com\/sq\/wp-json\/wp\/v2\/media?parent=7266"}],"curies":[{"name":"wp","href":"https:\/\/api.w.org\/{rel}","templated":true}]}}