{"id":7305,"date":"2018-09-10T09:00:47","date_gmt":"2018-09-10T08:00:47","guid":{"rendered":"https:\/\/routes4culture.com\/points-of-interest\/pikat-natyrore\/"},"modified":"2023-06-16T12:24:27","modified_gmt":"2023-06-16T11:24:27","slug":"pikat-natyrore","status":"publish","type":"page","link":"https:\/\/routes4culture.com\/sq\/points-of-interest\/pikat-natyrore\/","title":{"rendered":"Pikat Natyrore"},"content":{"rendered":"<p>[vc_row][vc_column][vc_empty_space height=&#8221;120px&#8221;][\/vc_column][\/vc_row][vc_row full_width=&#8221;stretch_row&#8221; gap=&#8221;15&#8243; css=&#8221;.vc_custom_1674690906595{margin-right: 70px !important;margin-left: 70px !important;}&#8221; el_id=&#8221;Desktop-Tablet&#8221;][vc_column width=&#8221;1\/3&#8243; offset=&#8221;vc_hidden-xs&#8221;][vc_single_image image=&#8221;6737&#8243; img_size=&#8221;large&#8221;][vc_empty_space height=&#8221;24px&#8221;]<div class=\"qodef-section-title-holder \" >\n\t<div class=\"qodef-st-inner\">\n\t\t\t\t\t\t\t<h3 class=\"qodef-st-title\" >\n\t\t\t\tBurimi prane fshatit Beden\t\t\t<\/h3>\n\t\t\t\t\t<\/div>\n<\/div>[vc_column_text]N\u00eb nj\u00eb distanc\u00eb rreth 1 km n\u00eb lindje t\u00eb qendr\u00ebs s\u00eb fshatit Spille ndodhet nj\u00eb atraksion turistik, nj\u00eb burim uji natyror.[\/vc_column_text][vc_empty_space height=&#8221;10px&#8221;][vc_column_text]<a href=\"https:\/\/routes4culture.com\/sq\/destinations\/burimi-prane-fshatit-spille\/\">M\u00cb SHUM\u00cb<\/a>[\/vc_column_text][vc_empty_space height=&#8221;24px&#8221;][\/vc_column][vc_column width=&#8221;1\/3&#8243; offset=&#8221;vc_hidden-xs&#8221;][vc_single_image image=&#8221;6740&#8243; img_size=&#8221;full&#8221;][vc_empty_space height=&#8221;24px&#8221;]<div class=\"qodef-section-title-holder \" >\n\t<div class=\"qodef-st-inner\">\n\t\t\t\t\t\t\t<h3 class=\"qodef-st-title\" >\n\t\t\t\tPylli i Bedenit\t\t\t<\/h3>\n\t\t\t\t\t<\/div>\n<\/div>[vc_column_text]Pylli i Bedenit shtrihet n\u00eb per\u00ebndim t\u00eb fshatit me t\u00eb nj\u00ebjtin em\u00ebr n\u00eb zon\u00ebn e Kavaj\u00ebs. Ka nj\u00eb sip\u00ebrfaqe prej rreth 300 ha, e p\u00ebrb\u00ebr\u00eb nga pyje t\u00eb ndryshme..[\/vc_column_text][vc_empty_space height=&#8221;10px&#8221;][vc_column_text]<a href=\"https:\/\/routes4culture.com\/sq\/destinations\/pylli-i-bedenit\/\">M\u00cb SHUM\u00cb<\/a>[\/vc_column_text][vc_empty_space height=&#8221;24px&#8221;][\/vc_column][vc_column width=&#8221;1\/3&#8243; offset=&#8221;vc_hidden-xs&#8221;][vc_single_image image=&#8221;6330&#8243; img_size=&#8221;full&#8221;][vc_empty_space height=&#8221;24px&#8221;]<div class=\"qodef-section-title-holder \" >\n\t<div class=\"qodef-st-inner\">\n\t\t\t\t\t\t\t<h3 class=\"qodef-st-title\" >\n\t\t\t\tPyllI me pisha\t\t\t<\/h3>\n\t\t\t\t\t<\/div>\n<\/div>[vc_column_text]Kombinimi i pishave t\u00eb buta p\u00ebrgjat\u00eb vij\u00ebs bregdetare me bregun ranor \u00ebsht\u00eb perfekt. Ecja n\u00eb pyll \u00ebsht\u00eb nj\u00eb p\u00ebrvoj\u00eb shum\u00eb e bukur..[\/vc_column_text][vc_empty_space height=&#8221;10px&#8221;][vc_column_text]<a href=\"https:\/\/routes4culture.com\/sq\/destinations\/pylli-me-pisha\/\">M\u00cb SHUM\u00cb<\/a>[\/vc_column_text][vc_empty_space height=&#8221;24px&#8221;][\/vc_column][\/vc_row][vc_row full_width=&#8221;stretch_row&#8221; css=&#8221;.vc_custom_1674691252399{margin-right: 20px !important;margin-left: 20px !important;}&#8221; el_id=&#8221;Mobile&#8221;][vc_column width=&#8221;1\/3&#8243; offset=&#8221;vc_hidden-lg vc_hidden-md vc_hidden-sm&#8221;][vc_single_image image=&#8221;6737&#8243; img_size=&#8221;large&#8221;][vc_empty_space height=&#8221;24px&#8221;]<div class=\"qodef-section-title-holder \" >\n\t<div class=\"qodef-st-inner\">\n\t\t\t\t\t\t\t<h3 class=\"qodef-st-title\" >\n\t\t\t\tBurimi prane fshatit Beden\t\t\t<\/h3>\n\t\t\t\t\t<\/div>\n<\/div>[vc_column_text]N\u00eb nj\u00eb distanc\u00eb rreth 1 km n\u00eb lindje t\u00eb qendr\u00ebs s\u00eb fshatit Spille ndodhet nj\u00eb atraksion turistik, nj\u00eb burim uji natyror.[\/vc_column_text][vc_empty_space height=&#8221;10px&#8221;][vc_column_text]<a href=\"https:\/\/routes4culture.com\/sq\/destinations\/burimi-prane-fshatit-spille\/\">M\u00cb SHUM\u00cb<\/a>[\/vc_column_text][vc_empty_space height=&#8221;45px&#8221;][\/vc_column][vc_column width=&#8221;1\/3&#8243; offset=&#8221;vc_hidden-lg vc_hidden-md vc_hidden-sm&#8221;][vc_single_image image=&#8221;6740&#8243; img_size=&#8221;full&#8221;][vc_empty_space height=&#8221;24px&#8221;]<div class=\"qodef-section-title-holder \" >\n\t<div class=\"qodef-st-inner\">\n\t\t\t\t\t\t\t<h3 class=\"qodef-st-title\" >\n\t\t\t\tPylli i Bedenit\t\t\t<\/h3>\n\t\t\t\t\t<\/div>\n<\/div>[vc_column_text]Pylli i Bedenit shtrihet n\u00eb per\u00ebndim t\u00eb fshatit me t\u00eb nj\u00ebjtin em\u00ebr n\u00eb zon\u00ebn e Kavaj\u00ebs. Ka nj\u00eb sip\u00ebrfaqe prej rreth 300 ha, e p\u00ebrb\u00ebr\u00eb nga pyje t\u00eb ndryshme..[\/vc_column_text][vc_empty_space height=&#8221;10px&#8221;][vc_column_text]<a href=\"https:\/\/routes4culture.com\/sq\/destinations\/pylli-i-bedenit\/\">M\u00cb SHUM\u00cb<\/a>[\/vc_column_text][vc_empty_space height=&#8221;45px&#8221;][\/vc_column][vc_column width=&#8221;1\/3&#8243; offset=&#8221;vc_hidden-lg vc_hidden-md vc_hidden-sm&#8221;][vc_single_image image=&#8221;6330&#8243; img_size=&#8221;full&#8221;][vc_empty_space height=&#8221;24px&#8221;]<div class=\"qodef-section-title-holder \" >\n\t<div class=\"qodef-st-inner\">\n\t\t\t\t\t\t\t<h3 class=\"qodef-st-title\" >\n\t\t\t\tPyllI me pisha\t\t\t<\/h3>\n\t\t\t\t\t<\/div>\n<\/div>[vc_column_text]Kombinimi i pishave t\u00eb buta p\u00ebrgjat\u00eb vij\u00ebs bregdetare me bregun ranor \u00ebsht\u00eb perfekt. Ecja n\u00eb pyll \u00ebsht\u00eb nj\u00eb p\u00ebrvoj\u00eb shum\u00eb e bukur..[\/vc_column_text][vc_empty_space height=&#8221;10px&#8221;][vc_column_text]<a href=\"https:\/\/routes4culture.com\/sq\/destinations\/pylli-me-pisha\/\">M\u00cb SHUM\u00cb<\/a>[\/vc_column_text][vc_empty_space height=&#8221;45px&#8221;][\/vc_column][\/vc_row][vc_row][vc_column offset=&#8221;vc_hidden-xs&#8221;][vc_empty_space height=&#8221;60px&#8221;][\/vc_column][\/vc_row][vc_row full_width=&#8221;stretch_row&#8221; gap=&#8221;15&#8243; css=&#8221;.vc_custom_1674693318512{margin-right: 70px !important;margin-left: 70px !important;}&#8221; el_id=&#8221;Desktop-Tablet&#8221;][vc_column width=&#8221;1\/3&#8243; offset=&#8221;vc_hidden-xs&#8221;][vc_single_image image=&#8221;6283&#8243; img_size=&#8221;large&#8221;][vc_empty_space height=&#8221;24px&#8221;]<div class=\"qodef-section-title-holder \" >\n\t<div class=\"qodef-st-inner\">\n\t\t\t\t\t\t\t<h3 class=\"qodef-st-title\" >\n\t\t\t\tPlazhi i Karpenit\t\t\t<\/h3>\n\t\t\t\t\t<\/div>\n<\/div>[vc_column_text]Bazuar n\u00eb t\u00eb gjitha rezultatet e marra gjat\u00eb pun\u00ebs s\u00eb kryer n\u00eb t\u00eb dyja fazat, at\u00eb t\u00eb analiz\u00ebs dhe pas vizit\u00ebs n\u00eb terren, studimi p\u00ebr final..[\/vc_column_text][vc_empty_space height=&#8221;10px&#8221;][vc_column_text]<a href=\"https:\/\/routes4culture.com\/sq\/destinations\/plazhi-i-karpenit\/\">M\u00cb SHUM\u00cb<\/a>[\/vc_column_text][vc_empty_space height=&#8221;24px&#8221;][\/vc_column][vc_column width=&#8221;1\/3&#8243; offset=&#8221;vc_hidden-xs&#8221;][vc_single_image image=&#8221;6291&#8243; img_size=&#8221;full&#8221;][vc_empty_space height=&#8221;24px&#8221;]<div class=\"qodef-section-title-holder \" >\n\t<div class=\"qodef-st-inner\">\n\t\t\t\t\t\t\t<h3 class=\"qodef-st-title\" >\n\t\t\t\tPlazhi i Gjeneralit\t\t\t<\/h3>\n\t\t\t\t\t<\/div>\n<\/div>[vc_column_text]Plazhi i Gjeneralit \u00ebsht\u00eb pjesa m\u00eb e bukur dhe m\u00eb t\u00ebrheq\u00ebse e t\u00eb gjith\u00eb Rivier\u00ebs s\u00eb Kavaj\u00ebs, e p\u00ebrb\u00ebr\u00eb nga 30 km vij\u00eb bregdetare, e cila shfaqet sa m\u00eb shpejt..[\/vc_column_text][vc_empty_space height=&#8221;10px&#8221;][vc_column_text]<a href=\"https:\/\/routes4culture.com\/sq\/destinations\/plazhi-i-gjeneralit\/\">M\u00cb SHUM\u00cb<\/a>[\/vc_column_text][vc_empty_space height=&#8221;24px&#8221;][\/vc_column][vc_column width=&#8221;1\/3&#8243; offset=&#8221;vc_hidden-xs&#8221;][\/vc_column][\/vc_row][vc_row full_width=&#8221;stretch_row&#8221; css=&#8221;.vc_custom_1674693339712{margin-right: 20px !important;margin-left: 20px !important;}&#8221; el_id=&#8221;Mobile&#8221;][vc_column width=&#8221;1\/3&#8243; offset=&#8221;vc_hidden-lg vc_hidden-md vc_hidden-sm&#8221;][vc_single_image image=&#8221;6283&#8243; img_size=&#8221;large&#8221;][vc_empty_space height=&#8221;24px&#8221;]<div class=\"qodef-section-title-holder \" >\n\t<div class=\"qodef-st-inner\">\n\t\t\t\t\t\t\t<h3 class=\"qodef-st-title\" >\n\t\t\t\tPlazhi i Karpenit\t\t\t<\/h3>\n\t\t\t\t\t<\/div>\n<\/div>[vc_column_text]Bazuar n\u00eb t\u00eb gjitha rezultatet e marra gjat\u00eb pun\u00ebs s\u00eb kryer n\u00eb t\u00eb dyja fazat, at\u00eb t\u00eb analiz\u00ebs dhe pas vizit\u00ebs n\u00eb terren, studimi p\u00ebr final..[\/vc_column_text][vc_empty_space height=&#8221;10px&#8221;][vc_column_text]<a href=\"https:\/\/routes4culture.com\/sq\/destinations\/plazhi-i-karpenit\/\">M\u00cb SHUM\u00cb<\/a>[\/vc_column_text][vc_empty_space height=&#8221;45px&#8221;][\/vc_column][vc_column width=&#8221;1\/3&#8243; offset=&#8221;vc_hidden-lg vc_hidden-md vc_hidden-sm&#8221;][vc_single_image image=&#8221;6291&#8243; img_size=&#8221;full&#8221;][vc_empty_space height=&#8221;24px&#8221;]<div class=\"qodef-section-title-holder \" >\n\t<div class=\"qodef-st-inner\">\n\t\t\t\t\t\t\t<h3 class=\"qodef-st-title\" >\n\t\t\t\tPlazhi i Gjeneralit\t\t\t<\/h3>\n\t\t\t\t\t<\/div>\n<\/div>[vc_column_text]Plazhi i Gjeneralit \u00ebsht\u00eb pjesa m\u00eb e bukur dhe m\u00eb t\u00ebrheq\u00ebse e t\u00eb gjith\u00eb Rivier\u00ebs s\u00eb Kavaj\u00ebs, e p\u00ebrb\u00ebr\u00eb nga 30 km vij\u00eb bregdetare, e cila shfaqet sa m\u00eb shpejt..[\/vc_column_text][vc_empty_space height=&#8221;10px&#8221;][vc_column_text]<a href=\"https:\/\/routes4culture.com\/sq\/destinations\/plazhi-i-gjeneralit\/\">M\u00cb SHUM\u00cb<\/a>[\/vc_column_text][vc_empty_space height=&#8221;45px&#8221;][\/vc_column][vc_column width=&#8221;1\/3&#8243; offset=&#8221;vc_hidden-lg vc_hidden-md vc_hidden-sm&#8221;][\/vc_column][\/vc_row][vc_row][vc_column offset=&#8221;vc_hidden-xs&#8221;][vc_empty_space height=&#8221;120px&#8221;][\/vc_column][\/vc_row][vc_row][vc_column offset=&#8221;vc_hidden-lg vc_hidden-md vc_hidden-sm&#8221;][vc_empty_space height=&#8221;50px&#8221;][\/vc_column][\/vc_row]<\/p>\n","protected":false},"excerpt":{"rendered":"<p>[vc_row][vc_column][vc_empty_space height=&#8221;120px&#8221;][\/vc_column][\/vc_row][vc_row full_width=&#8221;stretch_row&#8221; gap=&#8221;15&#8243; css=&#8221;.vc_custom_1674690906595{margin-right: 70px !important;margin-left: 70px !important;}&#8221; el_id=&#8221;Desktop-Tablet&#8221;][vc_column width=&#8221;1\/3&#8243; offset=&#8221;vc_hidden-xs&#8221;][vc_single_image image=&#8221;6737&#8243; img_size=&#8221;large&#8221;][vc_empty_space height=&#8221;24px&#8221;][vc_column_text]N\u00eb nj\u00eb distanc\u00eb rreth 1 km n\u00eb lindje t\u00eb qendr\u00ebs s\u00eb fshatit Spille ndodhet nj\u00eb atraksion turistik, nj\u00eb burim uji natyror.[\/vc_column_text][vc_empty_space height=&#8221;10px&#8221;][vc_column_text]M\u00cb SHUM\u00cb[\/vc_column_text][vc_empty_space height=&#8221;24px&#8221;][\/vc_column][vc_column width=&#8221;1\/3&#8243; offset=&#8221;vc_hidden-xs&#8221;][vc_single_image [&hellip;]<\/p>\n","protected":false},"author":1,"featured_media":6331,"parent":7243,"menu_order":0,"comment_status":"closed","ping_status":"closed","template":"full-width.php","meta":[],"yoast_head":"<!-- This site is optimized with the Yoast SEO plugin v20.13 - https:\/\/yoast.com\/wordpress\/plugins\/seo\/ -->\n<title>Pikat Natyrore | Routes 4 Culture<\/title>\n<meta name=\"robots\" content=\"index, follow, max-snippet:-1, max-image-preview:large, max-video-preview:-1\" \/>\n<link rel=\"canonical\" href=\"https:\/\/routes4culture.com\/sq\/points-of-interest\/pikat-natyrore\/\" \/>\n<meta property=\"og:locale\" content=\"sq_AL\" \/>\n<meta property=\"og:type\" content=\"article\" \/>\n<meta property=\"og:title\" content=\"Pikat Natyrore | Routes 4 Culture\" \/>\n<meta property=\"og:description\" content=\"[vc_row][vc_column][vc_empty_space height=&#8221;120px&#8221;][\/vc_column][\/vc_row][vc_row full_width=&#8221;stretch_row&#8221; gap=&#8221;15&#8243; css=&#8221;.vc_custom_1674690906595{margin-right: 70px !important;margin-left: 70px !important;}&#8221; el_id=&#8221;Desktop-Tablet&#8221;][vc_column width=&#8221;1\/3&#8243; offset=&#8221;vc_hidden-xs&#8221;][vc_single_image image=&#8221;6737&#8243; img_size=&#8221;large&#8221;][vc_empty_space height=&#8221;24px&#8221;][vc_column_text]N\u00eb nj\u00eb distanc\u00eb rreth 1 km n\u00eb lindje t\u00eb qendr\u00ebs s\u00eb fshatit Spille ndodhet nj\u00eb atraksion turistik, nj\u00eb burim uji natyror.[\/vc_column_text][vc_empty_space height=&#8221;10px&#8221;][vc_column_text]M\u00cb SHUM\u00cb[\/vc_column_text][vc_empty_space height=&#8221;24px&#8221;][\/vc_column][vc_column width=&#8221;1\/3&#8243; offset=&#8221;vc_hidden-xs&#8221;][vc_single_image [&hellip;]\" \/>\n<meta property=\"og:url\" content=\"https:\/\/routes4culture.com\/sq\/points-of-interest\/pikat-natyrore\/\" \/>\n<meta property=\"og:site_name\" content=\"Routes 4 Culture\" \/>\n<meta property=\"article:modified_time\" content=\"2023-06-16T11:24:27+00:00\" \/>\n<meta property=\"og:image\" content=\"https:\/\/routes4culture.com\/wp-content\/uploads\/2023\/01\/pine-forest-natural-points.jpg\" \/>\n\t<meta property=\"og:image:width\" content=\"1600\" \/>\n\t<meta property=\"og:image:height\" content=\"1200\" \/>\n\t<meta property=\"og:image:type\" content=\"image\/jpeg\" \/>\n<meta name=\"twitter:card\" content=\"summary_large_image\" \/>\n<meta name=\"twitter:label1\" content=\"Est. reading time\" \/>\n\t<meta name=\"twitter:data1\" content=\"2 minutes\" \/>\n<script type=\"application\/ld+json\" class=\"yoast-schema-graph\">{\"@context\":\"https:\/\/schema.org\",\"@graph\":[{\"@type\":\"WebPage\",\"@id\":\"https:\/\/routes4culture.com\/sq\/points-of-interest\/pikat-natyrore\/\",\"url\":\"https:\/\/routes4culture.com\/sq\/points-of-interest\/pikat-natyrore\/\",\"name\":\"Pikat Natyrore | Routes 4 Culture\",\"isPartOf\":{\"@id\":\"https:\/\/routes4culture.com\/#website\"},\"datePublished\":\"2018-09-10T08:00:47+00:00\",\"dateModified\":\"2023-06-16T11:24:27+00:00\",\"breadcrumb\":{\"@id\":\"https:\/\/routes4culture.com\/sq\/points-of-interest\/pikat-natyrore\/#breadcrumb\"},\"inLanguage\":\"sq-AL\",\"potentialAction\":[{\"@type\":\"ReadAction\",\"target\":[\"https:\/\/routes4culture.com\/sq\/points-of-interest\/pikat-natyrore\/\"]}]},{\"@type\":\"BreadcrumbList\",\"@id\":\"https:\/\/routes4culture.com\/sq\/points-of-interest\/pikat-natyrore\/#breadcrumb\",\"itemListElement\":[{\"@type\":\"ListItem\",\"position\":1,\"name\":\"Home\",\"item\":\"https:\/\/routes4culture.com\/\"},{\"@type\":\"ListItem\",\"position\":2,\"name\":\"Pikat e Interesit\",\"item\":\"https:\/\/routes4culture.com\/sq\/points-of-interest\/\"},{\"@type\":\"ListItem\",\"position\":3,\"name\":\"Pikat Natyrore\"}]},{\"@type\":\"WebSite\",\"@id\":\"https:\/\/routes4culture.com\/#website\",\"url\":\"https:\/\/routes4culture.com\/\",\"name\":\"Routes 4 Culture\",\"description\":\"Explore Albania&#039;s Culture\",\"potentialAction\":[{\"@type\":\"SearchAction\",\"target\":{\"@type\":\"EntryPoint\",\"urlTemplate\":\"https:\/\/routes4culture.com\/?s={search_term_string}\"},\"query-input\":\"required name=search_term_string\"}],\"inLanguage\":\"sq-AL\"}]}<\/script>\n<!-- \/ Yoast SEO plugin. -->","yoast_head_json":{"title":"Pikat Natyrore | Routes 4 Culture","robots":{"index":"index","follow":"follow","max-snippet":"max-snippet:-1","max-image-preview":"max-image-preview:large","max-video-preview":"max-video-preview:-1"},"canonical":"https:\/\/routes4culture.com\/sq\/points-of-interest\/pikat-natyrore\/","og_locale":"sq_AL","og_type":"article","og_title":"Pikat Natyrore | Routes 4 Culture","og_description":"[vc_row][vc_column][vc_empty_space height=&#8221;120px&#8221;][\/vc_column][\/vc_row][vc_row full_width=&#8221;stretch_row&#8221; gap=&#8221;15&#8243; css=&#8221;.vc_custom_1674690906595{margin-right: 70px !important;margin-left: 70px !important;}&#8221; el_id=&#8221;Desktop-Tablet&#8221;][vc_column width=&#8221;1\/3&#8243; offset=&#8221;vc_hidden-xs&#8221;][vc_single_image image=&#8221;6737&#8243; img_size=&#8221;large&#8221;][vc_empty_space height=&#8221;24px&#8221;][vc_column_text]N\u00eb nj\u00eb distanc\u00eb rreth 1 km n\u00eb lindje t\u00eb qendr\u00ebs s\u00eb fshatit Spille ndodhet nj\u00eb atraksion turistik, nj\u00eb burim uji natyror.[\/vc_column_text][vc_empty_space height=&#8221;10px&#8221;][vc_column_text]M\u00cb SHUM\u00cb[\/vc_column_text][vc_empty_space height=&#8221;24px&#8221;][\/vc_column][vc_column width=&#8221;1\/3&#8243; offset=&#8221;vc_hidden-xs&#8221;][vc_single_image [&hellip;]","og_url":"https:\/\/routes4culture.com\/sq\/points-of-interest\/pikat-natyrore\/","og_site_name":"Routes 4 Culture","article_modified_time":"2023-06-16T11:24:27+00:00","og_image":[{"width":1600,"height":1200,"url":"https:\/\/routes4culture.com\/wp-content\/uploads\/2023\/01\/pine-forest-natural-points.jpg","type":"image\/jpeg"}],"twitter_card":"summary_large_image","twitter_misc":{"Est. reading time":"2 minutes"},"schema":{"@context":"https:\/\/schema.org","@graph":[{"@type":"WebPage","@id":"https:\/\/routes4culture.com\/sq\/points-of-interest\/pikat-natyrore\/","url":"https:\/\/routes4culture.com\/sq\/points-of-interest\/pikat-natyrore\/","name":"Pikat Natyrore | Routes 4 Culture","isPartOf":{"@id":"https:\/\/routes4culture.com\/#website"},"datePublished":"2018-09-10T08:00:47+00:00","dateModified":"2023-06-16T11:24:27+00:00","breadcrumb":{"@id":"https:\/\/routes4culture.com\/sq\/points-of-interest\/pikat-natyrore\/#breadcrumb"},"inLanguage":"sq-AL","potentialAction":[{"@type":"ReadAction","target":["https:\/\/routes4culture.com\/sq\/points-of-interest\/pikat-natyrore\/"]}]},{"@type":"BreadcrumbList","@id":"https:\/\/routes4culture.com\/sq\/points-of-interest\/pikat-natyrore\/#breadcrumb","itemListElement":[{"@type":"ListItem","position":1,"name":"Home","item":"https:\/\/routes4culture.com\/"},{"@type":"ListItem","position":2,"name":"Pikat e Interesit","item":"https:\/\/routes4culture.com\/sq\/points-of-interest\/"},{"@type":"ListItem","position":3,"name":"Pikat Natyrore"}]},{"@type":"WebSite","@id":"https:\/\/routes4culture.com\/#website","url":"https:\/\/routes4culture.com\/","name":"Routes 4 Culture","description":"Explore Albania&#039;s Culture","potentialAction":[{"@type":"SearchAction","target":{"@type":"EntryPoint","urlTemplate":"https:\/\/routes4culture.com\/?s={search_term_string}"},"query-input":"required name=search_term_string"}],"inLanguage":"sq-AL"}]}},"_links":{"self":[{"href":"https:\/\/routes4culture.com\/sq\/wp-json\/wp\/v2\/pages\/7305"}],"collection":[{"href":"https:\/\/routes4culture.com\/sq\/wp-json\/wp\/v2\/pages"}],"about":[{"href":"https:\/\/routes4culture.com\/sq\/wp-json\/wp\/v2\/types\/page"}],"author":[{"embeddable":true,"href":"https:\/\/routes4culture.com\/sq\/wp-json\/wp\/v2\/users\/1"}],"replies":[{"embeddable":true,"href":"https:\/\/routes4culture.com\/sq\/wp-json\/wp\/v2\/comments?post=7305"}],"version-history":[{"count":5,"href":"https:\/\/routes4culture.com\/sq\/wp-json\/wp\/v2\/pages\/7305\/revisions"}],"predecessor-version":[{"id":7351,"href":"https:\/\/routes4culture.com\/sq\/wp-json\/wp\/v2\/pages\/7305\/revisions\/7351"}],"up":[{"embeddable":true,"href":"https:\/\/routes4culture.com\/sq\/wp-json\/wp\/v2\/pages\/7243"}],"wp:featuredmedia":[{"embeddable":true,"href":"https:\/\/routes4culture.com\/sq\/wp-json\/wp\/v2\/media\/6331"}],"wp:attachment":[{"href":"https:\/\/routes4culture.com\/sq\/wp-json\/wp\/v2\/media?parent=7305"}],"curies":[{"name":"wp","href":"https:\/\/api.w.org\/{rel}","templated":true}]}}