{"id":7316,"date":"2018-09-10T09:00:47","date_gmt":"2018-09-10T08:00:47","guid":{"rendered":"https:\/\/routes4culture.com\/points-of-interest\/monumentet-e-kultures\/"},"modified":"2023-06-13T10:48:03","modified_gmt":"2023-06-13T09:48:03","slug":"monumentet-e-kultures","status":"publish","type":"page","link":"https:\/\/routes4culture.com\/sq\/points-of-interest\/monumentet-e-kultures\/","title":{"rendered":"Monumentet e Kultur\u00ebs"},"content":{"rendered":"<p>[vc_row][vc_column][vc_empty_space height=&#8221;120px&#8221;][\/vc_column][\/vc_row][vc_row full_width=&#8221;stretch_row&#8221; gap=&#8221;15&#8243; css=&#8221;.vc_custom_1674690906595{margin-right: 70px !important;margin-left: 70px !important;}&#8221; el_id=&#8221;Desktop-Tablet&#8221;][vc_column width=&#8221;1\/3&#8243; offset=&#8221;vc_hidden-xs&#8221;][vc_single_image image=&#8221;6346&#8243; img_size=&#8221;large&#8221;][vc_empty_space height=&#8221;24px&#8221;]<div class=\"qodef-section-title-holder \" >\n\t<div class=\"qodef-st-inner\">\n\t\t\t\t\t\t\t<h3 class=\"qodef-st-title\" >\n\t\t\t\tUra e Bukaqit\t\t\t<\/h3>\n\t\t\t\t\t<\/div>\n<\/div>[vc_column_text]Ura e Bukaqit, e nd\u00ebrtuar mbi p\u00ebrroin e Fok\u00ebs, ndodhet rreth 2 km, n\u00eb jugper\u00ebndim t\u00eb qytetit t\u00eb Kavaj\u00ebs, n\u00eb fshatin Bukaq.[\/vc_column_text][vc_empty_space height=&#8221;10px&#8221;][vc_column_text]<a href=\"https:\/\/routes4culture.com\/destinations\/bukaq-bridge\/\">M\u00cb SHUM\u00cb<\/a>[\/vc_column_text][vc_empty_space height=&#8221;24px&#8221;][\/vc_column][vc_column width=&#8221;1\/3&#8243; offset=&#8221;vc_hidden-xs&#8221;][vc_single_image image=&#8221;6358&#8243; img_size=&#8221;large&#8221;][vc_empty_space height=&#8221;24px&#8221;]<div class=\"qodef-section-title-holder \" >\n\t<div class=\"qodef-st-inner\">\n\t\t\t\t\t\t\t<h3 class=\"qodef-st-title\" >\n\t\t\t\tNd\u00ebrtesa e Muzeut Etnografik\t\t\t<\/h3>\n\t\t\t\t\t<\/div>\n<\/div>[vc_column_text]Muzeu Etnografik n\u00eb Kavaj\u00eb ndodhet n\u00eb lagjen Skuraj t\u00eb qytetit t\u00eb Kavaj\u00ebs. \u00cbsht\u00eb i rrethuar nga sht\u00ebpi t\u00eb tjera relativisht t\u00eb ul\u00ebta, nj\u00eb, dy ose tre kate.[\/vc_column_text][vc_empty_space height=&#8221;10px&#8221;][vc_column_text]<a href=\"https:\/\/routes4culture.com\/destinations\/ethnographic-museum-building\/\">M\u00cb SHUM\u00cb<\/a>[\/vc_column_text][vc_empty_space height=&#8221;24px&#8221;][\/vc_column][vc_column width=&#8221;1\/3&#8243; offset=&#8221;vc_hidden-xs&#8221;][vc_single_image image=&#8221;6361&#8243; img_size=&#8221;full&#8221;][vc_empty_space height=&#8221;24px&#8221;]<div class=\"qodef-section-title-holder \" >\n\t<div class=\"qodef-st-inner\">\n\t\t\t\t\t\t\t<h3 class=\"qodef-st-title\" >\n\t\t\t\tKulla e Sahatit\t\t\t<\/h3>\n\t\t\t\t\t<\/div>\n<\/div>[vc_column_text]N\u00eb qend\u00ebr t\u00eb qytetit t\u00eb Kavaj\u00ebs ndodhet Sahat Kulla e lart\u00eb, e cila dikur ka qen\u00eb pran\u00eb Xhamis\u00eb s\u00eb Madhe.[\/vc_column_text][vc_empty_space height=&#8221;10px&#8221;][vc_column_text]<a href=\"https:\/\/routes4culture.com\/destinations\/clock-tower\/\">M\u00cb SHUM\u00cb<\/a>[\/vc_column_text][vc_empty_space height=&#8221;24px&#8221;][\/vc_column][\/vc_row][vc_row full_width=&#8221;stretch_row&#8221; css=&#8221;.vc_custom_1674691252399{margin-right: 20px !important;margin-left: 20px !important;}&#8221; el_id=&#8221;Mobile&#8221;][vc_column width=&#8221;1\/3&#8243; offset=&#8221;vc_hidden-lg vc_hidden-md vc_hidden-sm&#8221;][vc_single_image image=&#8221;6346&#8243; img_size=&#8221;large&#8221;][vc_empty_space height=&#8221;24px&#8221;]<div class=\"qodef-section-title-holder \" >\n\t<div class=\"qodef-st-inner\">\n\t\t\t\t\t\t\t<h3 class=\"qodef-st-title\" >\n\t\t\t\tUra e Bukaqit\t\t\t<\/h3>\n\t\t\t\t\t<\/div>\n<\/div>[vc_column_text]Ura e Bukaqit, e nd\u00ebrtuar mbi p\u00ebrroin e Fok\u00ebs, ndodhet rreth 2 km, n\u00eb jugper\u00ebndim t\u00eb qytetit t\u00eb Kavaj\u00ebs, n\u00eb fshatin Bukaq.[\/vc_column_text][vc_empty_space height=&#8221;10px&#8221;][vc_column_text]<a href=\"https:\/\/routes4culture.com\/destinations\/bukaq-bridge\/\">M\u00cb SHUM\u00cb<\/a>[\/vc_column_text][vc_empty_space height=&#8221;45px&#8221;][\/vc_column][vc_column width=&#8221;1\/3&#8243; offset=&#8221;vc_hidden-lg vc_hidden-md vc_hidden-sm&#8221;][vc_single_image image=&#8221;6358&#8243; img_size=&#8221;large&#8221;][vc_empty_space height=&#8221;24px&#8221;]<div class=\"qodef-section-title-holder \" >\n\t<div class=\"qodef-st-inner\">\n\t\t\t\t\t\t\t<h3 class=\"qodef-st-title\" >\n\t\t\t\tNd\u00ebrtesa e Muzeut Etnografik\t\t\t<\/h3>\n\t\t\t\t\t<\/div>\n<\/div>[vc_column_text]Muzeu Etnografik n\u00eb Kavaj\u00eb ndodhet n\u00eb lagjen Skuraj t\u00eb qytetit t\u00eb Kavaj\u00ebs. \u00cbsht\u00eb i rrethuar nga sht\u00ebpi t\u00eb tjera relativisht t\u00eb ul\u00ebta, nj\u00eb, dy ose tre kate.[\/vc_column_text][vc_empty_space height=&#8221;10px&#8221;][vc_column_text]<a href=\"https:\/\/routes4culture.com\/destinations\/ethnographic-museum-building\/\">M\u00cb SHUM\u00cb<\/a>[\/vc_column_text][vc_empty_space height=&#8221;45px&#8221;][\/vc_column][vc_column width=&#8221;1\/3&#8243; offset=&#8221;vc_hidden-lg vc_hidden-md vc_hidden-sm&#8221;][vc_single_image image=&#8221;6361&#8243; img_size=&#8221;full&#8221;][vc_empty_space height=&#8221;24px&#8221;]<div class=\"qodef-section-title-holder \" >\n\t<div class=\"qodef-st-inner\">\n\t\t\t\t\t\t\t<h3 class=\"qodef-st-title\" >\n\t\t\t\tKulla e Sahatit\t\t\t<\/h3>\n\t\t\t\t\t<\/div>\n<\/div>[vc_column_text]N\u00eb qend\u00ebr t\u00eb qytetit t\u00eb Kavaj\u00ebs ndodhet Sahat Kulla e lart\u00eb, e cila dikur ka qen\u00eb pran\u00eb Xhamis\u00eb s\u00eb Madhe.[\/vc_column_text][vc_empty_space height=&#8221;10px&#8221;][vc_column_text]<a href=\"https:\/\/routes4culture.com\/destinations\/clock-tower\/\">M\u00cb SHUM\u00cb<\/a>[\/vc_column_text][vc_empty_space height=&#8221;45px&#8221;][\/vc_column][\/vc_row][vc_row][vc_column offset=&#8221;vc_hidden-xs&#8221;][vc_empty_space height=&#8221;60px&#8221;][\/vc_column][\/vc_row][vc_row full_width=&#8221;stretch_row&#8221; gap=&#8221;15&#8243; css=&#8221;.vc_custom_1674693318512{margin-right: 70px !important;margin-left: 70px !important;}&#8221; el_id=&#8221;Desktop-Tablet&#8221;][vc_column width=&#8221;1\/3&#8243; offset=&#8221;vc_hidden-xs&#8221;][vc_single_image image=&#8221;6743&#8243; img_size=&#8221;large&#8221;][vc_empty_space height=&#8221;24px&#8221;]<div class=\"qodef-section-title-holder \" >\n\t<div class=\"qodef-st-inner\">\n\t\t\t\t\t\t\t<h3 class=\"qodef-st-title\" >\n\t\t\t\tKisha e Sh\u00ebn Paraskevis\u00eb\t\t\t<\/h3>\n\t\t\t\t\t<\/div>\n<\/div>[vc_column_text]Kisha e Sh\u00ebn Premtes ndodhet rreth 4 km n\u00eb veri-lindje t\u00eb qytetit t\u00eb Kavaj\u00ebs, n\u00eb fshatin Cet\u00eb.[\/vc_column_text][vc_empty_space height=&#8221;10px&#8221;][vc_column_text]<a href=\"\/destinations\/church-of-saint-friday\/\">M\u00cb SHUM\u00cb<\/a>[\/vc_column_text][vc_empty_space height=&#8221;24px&#8221;][\/vc_column][vc_column width=&#8221;1\/3&#8243; offset=&#8221;vc_hidden-xs&#8221;][vc_single_image image=&#8221;6489&#8243; img_size=&#8221;full&#8221;][vc_empty_space height=&#8221;24px&#8221;]<div class=\"qodef-section-title-holder \" >\n\t<div class=\"qodef-st-inner\">\n\t\t\t\t\t\t\t<h3 class=\"qodef-st-title\" >\n\t\t\t\tKalaja e Turres\t\t\t<\/h3>\n\t\t\t\t\t<\/div>\n<\/div>[vc_column_text]I pozicionuar n\u00eb pjes\u00ebn jugore t\u00eb gjirit t\u00eb Durr\u00ebsit, n\u00eb bregdetin e Adriatikut, ndodhet Kepi i Lagjit, i njohur ndryshe si kalaja e Turr\u00ebs.[\/vc_column_text][vc_empty_space height=&#8221;10px&#8221;][vc_column_text]<a href=\"https:\/\/routes4culture.com\/destinations\/turre-castle\/\">M\u00cb SHUM\u00cb<\/a>[\/vc_column_text][vc_empty_space height=&#8221;24px&#8221;][\/vc_column][vc_column width=&#8221;1\/3&#8243; offset=&#8221;vc_hidden-xs&#8221;][vc_single_image image=&#8221;6492&#8243; img_size=&#8221;full&#8221;][vc_empty_space height=&#8221;24px&#8221;]<div class=\"qodef-section-title-holder \" >\n\t<div class=\"qodef-st-inner\">\n\t\t\t\t\t\t\t<h3 class=\"qodef-st-title\" >\n\t\t\t\tKalaja e Bashtov\u00ebs\t\t\t<\/h3>\n\t\t\t\t\t<\/div>\n<\/div>[vc_column_text]Kalaja e Bashtov\u00ebs, n\u00eb fshatin Vil\u00eb Bashtov\u00eb &#8211; Monument Kulture K.I Kalaja e Bashtov\u00ebs ndodhet n\u00eb nj\u00eb fush\u00eb, rreth 400 m n\u00eb veri t\u00eb lumit Shkumbin..[\/vc_column_text][vc_empty_space height=&#8221;10px&#8221;][vc_column_text]<a href=\"https:\/\/routes4culture.com\/destinations\/bashtova-castle\/\">M\u00cb SHUM\u00cb<\/a>[\/vc_column_text][vc_empty_space height=&#8221;24px&#8221;][\/vc_column][\/vc_row][vc_row full_width=&#8221;stretch_row&#8221; css=&#8221;.vc_custom_1674693339712{margin-right: 20px !important;margin-left: 20px !important;}&#8221; el_id=&#8221;Mobile&#8221;][vc_column width=&#8221;1\/3&#8243; offset=&#8221;vc_hidden-lg vc_hidden-md vc_hidden-sm&#8221;][vc_single_image image=&#8221;6743&#8243; img_size=&#8221;large&#8221;][vc_empty_space height=&#8221;24px&#8221;]<div class=\"qodef-section-title-holder \" >\n\t<div class=\"qodef-st-inner\">\n\t\t\t\t\t\t\t<h3 class=\"qodef-st-title\" >\n\t\t\t\tKisha e Sh\u00ebn Paraskevis\u00eb\t\t\t<\/h3>\n\t\t\t\t\t<\/div>\n<\/div>[vc_column_text]Kisha e Sh\u00ebn Premtes ndodhet rreth 4 km n\u00eb veri-lindje t\u00eb qytetit t\u00eb Kavaj\u00ebs, n\u00eb fshatin Cet\u00eb.[\/vc_column_text][vc_empty_space height=&#8221;10px&#8221;][vc_column_text]<a href=\"\/destinations\/church-of-saint-friday\/\">M\u00cb SHUM\u00cb<\/a>[\/vc_column_text][vc_empty_space height=&#8221;45px&#8221;][\/vc_column][vc_column width=&#8221;1\/3&#8243; offset=&#8221;vc_hidden-lg vc_hidden-md vc_hidden-sm&#8221;][vc_single_image image=&#8221;6367&#8243; img_size=&#8221;full&#8221;][vc_empty_space height=&#8221;24px&#8221;]<div class=\"qodef-section-title-holder \" >\n\t<div class=\"qodef-st-inner\">\n\t\t\t\t\t\t\t<h3 class=\"qodef-st-title\" >\n\t\t\t\tKalaja e Turres\t\t\t<\/h3>\n\t\t\t\t\t<\/div>\n<\/div>[vc_column_text]I pozicionuar n\u00eb pjes\u00ebn jugore t\u00eb gjirit t\u00eb Durr\u00ebsit, n\u00eb bregdetin e Adriatikut, ndodhet Kepi i Lagjit, i njohur ndryshe si kalaja e Turr\u00ebs.[\/vc_column_text][vc_empty_space height=&#8221;10px&#8221;][vc_column_text]<a href=\"https:\/\/routes4culture.com\/destinations\/turre-castle\/\">M\u00cb SHUM\u00cb<\/a>[\/vc_column_text][vc_empty_space height=&#8221;45px&#8221;][\/vc_column][vc_column width=&#8221;1\/3&#8243; offset=&#8221;vc_hidden-lg vc_hidden-md vc_hidden-sm&#8221;][vc_single_image image=&#8221;6040&#8243; img_size=&#8221;full&#8221;][vc_empty_space height=&#8221;24px&#8221;]<div class=\"qodef-section-title-holder \" >\n\t<div class=\"qodef-st-inner\">\n\t\t\t\t\t\t\t<h3 class=\"qodef-st-title\" >\n\t\t\t\tKalaja e Bashtov\u00ebs\t\t\t<\/h3>\n\t\t\t\t\t<\/div>\n<\/div>[vc_column_text]Kalaja e Bashtov\u00ebs, n\u00eb fshatin Vil\u00eb Bashtov\u00eb &#8211; Monument Kulture K.I Kalaja e Bashtov\u00ebs ndodhet n\u00eb nj\u00eb fush\u00eb, rreth 400 m n\u00eb veri t\u00eb lumit Shkumbin..[\/vc_column_text][vc_empty_space height=&#8221;10px&#8221;][vc_column_text]<a href=\"https:\/\/routes4culture.com\/destinations\/bashtova-castle\/\">M\u00cb SHUM\u00cb<\/a>[\/vc_column_text][vc_empty_space height=&#8221;45px&#8221;][\/vc_column][\/vc_row][vc_row full_width=&#8221;stretch_row&#8221; gap=&#8221;15&#8243; css=&#8221;.vc_custom_1675112422356{margin-right: 70px !important;margin-left: 70px !important;}&#8221; el_id=&#8221;Desktop-Tablet&#8221;][vc_column width=&#8221;1\/3&#8243; offset=&#8221;vc_hidden-xs&#8221;][vc_single_image image=&#8221;6746&#8243; img_size=&#8221;large&#8221;][vc_empty_space height=&#8221;24px&#8221;]<div class=\"qodef-section-title-holder \" >\n\t<div class=\"qodef-st-inner\">\n\t\t\t\t\t\t\t<h3 class=\"qodef-st-title\" >\n\t\t\t\tDepo e krip\u00ebs mesjetare\t\t\t<\/h3>\n\t\t\t\t\t<\/div>\n<\/div>[vc_column_text]Pozicionohet n\u00eb veriper\u00ebndim t\u00eb qytetit t\u00eb Kavaj\u00ebs, pran\u00eb bregut t\u00eb Adriatikut, gj\u00eb q\u00eb i ka dh\u00ebn\u00eb mund\u00ebsin\u00eb..[\/vc_column_text][vc_empty_space height=&#8221;10px&#8221;][vc_column_text]<a href=\"https:\/\/routes4culture.com\/destinations\/medieval-salt-depot\/\">M\u00cb SHUM\u00cb<\/a>[\/vc_column_text][vc_empty_space height=&#8221;24px&#8221;][\/vc_column][vc_column width=&#8221;1\/3&#8243; offset=&#8221;vc_hidden-xs&#8221;][vc_single_image image=&#8221;6713&#8243; img_size=&#8221;large&#8221;][vc_empty_space height=&#8221;24px&#8221;]<div class=\"qodef-section-title-holder \" >\n\t<div class=\"qodef-st-inner\">\n\t\t\t\t\t\t\t<h3 class=\"qodef-st-title\" >\n\t\t\t\tVia Egnatia\t\t\t<\/h3>\n\t\t\t\t\t<\/div>\n<\/div>[vc_column_text]N\u00eb lindje t\u00eb qytetit t\u00eb Kavaj\u00ebs shtrihej e ashtuquajtura &#8220;Autostrada e Ballkanit&#8221; e p\u00ebrdorur nga lasht\u00ebsia deri n\u00eb mesjet\u00ebn e von\u00eb, Via Egnatia.[\/vc_column_text][vc_empty_space height=&#8221;10px&#8221;][vc_column_text]<a href=\"https:\/\/routes4culture.com\/destinations\/via-egnatia\/\">M\u00cb SHUM\u00cb<\/a>[\/vc_column_text][vc_empty_space height=&#8221;24px&#8221;][\/vc_column][vc_column width=&#8221;1\/3&#8243; offset=&#8221;vc_hidden-xs&#8221;][\/vc_column][\/vc_row][vc_row full_width=&#8221;stretch_row&#8221; css=&#8221;.vc_custom_1675112434822{margin-right: 20px !important;margin-left: 20px !important;}&#8221; el_id=&#8221;Mobile&#8221;][vc_column width=&#8221;1\/3&#8243; offset=&#8221;vc_hidden-lg vc_hidden-md vc_hidden-sm&#8221;][vc_single_image image=&#8221;6746&#8243; img_size=&#8221;large&#8221;][vc_empty_space height=&#8221;24px&#8221;]<div class=\"qodef-section-title-holder \" >\n\t<div class=\"qodef-st-inner\">\n\t\t\t\t\t\t\t<h3 class=\"qodef-st-title\" >\n\t\t\t\tDepo e krip\u00ebs mesjetare\t\t\t<\/h3>\n\t\t\t\t\t<\/div>\n<\/div>[vc_column_text]Pozicionohet n\u00eb veriper\u00ebndim t\u00eb qytetit t\u00eb Kavaj\u00ebs, pran\u00eb bregut t\u00eb Adriatikut, gj\u00eb q\u00eb i ka dh\u00ebn\u00eb mund\u00ebsin\u00eb..[\/vc_column_text][vc_empty_space height=&#8221;10px&#8221;][vc_column_text]<a href=\"https:\/\/routes4culture.com\/destinations\/medieval-salt-depot\/\">M\u00cb SHUM\u00cb<\/a>[\/vc_column_text][vc_empty_space height=&#8221;45px&#8221;][\/vc_column][vc_column width=&#8221;1\/3&#8243; offset=&#8221;vc_hidden-lg vc_hidden-md vc_hidden-sm&#8221;][vc_single_image image=&#8221;6713&#8243; img_size=&#8221;large&#8221;][vc_empty_space height=&#8221;24px&#8221;]<div class=\"qodef-section-title-holder \" >\n\t<div class=\"qodef-st-inner\">\n\t\t\t\t\t\t\t<h3 class=\"qodef-st-title\" >\n\t\t\t\tVia Egnatia\t\t\t<\/h3>\n\t\t\t\t\t<\/div>\n<\/div>[vc_column_text]N\u00eb lindje t\u00eb qytetit t\u00eb Kavaj\u00ebs shtrihej e ashtuquajtura &#8220;Autostrada e Ballkanit&#8221; e p\u00ebrdorur nga lasht\u00ebsia deri n\u00eb mesjet\u00ebn e von\u00eb, Via Egnatia.[\/vc_column_text][vc_empty_space height=&#8221;10px&#8221;][vc_column_text]<a href=\"https:\/\/routes4culture.com\/destinations\/via-egnatia\/\">M\u00cb SHUM\u00cb<\/a>[\/vc_column_text][vc_empty_space height=&#8221;45px&#8221;][\/vc_column][vc_column width=&#8221;1\/3&#8243; offset=&#8221;vc_hidden-lg vc_hidden-md vc_hidden-sm&#8221;][\/vc_column][\/vc_row][vc_row][vc_column offset=&#8221;vc_hidden-xs&#8221;][vc_empty_space height=&#8221;120px&#8221;][\/vc_column][\/vc_row][vc_row][vc_column offset=&#8221;vc_hidden-lg vc_hidden-md vc_hidden-sm&#8221;][vc_empty_space height=&#8221;50px&#8221;][\/vc_column][\/vc_row]<\/p>\n","protected":false},"excerpt":{"rendered":"<p>[vc_row][vc_column][vc_empty_space height=&#8221;120px&#8221;][\/vc_column][\/vc_row][vc_row full_width=&#8221;stretch_row&#8221; gap=&#8221;15&#8243; css=&#8221;.vc_custom_1674690906595{margin-right: 70px !important;margin-left: 70px !important;}&#8221; el_id=&#8221;Desktop-Tablet&#8221;][vc_column width=&#8221;1\/3&#8243; offset=&#8221;vc_hidden-xs&#8221;][vc_single_image image=&#8221;6346&#8243; img_size=&#8221;large&#8221;][vc_empty_space height=&#8221;24px&#8221;][vc_column_text]Ura e Bukaqit, e nd\u00ebrtuar mbi p\u00ebrroin e Fok\u00ebs, ndodhet rreth 2 km, n\u00eb jugper\u00ebndim t\u00eb qytetit t\u00eb Kavaj\u00ebs, n\u00eb fshatin Bukaq.[\/vc_column_text][vc_empty_space height=&#8221;10px&#8221;][vc_column_text]M\u00cb SHUM\u00cb[\/vc_column_text][vc_empty_space height=&#8221;24px&#8221;][\/vc_column][vc_column width=&#8221;1\/3&#8243; [&hellip;]<\/p>\n","protected":false},"author":1,"featured_media":0,"parent":7243,"menu_order":0,"comment_status":"closed","ping_status":"closed","template":"full-width.php","meta":[],"yoast_head":"<!-- This site is optimized with the Yoast SEO plugin v20.13 - https:\/\/yoast.com\/wordpress\/plugins\/seo\/ -->\n<title>Monumentet e Kultur\u00ebs | Routes 4 Culture<\/title>\n<meta name=\"robots\" content=\"index, follow, max-snippet:-1, max-image-preview:large, max-video-preview:-1\" \/>\n<link rel=\"canonical\" href=\"https:\/\/routes4culture.com\/sq\/points-of-interest\/monumentet-e-kultures\/\" \/>\n<meta property=\"og:locale\" content=\"sq_AL\" \/>\n<meta property=\"og:type\" content=\"article\" \/>\n<meta property=\"og:title\" content=\"Monumentet e Kultur\u00ebs | Routes 4 Culture\" \/>\n<meta property=\"og:description\" content=\"[vc_row][vc_column][vc_empty_space height=&#8221;120px&#8221;][\/vc_column][\/vc_row][vc_row full_width=&#8221;stretch_row&#8221; gap=&#8221;15&#8243; css=&#8221;.vc_custom_1674690906595{margin-right: 70px !important;margin-left: 70px !important;}&#8221; el_id=&#8221;Desktop-Tablet&#8221;][vc_column width=&#8221;1\/3&#8243; offset=&#8221;vc_hidden-xs&#8221;][vc_single_image image=&#8221;6346&#8243; img_size=&#8221;large&#8221;][vc_empty_space height=&#8221;24px&#8221;][vc_column_text]Ura e Bukaqit, e nd\u00ebrtuar mbi p\u00ebrroin e Fok\u00ebs, ndodhet rreth 2 km, n\u00eb jugper\u00ebndim t\u00eb qytetit t\u00eb Kavaj\u00ebs, n\u00eb fshatin Bukaq.[\/vc_column_text][vc_empty_space height=&#8221;10px&#8221;][vc_column_text]M\u00cb SHUM\u00cb[\/vc_column_text][vc_empty_space height=&#8221;24px&#8221;][\/vc_column][vc_column width=&#8221;1\/3&#8243; [&hellip;]\" \/>\n<meta property=\"og:url\" content=\"https:\/\/routes4culture.com\/sq\/points-of-interest\/monumentet-e-kultures\/\" \/>\n<meta property=\"og:site_name\" content=\"Routes 4 Culture\" \/>\n<meta property=\"article:modified_time\" content=\"2023-06-13T09:48:03+00:00\" \/>\n<meta property=\"og:image\" content=\"https:\/\/routes4culture.com\/wp-content\/uploads\/2018\/10\/seo-icon.png\" \/>\n\t<meta property=\"og:image:width\" content=\"1200\" \/>\n\t<meta property=\"og:image:height\" content=\"675\" \/>\n\t<meta property=\"og:image:type\" content=\"image\/png\" \/>\n<meta name=\"twitter:card\" content=\"summary_large_image\" \/>\n<meta name=\"twitter:label1\" content=\"Est. reading time\" \/>\n\t<meta name=\"twitter:data1\" content=\"3 minutes\" \/>\n<script type=\"application\/ld+json\" class=\"yoast-schema-graph\">{\"@context\":\"https:\/\/schema.org\",\"@graph\":[{\"@type\":\"WebPage\",\"@id\":\"https:\/\/routes4culture.com\/sq\/points-of-interest\/monumentet-e-kultures\/\",\"url\":\"https:\/\/routes4culture.com\/sq\/points-of-interest\/monumentet-e-kultures\/\",\"name\":\"Monumentet e Kultur\u00ebs | Routes 4 Culture\",\"isPartOf\":{\"@id\":\"https:\/\/routes4culture.com\/#website\"},\"datePublished\":\"2018-09-10T08:00:47+00:00\",\"dateModified\":\"2023-06-13T09:48:03+00:00\",\"breadcrumb\":{\"@id\":\"https:\/\/routes4culture.com\/sq\/points-of-interest\/monumentet-e-kultures\/#breadcrumb\"},\"inLanguage\":\"sq-AL\",\"potentialAction\":[{\"@type\":\"ReadAction\",\"target\":[\"https:\/\/routes4culture.com\/sq\/points-of-interest\/monumentet-e-kultures\/\"]}]},{\"@type\":\"BreadcrumbList\",\"@id\":\"https:\/\/routes4culture.com\/sq\/points-of-interest\/monumentet-e-kultures\/#breadcrumb\",\"itemListElement\":[{\"@type\":\"ListItem\",\"position\":1,\"name\":\"Home\",\"item\":\"https:\/\/routes4culture.com\/\"},{\"@type\":\"ListItem\",\"position\":2,\"name\":\"Pikat e Interesit\",\"item\":\"https:\/\/routes4culture.com\/sq\/points-of-interest\/\"},{\"@type\":\"ListItem\",\"position\":3,\"name\":\"Monumentet e Kultur\u00ebs\"}]},{\"@type\":\"WebSite\",\"@id\":\"https:\/\/routes4culture.com\/#website\",\"url\":\"https:\/\/routes4culture.com\/\",\"name\":\"Routes 4 Culture\",\"description\":\"Explore Albania&#039;s Culture\",\"potentialAction\":[{\"@type\":\"SearchAction\",\"target\":{\"@type\":\"EntryPoint\",\"urlTemplate\":\"https:\/\/routes4culture.com\/?s={search_term_string}\"},\"query-input\":\"required name=search_term_string\"}],\"inLanguage\":\"sq-AL\"}]}<\/script>\n<!-- \/ Yoast SEO plugin. -->","yoast_head_json":{"title":"Monumentet e Kultur\u00ebs | Routes 4 Culture","robots":{"index":"index","follow":"follow","max-snippet":"max-snippet:-1","max-image-preview":"max-image-preview:large","max-video-preview":"max-video-preview:-1"},"canonical":"https:\/\/routes4culture.com\/sq\/points-of-interest\/monumentet-e-kultures\/","og_locale":"sq_AL","og_type":"article","og_title":"Monumentet e Kultur\u00ebs | Routes 4 Culture","og_description":"[vc_row][vc_column][vc_empty_space height=&#8221;120px&#8221;][\/vc_column][\/vc_row][vc_row full_width=&#8221;stretch_row&#8221; gap=&#8221;15&#8243; css=&#8221;.vc_custom_1674690906595{margin-right: 70px !important;margin-left: 70px !important;}&#8221; el_id=&#8221;Desktop-Tablet&#8221;][vc_column width=&#8221;1\/3&#8243; offset=&#8221;vc_hidden-xs&#8221;][vc_single_image image=&#8221;6346&#8243; img_size=&#8221;large&#8221;][vc_empty_space height=&#8221;24px&#8221;][vc_column_text]Ura e Bukaqit, e nd\u00ebrtuar mbi p\u00ebrroin e Fok\u00ebs, ndodhet rreth 2 km, n\u00eb jugper\u00ebndim t\u00eb qytetit t\u00eb Kavaj\u00ebs, n\u00eb fshatin Bukaq.[\/vc_column_text][vc_empty_space height=&#8221;10px&#8221;][vc_column_text]M\u00cb SHUM\u00cb[\/vc_column_text][vc_empty_space height=&#8221;24px&#8221;][\/vc_column][vc_column width=&#8221;1\/3&#8243; [&hellip;]","og_url":"https:\/\/routes4culture.com\/sq\/points-of-interest\/monumentet-e-kultures\/","og_site_name":"Routes 4 Culture","article_modified_time":"2023-06-13T09:48:03+00:00","og_image":[{"width":1200,"height":675,"url":"https:\/\/routes4culture.com\/wp-content\/uploads\/2018\/10\/seo-icon.png","type":"image\/png"}],"twitter_card":"summary_large_image","twitter_misc":{"Est. reading time":"3 minutes"},"schema":{"@context":"https:\/\/schema.org","@graph":[{"@type":"WebPage","@id":"https:\/\/routes4culture.com\/sq\/points-of-interest\/monumentet-e-kultures\/","url":"https:\/\/routes4culture.com\/sq\/points-of-interest\/monumentet-e-kultures\/","name":"Monumentet e Kultur\u00ebs | Routes 4 Culture","isPartOf":{"@id":"https:\/\/routes4culture.com\/#website"},"datePublished":"2018-09-10T08:00:47+00:00","dateModified":"2023-06-13T09:48:03+00:00","breadcrumb":{"@id":"https:\/\/routes4culture.com\/sq\/points-of-interest\/monumentet-e-kultures\/#breadcrumb"},"inLanguage":"sq-AL","potentialAction":[{"@type":"ReadAction","target":["https:\/\/routes4culture.com\/sq\/points-of-interest\/monumentet-e-kultures\/"]}]},{"@type":"BreadcrumbList","@id":"https:\/\/routes4culture.com\/sq\/points-of-interest\/monumentet-e-kultures\/#breadcrumb","itemListElement":[{"@type":"ListItem","position":1,"name":"Home","item":"https:\/\/routes4culture.com\/"},{"@type":"ListItem","position":2,"name":"Pikat e Interesit","item":"https:\/\/routes4culture.com\/sq\/points-of-interest\/"},{"@type":"ListItem","position":3,"name":"Monumentet e Kultur\u00ebs"}]},{"@type":"WebSite","@id":"https:\/\/routes4culture.com\/#website","url":"https:\/\/routes4culture.com\/","name":"Routes 4 Culture","description":"Explore Albania&#039;s Culture","potentialAction":[{"@type":"SearchAction","target":{"@type":"EntryPoint","urlTemplate":"https:\/\/routes4culture.com\/?s={search_term_string}"},"query-input":"required name=search_term_string"}],"inLanguage":"sq-AL"}]}},"_links":{"self":[{"href":"https:\/\/routes4culture.com\/sq\/wp-json\/wp\/v2\/pages\/7316"}],"collection":[{"href":"https:\/\/routes4culture.com\/sq\/wp-json\/wp\/v2\/pages"}],"about":[{"href":"https:\/\/routes4culture.com\/sq\/wp-json\/wp\/v2\/types\/page"}],"author":[{"embeddable":true,"href":"https:\/\/routes4culture.com\/sq\/wp-json\/wp\/v2\/users\/1"}],"replies":[{"embeddable":true,"href":"https:\/\/routes4culture.com\/sq\/wp-json\/wp\/v2\/comments?post=7316"}],"version-history":[{"count":4,"href":"https:\/\/routes4culture.com\/sq\/wp-json\/wp\/v2\/pages\/7316\/revisions"}],"predecessor-version":[{"id":7321,"href":"https:\/\/routes4culture.com\/sq\/wp-json\/wp\/v2\/pages\/7316\/revisions\/7321"}],"up":[{"embeddable":true,"href":"https:\/\/routes4culture.com\/sq\/wp-json\/wp\/v2\/pages\/7243"}],"wp:attachment":[{"href":"https:\/\/routes4culture.com\/sq\/wp-json\/wp\/v2\/media?parent=7316"}],"curies":[{"name":"wp","href":"https:\/\/api.w.org\/{rel}","templated":true}]}}