{"id":7359,"date":"2018-09-10T09:00:47","date_gmt":"2018-09-10T08:00:47","guid":{"rendered":"https:\/\/routes4culture.com\/hotele\/"},"modified":"2023-06-16T20:20:53","modified_gmt":"2023-06-16T19:20:53","slug":"hotele","status":"publish","type":"page","link":"https:\/\/routes4culture.com\/sq\/hotele\/","title":{"rendered":"Hotele"},"content":{"rendered":"<p>[vc_row][vc_column][vc_empty_space height=&#8221;120px&#8221;][\/vc_column][\/vc_row][vc_row full_width=&#8221;stretch_row&#8221; gap=&#8221;15&#8243; css=&#8221;.vc_custom_1674690906595{margin-right: 70px !important;margin-left: 70px !important;}&#8221; el_id=&#8221;Desktop-Tablet&#8221;][vc_column width=&#8221;1\/3&#8243; offset=&#8221;vc_hidden-xs&#8221;][vc_single_image image=&#8221;6861&#8243; img_size=&#8221;large&#8221;][vc_empty_space height=&#8221;24px&#8221;]<div class=\"qodef-section-title-holder \" >\n\t<div class=\"qodef-st-inner\">\n\t\t\t\t\t\t\t<h3 class=\"qodef-st-title\" >\n\t\t\t\tAmber Hotel Albania\t\t\t<\/h3>\n\t\t\t\t\t<\/div>\n<\/div>[vc_column_text]I ndodhur n\u00eb Spille, pak hapa larg plazhit t\u00eb Spilles\u00eb, Amber Hotel Albania ofron akomodim me nj\u00eb pishin\u00eb t\u00eb jashtme sezonale, parkim privat falas..[\/vc_column_text][vc_empty_space height=&#8221;10px&#8221;][vc_column_text]<a href=\"https:\/\/routes4culture.com\/tour-item\/amber-hotel-albania\/\">M\u00cb SHUM\u00cb<\/a>[\/vc_column_text][vc_empty_space height=&#8221;24px&#8221;][\/vc_column][vc_column width=&#8221;1\/3&#8243; offset=&#8221;vc_hidden-xs&#8221;][vc_single_image image=&#8221;6890&#8243; img_size=&#8221;415x287px&#8221;][vc_empty_space height=&#8221;24px&#8221;]<div class=\"qodef-section-title-holder \" >\n\t<div class=\"qodef-st-inner\">\n\t\t\t\t\t\t\t<h3 class=\"qodef-st-title\" >\n\t\t\t\tBleta Resort Spille\t\t\t<\/h3>\n\t\t\t\t\t<\/div>\n<\/div>[vc_column_text]Bleta Resort Spille ofron 108 dhoma 4.2 km nga Plazhi i P\u00ebrgjithsh\u00ebm. Qendra e Spilles\u00eb mund t\u00eb arrihet brenda 10 minutash n\u00eb k\u00ebmb\u00eb..[\/vc_column_text][vc_empty_space height=&#8221;10px&#8221;][vc_column_text]<a href=\"https:\/\/routes4culture.com\/tour-item\/bleta-resort-spille\/\">M\u00cb SHUM\u00cb<\/a>[\/vc_column_text][vc_empty_space height=&#8221;24px&#8221;][\/vc_column][vc_column width=&#8221;1\/3&#8243; offset=&#8221;vc_hidden-xs&#8221;][vc_single_image image=&#8221;6908&#8243; img_size=&#8221;415x287px&#8221;][vc_empty_space height=&#8221;24px&#8221;]<div class=\"qodef-section-title-holder \" >\n\t<div class=\"qodef-st-inner\">\n\t\t\t\t\t\t\t<h3 class=\"qodef-st-title\" >\n\t\t\t\tBlumare Resort\t\t\t<\/h3>\n\t\t\t\t\t<\/div>\n<\/div>[vc_column_text]BluMare Resort p\u00ebrmban nj\u00eb restorant, pishin\u00eb t\u00eb jashtme sezonale, nj\u00eb bar dhe kopsht n\u00eb Spille. Akomodimi..[\/vc_column_text][vc_empty_space height=&#8221;10px&#8221;][vc_column_text]<a href=\"https:\/\/routes4culture.com\/tour-item\/blumare-resort\/\">M\u00cb SHUM\u00cb<\/a>[\/vc_column_text][vc_empty_space height=&#8221;24px&#8221;][\/vc_column][\/vc_row][vc_row full_width=&#8221;stretch_row&#8221; css=&#8221;.vc_custom_1674691252399{margin-right: 20px !important;margin-left: 20px !important;}&#8221; el_id=&#8221;Mobile&#8221;][vc_column width=&#8221;1\/3&#8243; offset=&#8221;vc_hidden-lg vc_hidden-md vc_hidden-sm&#8221;][vc_single_image image=&#8221;6861&#8243; img_size=&#8221;large&#8221;][vc_empty_space height=&#8221;24px&#8221;]<div class=\"qodef-section-title-holder \" >\n\t<div class=\"qodef-st-inner\">\n\t\t\t\t\t\t\t<h3 class=\"qodef-st-title\" >\n\t\t\t\tAmber Hotel Albania\t\t\t<\/h3>\n\t\t\t\t\t<\/div>\n<\/div>[vc_column_text]I ndodhur n\u00eb Spille, pak hapa larg plazhit t\u00eb Spilles\u00eb, Amber Hotel Albania ofron akomodim me nj\u00eb pishin\u00eb t\u00eb jashtme sezonale, parkim privat falas, nj\u00eb kopsht dhe nj\u00eb tarrac\u00eb.[\/vc_column_text][vc_empty_space height=&#8221;10px&#8221;][vc_column_text]<a href=\"https:\/\/routes4culture.com\/tour-item\/amber-hotel-albania\/\">M\u00cb SHUM\u00cb<\/a>[\/vc_column_text][vc_empty_space height=&#8221;45px&#8221;][\/vc_column][vc_column width=&#8221;1\/3&#8243; offset=&#8221;vc_hidden-lg vc_hidden-md vc_hidden-sm&#8221;][vc_single_image image=&#8221;6890&#8243; img_size=&#8221;415x287px&#8221;][vc_empty_space height=&#8221;24px&#8221;]<div class=\"qodef-section-title-holder \" >\n\t<div class=\"qodef-st-inner\">\n\t\t\t\t\t\t\t<h3 class=\"qodef-st-title\" >\n\t\t\t\tBleta Resort Spille\t\t\t<\/h3>\n\t\t\t\t\t<\/div>\n<\/div>[vc_column_text]Bleta Resort Spille ofron 108 dhoma 4.2 km nga Plazhi i P\u00ebrgjithsh\u00ebm. Qendra e Spilles\u00eb mund t\u00eb arrihet brenda 10 minutash n\u00eb k\u00ebmb\u00eb..[\/vc_column_text][vc_empty_space height=&#8221;10px&#8221;][vc_column_text]<a href=\"https:\/\/routes4culture.com\/tour-item\/bleta-resort-spille\/\">M\u00cb SHUM\u00cb<\/a>[\/vc_column_text][vc_empty_space height=&#8221;45px&#8221;][\/vc_column][vc_column width=&#8221;1\/3&#8243; offset=&#8221;vc_hidden-lg vc_hidden-md vc_hidden-sm&#8221;][vc_single_image image=&#8221;6908&#8243; img_size=&#8221;415x287px&#8221;][vc_empty_space height=&#8221;24px&#8221;]<div class=\"qodef-section-title-holder \" >\n\t<div class=\"qodef-st-inner\">\n\t\t\t\t\t\t\t<h3 class=\"qodef-st-title\" >\n\t\t\t\tBlumare Resort\t\t\t<\/h3>\n\t\t\t\t\t<\/div>\n<\/div>[vc_column_text]BluMare Resort p\u00ebrmban nj\u00eb restorant, pishin\u00eb t\u00eb jashtme sezonale, nj\u00eb bar dhe kopsht n\u00eb Spille. Akomodimi..[\/vc_column_text][vc_empty_space height=&#8221;10px&#8221;][vc_column_text]<a href=\"https:\/\/routes4culture.com\/tour-item\/blumare-resort\/\">M\u00cb SHUM\u00cb<\/a>[\/vc_column_text][vc_empty_space height=&#8221;45px&#8221;][\/vc_column][\/vc_row][vc_row][vc_column offset=&#8221;vc_hidden-xs&#8221;][vc_empty_space height=&#8221;60px&#8221;][\/vc_column][\/vc_row][vc_row full_width=&#8221;stretch_row&#8221; gap=&#8221;15&#8243; css=&#8221;.vc_custom_1674693318512{margin-right: 70px !important;margin-left: 70px !important;}&#8221; el_id=&#8221;Desktop-Tablet&#8221;][vc_column width=&#8221;1\/3&#8243; offset=&#8221;vc_hidden-xs&#8221;][vc_single_image image=&#8221;7007&#8243; img_size=&#8221;415x287px&#8221;][vc_empty_space height=&#8221;24px&#8221;]<div class=\"qodef-section-title-holder \" >\n\t<div class=\"qodef-st-inner\">\n\t\t\t\t\t\t\t<h3 class=\"qodef-st-title\" >\n\t\t\t\tHotel Albatros\t\t\t<\/h3>\n\t\t\t\t\t<\/div>\n<\/div>[vc_column_text]Hotel Albatros ne plazhin e mrekullueshem te Spille Kavaje. Eshte nje zone shume e bukur, 200 m nga bregu i detit dhe 14 km..[\/vc_column_text][vc_empty_space height=&#8221;10px&#8221;][vc_column_text]<a href=\"https:\/\/routes4culture.com\/tour-item\/hotel-albatros\/\">M\u00cb SHUM\u00cb<\/a>[\/vc_column_text][vc_empty_space height=&#8221;24px&#8221;][\/vc_column][vc_column width=&#8221;1\/3&#8243; offset=&#8221;vc_hidden-xs&#8221;][vc_single_image image=&#8221;7020&#8243; img_size=&#8221;415x287px&#8221;][vc_empty_space height=&#8221;24px&#8221;]<div class=\"qodef-section-title-holder \" >\n\t<div class=\"qodef-st-inner\">\n\t\t\t\t\t\t\t<h3 class=\"qodef-st-title\" >\n\t\t\t\tHotel Jaho\t\t\t<\/h3>\n\t\t\t\t\t<\/div>\n<\/div>[vc_column_text]I ndodhur 1.3 km nga plazhi Spille, Hotel Jaho ofron akomodim me nj\u00eb kopsht, pajisje Barbecue.[\/vc_column_text][vc_empty_space height=&#8221;10px&#8221;][vc_column_text]<a href=\"https:\/\/routes4culture.com\/tour-item\/hotel-jaho\/\">M\u00cb SHUM\u00cb<\/a>[\/vc_column_text][vc_empty_space height=&#8221;24px&#8221;][\/vc_column][vc_column width=&#8221;1\/3&#8243; offset=&#8221;vc_hidden-xs&#8221;][vc_single_image image=&#8221;7050&#8243; img_size=&#8221;415x287px&#8221;][vc_empty_space height=&#8221;24px&#8221;]<div class=\"qodef-section-title-holder \" >\n\t<div class=\"qodef-st-inner\">\n\t\t\t\t\t\t\t<h3 class=\"qodef-st-title\" >\n\t\t\t\tHotel Kupola\t\t\t<\/h3>\n\t\t\t\t\t<\/div>\n<\/div>[vc_column_text]Hotel Kupola ndodhet ne Spille dhe ofron Dhoma Familjare, WiFi, Parking, Pamje nga qyteti, Kend lojrash, Siguri 24 ore..[\/vc_column_text][vc_empty_space height=&#8221;10px&#8221;][vc_column_text]<a href=\"https:\/\/routes4culture.com\/tour-item\/hotel-kupola\/\">M\u00cb SHUM\u00cb<\/a>[\/vc_column_text][vc_empty_space height=&#8221;24px&#8221;][\/vc_column][\/vc_row][vc_row full_width=&#8221;stretch_row&#8221; css=&#8221;.vc_custom_1674693339712{margin-right: 20px !important;margin-left: 20px !important;}&#8221; el_id=&#8221;Mobile&#8221;][vc_column width=&#8221;1\/3&#8243; offset=&#8221;vc_hidden-lg vc_hidden-md vc_hidden-sm&#8221;][vc_single_image image=&#8221;7007&#8243; img_size=&#8221;415x287px&#8221;][vc_empty_space height=&#8221;24px&#8221;]<div class=\"qodef-section-title-holder \" >\n\t<div class=\"qodef-st-inner\">\n\t\t\t\t\t\t\t<h3 class=\"qodef-st-title\" >\n\t\t\t\tHotel Albatros\t\t\t<\/h3>\n\t\t\t\t\t<\/div>\n<\/div>[vc_column_text]Hotel Albatros ne plazhin e mrekullueshem te Spille Kavaje. Eshte nje zone shume e bukur, 200 m nga bregu i detit dhe 14 km..[\/vc_column_text][vc_empty_space height=&#8221;10px&#8221;][vc_column_text]<a href=\"https:\/\/routes4culture.com\/tour-item\/hotel-albatros\/\">M\u00cb SHUM\u00cb<\/a>[\/vc_column_text][vc_empty_space height=&#8221;45px&#8221;][\/vc_column][vc_column width=&#8221;1\/3&#8243; offset=&#8221;vc_hidden-lg vc_hidden-md vc_hidden-sm&#8221;][vc_single_image image=&#8221;7020&#8243; img_size=&#8221;415x287px&#8221;][vc_empty_space height=&#8221;24px&#8221;]<div class=\"qodef-section-title-holder \" >\n\t<div class=\"qodef-st-inner\">\n\t\t\t\t\t\t\t<h3 class=\"qodef-st-title\" >\n\t\t\t\tHotel Jaho\t\t\t<\/h3>\n\t\t\t\t\t<\/div>\n<\/div>[vc_column_text]I ndodhur 1.3 km nga plazhi Spille, Hotel Jaho ofron akomodim me nj\u00eb kopsht, pajisje Barbecue.[\/vc_column_text][vc_empty_space height=&#8221;10px&#8221;][vc_column_text]<a href=\"https:\/\/routes4culture.com\/tour-item\/hotel-jaho\/\">M\u00cb SHUM\u00cb<\/a>[\/vc_column_text][vc_empty_space height=&#8221;45px&#8221;][\/vc_column][vc_column width=&#8221;1\/3&#8243; offset=&#8221;vc_hidden-lg vc_hidden-md vc_hidden-sm&#8221;][vc_single_image image=&#8221;7050&#8243; img_size=&#8221;415x287px&#8221;][vc_empty_space height=&#8221;24px&#8221;]<div class=\"qodef-section-title-holder \" >\n\t<div class=\"qodef-st-inner\">\n\t\t\t\t\t\t\t<h3 class=\"qodef-st-title\" >\n\t\t\t\tHotel Kupola\t\t\t<\/h3>\n\t\t\t\t\t<\/div>\n<\/div>[vc_column_text]Hotel Kupola ndodhet ne Spille dhe ofron Dhoma Familjare, WiFi, Parking, Pamje nga qyteti, Kend lojrash, Siguri 24 ore..[\/vc_column_text][vc_empty_space height=&#8221;10px&#8221;][vc_column_text]<a href=\"https:\/\/routes4culture.com\/tour-item\/hotel-kupola\/\">M\u00cb SHUM\u00cb<\/a>[\/vc_column_text][vc_empty_space height=&#8221;45px&#8221;][\/vc_column][\/vc_row][vc_row][vc_column offset=&#8221;vc_hidden-xs&#8221;][vc_empty_space height=&#8221;60px&#8221;][\/vc_column][\/vc_row][vc_row full_width=&#8221;stretch_row&#8221; gap=&#8221;15&#8243; css=&#8221;.vc_custom_1674693318512{margin-right: 70px !important;margin-left: 70px !important;}&#8221;][vc_column width=&#8221;1\/3&#8243; offset=&#8221;vc_hidden-xs&#8221;][vc_single_image image=&#8221;7057&#8243; img_size=&#8221;415x287px&#8221;][vc_empty_space height=&#8221;24px&#8221;]<div class=\"qodef-section-title-holder \" >\n\t<div class=\"qodef-st-inner\">\n\t\t\t\t\t\t\t<h3 class=\"qodef-st-title\" >\n\t\t\t\tKodra e Godenve Bio Resort\t\t\t<\/h3>\n\t\t\t\t\t<\/div>\n<\/div>[vc_column_text]Ne p\u00ebrpiqemi maksimalisht q\u00eb \u00e7do sh\u00ebrbim q\u00eb na ofrohet t\u00eb jet\u00eb i p\u00ebrsosur. K\u00ebnaq\u00ebsia e klientit dhe cil\u00ebsia e produkteve..[\/vc_column_text][vc_empty_space height=&#8221;10px&#8221;][vc_column_text]<a href=\"https:\/\/routes4culture.com\/tour-item\/kodra-e-godenve-bio-resort\/\">M\u00cb SHUM\u00cb<\/a>[\/vc_column_text][vc_empty_space height=&#8221;24px&#8221;][\/vc_column][vc_column width=&#8221;1\/3&#8243; offset=&#8221;vc_hidden-xs&#8221;][vc_single_image image=&#8221;7062&#8243; img_size=&#8221;415x287px&#8221;][vc_empty_space height=&#8221;24px&#8221;]<div class=\"qodef-section-title-holder \" >\n\t<div class=\"qodef-st-inner\">\n\t\t\t\t\t\t\t<h3 class=\"qodef-st-title\" >\n\t\t\t\tLondon Resort\t\t\t<\/h3>\n\t\t\t\t\t<\/div>\n<\/div>[vc_column_text]Londres Resort ndodhet ne Spille ofron, Ajer te kondicionuar, Pamje nga qyteti, Dhoma familjare, WiFi, Parking, Parking..[\/vc_column_text][vc_empty_space height=&#8221;10px&#8221;][vc_column_text]<a href=\"https:\/\/routes4culture.com\/tour-item\/london-resort\/\">M\u00cb SHUM\u00cb<\/a>[\/vc_column_text][vc_empty_space height=&#8221;24px&#8221;][\/vc_column][vc_column width=&#8221;1\/3&#8243; offset=&#8221;vc_hidden-xs&#8221;][vc_single_image image=&#8221;7067&#8243; img_size=&#8221;415x287px&#8221;][vc_empty_space height=&#8221;24px&#8221;]<div class=\"qodef-section-title-holder \" >\n\t<div class=\"qodef-st-inner\">\n\t\t\t\t\t\t\t<h3 class=\"qodef-st-title\" >\n\t\t\t\tPegasos House\t\t\t<\/h3>\n\t\t\t\t\t<\/div>\n<\/div>[vc_column_text]Shtepia private ne Spille eshte shtepi pushimi, ndodhet prane fshatit Spille, perballe plazhit.r kondicioner, pamje nga qyteti, dhoma familjare, WiFi, parkim, parkim.. Mund te shijoni..[\/vc_column_text][vc_empty_space height=&#8221;10px&#8221;][vc_column_text]<a href=\"https:\/\/routes4culture.com\/tour-item\/pegasos-house\/\">M\u00cb SHUM\u00cb<\/a>[\/vc_column_text][vc_empty_space height=&#8221;24px&#8221;][\/vc_column][\/vc_row][vc_row full_width=&#8221;stretch_row&#8221; css=&#8221;.vc_custom_1674693339712{margin-right: 20px !important;margin-left: 20px !important;}&#8221;][vc_column width=&#8221;1\/3&#8243; offset=&#8221;vc_hidden-lg vc_hidden-md vc_hidden-sm&#8221;][vc_single_image image=&#8221;7057&#8243; img_size=&#8221;415x287px&#8221;][vc_empty_space height=&#8221;24px&#8221;]<div class=\"qodef-section-title-holder \" >\n\t<div class=\"qodef-st-inner\">\n\t\t\t\t\t\t\t<h3 class=\"qodef-st-title\" >\n\t\t\t\tKodra e Godenve Bio Resort\t\t\t<\/h3>\n\t\t\t\t\t<\/div>\n<\/div>[vc_column_text]Ne p\u00ebrpiqemi maksimalisht q\u00eb \u00e7do sh\u00ebrbim q\u00eb na ofrohet t\u00eb jet\u00eb i p\u00ebrsosur. K\u00ebnaq\u00ebsia e klientit dhe cil\u00ebsia e produkteve..[\/vc_column_text][vc_empty_space height=&#8221;10px&#8221;][vc_column_text]<a href=\"https:\/\/routes4culture.com\/tour-item\/kodra-e-godenve-bio-resort\/\">M\u00cb SHUM\u00cb<\/a>[\/vc_column_text][vc_empty_space height=&#8221;45px&#8221;][\/vc_column][vc_column width=&#8221;1\/3&#8243; offset=&#8221;vc_hidden-lg vc_hidden-md vc_hidden-sm&#8221;][vc_single_image image=&#8221;7062&#8243; img_size=&#8221;415x287px&#8221;][vc_empty_space height=&#8221;24px&#8221;]<div class=\"qodef-section-title-holder \" >\n\t<div class=\"qodef-st-inner\">\n\t\t\t\t\t\t\t<h3 class=\"qodef-st-title\" >\n\t\t\t\tLondon Resort\t\t\t<\/h3>\n\t\t\t\t\t<\/div>\n<\/div>[vc_column_text]Londres Resort ndodhet ne Spille ofron, Ajer te kondicionuar, Pamje nga qyteti, Dhoma familjare, WiFi, Parking, Parking..[\/vc_column_text][vc_empty_space height=&#8221;10px&#8221;][vc_column_text]<a href=\"https:\/\/routes4culture.com\/tour-item\/london-resort\/\">M\u00cb SHUM\u00cb<\/a>[\/vc_column_text][vc_empty_space height=&#8221;45px&#8221;][\/vc_column][vc_column width=&#8221;1\/3&#8243; offset=&#8221;vc_hidden-lg vc_hidden-md vc_hidden-sm&#8221;][vc_single_image image=&#8221;7067&#8243; img_size=&#8221;415x287px&#8221;][vc_empty_space height=&#8221;24px&#8221;]<div class=\"qodef-section-title-holder \" >\n\t<div class=\"qodef-st-inner\">\n\t\t\t\t\t\t\t<h3 class=\"qodef-st-title\" >\n\t\t\t\tPegasos House\t\t\t<\/h3>\n\t\t\t\t\t<\/div>\n<\/div>[vc_column_text]Shtepia private ne Spille eshte shtepi pushimi, ndodhet prane fshatit Spille, perballe plazhit.r kondicioner, pamje nga qyteti, dhoma familjare, WiFi, parkim, parkim.. Mund te shijoni..[\/vc_column_text][vc_empty_space height=&#8221;10px&#8221;][vc_column_text]<a href=\"https:\/\/routes4culture.com\/tour-item\/pegasos-house\/\">M\u00cb SHUM\u00cb<\/a>[\/vc_column_text][vc_empty_space height=&#8221;45px&#8221;][\/vc_column][\/vc_row][vc_row full_width=&#8221;stretch_row&#8221; gap=&#8221;15&#8243; css=&#8221;.vc_custom_1674693318512{margin-right: 70px !important;margin-left: 70px !important;}&#8221;][vc_column width=&#8221;1\/3&#8243; offset=&#8221;vc_hidden-xs&#8221;][vc_single_image image=&#8221;7200&#8243; img_size=&#8221;415x287px&#8221;][vc_empty_space height=&#8221;24px&#8221;]<div class=\"qodef-section-title-holder \" >\n\t<div class=\"qodef-st-inner\">\n\t\t\t\t\t\t\t<h3 class=\"qodef-st-title\" >\n\t\t\t\tCabej Residence\t\t\t<\/h3>\n\t\t\t\t\t<\/div>\n<\/div>[vc_column_text]E vendosur n\u00eb Spille n\u00eb rrethin e Tiran\u00ebs, REZIDENCA CABEJ ka nj\u00eb kopsht. Prona ka pamje nga pishina dhe ndodhet 38 km nga Tirana..[\/vc_column_text][vc_empty_space height=&#8221;10px&#8221;][vc_column_text]<a href=\"https:\/\/routes4culture.com\/tour-item\/cabej-residence\/\" target=\"_blank\" rel=\"noopener\">M\u00cb SHUM\u00cb<\/a>[\/vc_column_text][vc_empty_space height=&#8221;24px&#8221;][\/vc_column][vc_column width=&#8221;1\/3&#8243; offset=&#8221;vc_hidden-xs&#8221;][\/vc_column][vc_column width=&#8221;1\/3&#8243; offset=&#8221;vc_hidden-xs&#8221;][\/vc_column][\/vc_row][vc_row full_width=&#8221;stretch_row&#8221; css=&#8221;.vc_custom_1674693339712{margin-right: 20px !important;margin-left: 20px !important;}&#8221;][vc_column width=&#8221;1\/3&#8243; offset=&#8221;vc_hidden-lg vc_hidden-md vc_hidden-sm&#8221;][vc_single_image image=&#8221;7200&#8243; img_size=&#8221;415x287px&#8221;][vc_empty_space height=&#8221;24px&#8221;]<div class=\"qodef-section-title-holder \" >\n\t<div class=\"qodef-st-inner\">\n\t\t\t\t\t\t\t<h3 class=\"qodef-st-title\" >\n\t\t\t\tCabej Residence\t\t\t<\/h3>\n\t\t\t\t\t<\/div>\n<\/div>[vc_column_text]E vendosur n\u00eb Spille n\u00eb rrethin e Tiran\u00ebs, REZIDENCA CABEJ ka nj\u00eb kopsht. Prona ka pamje nga pishina dhe ndodhet 38 km nga Tirana..[\/vc_column_text][vc_empty_space height=&#8221;10px&#8221;][vc_column_text]<a href=\"https:\/\/routes4culture.com\/tour-item\/cabej-residence\/\" target=\"_blank\" rel=\"noopener\">M\u00cb SHUM\u00cb<\/a>[\/vc_column_text][vc_empty_space height=&#8221;45px&#8221;][\/vc_column][vc_column width=&#8221;1\/3&#8243; offset=&#8221;vc_hidden-lg vc_hidden-md vc_hidden-sm&#8221;][\/vc_column][vc_column width=&#8221;1\/3&#8243; offset=&#8221;vc_hidden-lg vc_hidden-md vc_hidden-sm&#8221;][\/vc_column][\/vc_row][vc_row][vc_column offset=&#8221;vc_hidden-xs&#8221;][vc_empty_space height=&#8221;60px&#8221;][\/vc_column][\/vc_row][vc_row][vc_column offset=&#8221;vc_hidden-xs&#8221;][vc_empty_space height=&#8221;120px&#8221;][\/vc_column][\/vc_row][vc_row][vc_column offset=&#8221;vc_hidden-lg vc_hidden-md vc_hidden-sm&#8221;][vc_empty_space height=&#8221;50px&#8221;][\/vc_column][\/vc_row]<\/p>\n","protected":false},"excerpt":{"rendered":"<p>[vc_row][vc_column][vc_empty_space height=&#8221;120px&#8221;][\/vc_column][\/vc_row][vc_row full_width=&#8221;stretch_row&#8221; gap=&#8221;15&#8243; css=&#8221;.vc_custom_1674690906595{margin-right: 70px !important;margin-left: 70px !important;}&#8221; el_id=&#8221;Desktop-Tablet&#8221;][vc_column width=&#8221;1\/3&#8243; offset=&#8221;vc_hidden-xs&#8221;][vc_single_image image=&#8221;6861&#8243; img_size=&#8221;large&#8221;][vc_empty_space height=&#8221;24px&#8221;][vc_column_text]I ndodhur n\u00eb Spille, pak hapa larg plazhit t\u00eb Spilles\u00eb, Amber Hotel Albania ofron akomodim me nj\u00eb pishin\u00eb t\u00eb jashtme sezonale, parkim privat falas..[\/vc_column_text][vc_empty_space height=&#8221;10px&#8221;][vc_column_text]M\u00cb SHUM\u00cb[\/vc_column_text][vc_empty_space [&hellip;]<\/p>\n","protected":false},"author":1,"featured_media":6913,"parent":0,"menu_order":0,"comment_status":"closed","ping_status":"closed","template":"full-width.php","meta":[],"yoast_head":"<!-- This site is optimized with the Yoast SEO plugin v20.13 - https:\/\/yoast.com\/wordpress\/plugins\/seo\/ -->\n<title>Hotele | Routes 4 Culture<\/title>\n<meta name=\"robots\" content=\"index, follow, max-snippet:-1, max-image-preview:large, max-video-preview:-1\" \/>\n<link rel=\"canonical\" href=\"https:\/\/routes4culture.com\/sq\/hotele\/\" \/>\n<meta property=\"og:locale\" content=\"sq_AL\" \/>\n<meta property=\"og:type\" content=\"article\" \/>\n<meta property=\"og:title\" content=\"Hotele | Routes 4 Culture\" \/>\n<meta property=\"og:description\" content=\"[vc_row][vc_column][vc_empty_space height=&#8221;120px&#8221;][\/vc_column][\/vc_row][vc_row full_width=&#8221;stretch_row&#8221; gap=&#8221;15&#8243; css=&#8221;.vc_custom_1674690906595{margin-right: 70px !important;margin-left: 70px !important;}&#8221; el_id=&#8221;Desktop-Tablet&#8221;][vc_column width=&#8221;1\/3&#8243; offset=&#8221;vc_hidden-xs&#8221;][vc_single_image image=&#8221;6861&#8243; img_size=&#8221;large&#8221;][vc_empty_space height=&#8221;24px&#8221;][vc_column_text]I ndodhur n\u00eb Spille, pak hapa larg plazhit t\u00eb Spilles\u00eb, Amber Hotel Albania ofron akomodim me nj\u00eb pishin\u00eb t\u00eb jashtme sezonale, parkim privat falas..[\/vc_column_text][vc_empty_space height=&#8221;10px&#8221;][vc_column_text]M\u00cb SHUM\u00cb[\/vc_column_text][vc_empty_space [&hellip;]\" \/>\n<meta property=\"og:url\" content=\"https:\/\/routes4culture.com\/sq\/hotele\/\" \/>\n<meta property=\"og:site_name\" content=\"Routes 4 Culture\" \/>\n<meta property=\"article:modified_time\" content=\"2023-06-16T19:20:53+00:00\" \/>\n<meta property=\"og:image\" content=\"https:\/\/routes4culture.com\/wp-content\/uploads\/2018\/10\/blue-mare-3.jpg\" \/>\n\t<meta property=\"og:image:width\" content=\"1024\" \/>\n\t<meta property=\"og:image:height\" content=\"683\" \/>\n\t<meta property=\"og:image:type\" content=\"image\/jpeg\" \/>\n<meta name=\"twitter:card\" content=\"summary_large_image\" \/>\n<meta name=\"twitter:label1\" content=\"Est. reading time\" \/>\n\t<meta name=\"twitter:data1\" content=\"4 minutes\" \/>\n<script type=\"application\/ld+json\" class=\"yoast-schema-graph\">{\"@context\":\"https:\/\/schema.org\",\"@graph\":[{\"@type\":\"WebPage\",\"@id\":\"https:\/\/routes4culture.com\/sq\/hotele\/\",\"url\":\"https:\/\/routes4culture.com\/sq\/hotele\/\",\"name\":\"Hotele | Routes 4 Culture\",\"isPartOf\":{\"@id\":\"https:\/\/routes4culture.com\/#website\"},\"datePublished\":\"2018-09-10T08:00:47+00:00\",\"dateModified\":\"2023-06-16T19:20:53+00:00\",\"breadcrumb\":{\"@id\":\"https:\/\/routes4culture.com\/sq\/hotele\/#breadcrumb\"},\"inLanguage\":\"sq-AL\",\"potentialAction\":[{\"@type\":\"ReadAction\",\"target\":[\"https:\/\/routes4culture.com\/sq\/hotele\/\"]}]},{\"@type\":\"BreadcrumbList\",\"@id\":\"https:\/\/routes4culture.com\/sq\/hotele\/#breadcrumb\",\"itemListElement\":[{\"@type\":\"ListItem\",\"position\":1,\"name\":\"Home\",\"item\":\"https:\/\/routes4culture.com\/\"},{\"@type\":\"ListItem\",\"position\":2,\"name\":\"Hotele\"}]},{\"@type\":\"WebSite\",\"@id\":\"https:\/\/routes4culture.com\/#website\",\"url\":\"https:\/\/routes4culture.com\/\",\"name\":\"Routes 4 Culture\",\"description\":\"Explore Albania&#039;s Culture\",\"potentialAction\":[{\"@type\":\"SearchAction\",\"target\":{\"@type\":\"EntryPoint\",\"urlTemplate\":\"https:\/\/routes4culture.com\/?s={search_term_string}\"},\"query-input\":\"required name=search_term_string\"}],\"inLanguage\":\"sq-AL\"}]}<\/script>\n<!-- \/ Yoast SEO plugin. -->","yoast_head_json":{"title":"Hotele | Routes 4 Culture","robots":{"index":"index","follow":"follow","max-snippet":"max-snippet:-1","max-image-preview":"max-image-preview:large","max-video-preview":"max-video-preview:-1"},"canonical":"https:\/\/routes4culture.com\/sq\/hotele\/","og_locale":"sq_AL","og_type":"article","og_title":"Hotele | Routes 4 Culture","og_description":"[vc_row][vc_column][vc_empty_space height=&#8221;120px&#8221;][\/vc_column][\/vc_row][vc_row full_width=&#8221;stretch_row&#8221; gap=&#8221;15&#8243; css=&#8221;.vc_custom_1674690906595{margin-right: 70px !important;margin-left: 70px !important;}&#8221; el_id=&#8221;Desktop-Tablet&#8221;][vc_column width=&#8221;1\/3&#8243; offset=&#8221;vc_hidden-xs&#8221;][vc_single_image image=&#8221;6861&#8243; img_size=&#8221;large&#8221;][vc_empty_space height=&#8221;24px&#8221;][vc_column_text]I ndodhur n\u00eb Spille, pak hapa larg plazhit t\u00eb Spilles\u00eb, Amber Hotel Albania ofron akomodim me nj\u00eb pishin\u00eb t\u00eb jashtme sezonale, parkim privat falas..[\/vc_column_text][vc_empty_space height=&#8221;10px&#8221;][vc_column_text]M\u00cb SHUM\u00cb[\/vc_column_text][vc_empty_space [&hellip;]","og_url":"https:\/\/routes4culture.com\/sq\/hotele\/","og_site_name":"Routes 4 Culture","article_modified_time":"2023-06-16T19:20:53+00:00","og_image":[{"width":1024,"height":683,"url":"https:\/\/routes4culture.com\/wp-content\/uploads\/2018\/10\/blue-mare-3.jpg","type":"image\/jpeg"}],"twitter_card":"summary_large_image","twitter_misc":{"Est. reading time":"4 minutes"},"schema":{"@context":"https:\/\/schema.org","@graph":[{"@type":"WebPage","@id":"https:\/\/routes4culture.com\/sq\/hotele\/","url":"https:\/\/routes4culture.com\/sq\/hotele\/","name":"Hotele | Routes 4 Culture","isPartOf":{"@id":"https:\/\/routes4culture.com\/#website"},"datePublished":"2018-09-10T08:00:47+00:00","dateModified":"2023-06-16T19:20:53+00:00","breadcrumb":{"@id":"https:\/\/routes4culture.com\/sq\/hotele\/#breadcrumb"},"inLanguage":"sq-AL","potentialAction":[{"@type":"ReadAction","target":["https:\/\/routes4culture.com\/sq\/hotele\/"]}]},{"@type":"BreadcrumbList","@id":"https:\/\/routes4culture.com\/sq\/hotele\/#breadcrumb","itemListElement":[{"@type":"ListItem","position":1,"name":"Home","item":"https:\/\/routes4culture.com\/"},{"@type":"ListItem","position":2,"name":"Hotele"}]},{"@type":"WebSite","@id":"https:\/\/routes4culture.com\/#website","url":"https:\/\/routes4culture.com\/","name":"Routes 4 Culture","description":"Explore Albania&#039;s Culture","potentialAction":[{"@type":"SearchAction","target":{"@type":"EntryPoint","urlTemplate":"https:\/\/routes4culture.com\/?s={search_term_string}"},"query-input":"required name=search_term_string"}],"inLanguage":"sq-AL"}]}},"_links":{"self":[{"href":"https:\/\/routes4culture.com\/sq\/wp-json\/wp\/v2\/pages\/7359"}],"collection":[{"href":"https:\/\/routes4culture.com\/sq\/wp-json\/wp\/v2\/pages"}],"about":[{"href":"https:\/\/routes4culture.com\/sq\/wp-json\/wp\/v2\/types\/page"}],"author":[{"embeddable":true,"href":"https:\/\/routes4culture.com\/sq\/wp-json\/wp\/v2\/users\/1"}],"replies":[{"embeddable":true,"href":"https:\/\/routes4culture.com\/sq\/wp-json\/wp\/v2\/comments?post=7359"}],"version-history":[{"count":5,"href":"https:\/\/routes4culture.com\/sq\/wp-json\/wp\/v2\/pages\/7359\/revisions"}],"predecessor-version":[{"id":7364,"href":"https:\/\/routes4culture.com\/sq\/wp-json\/wp\/v2\/pages\/7359\/revisions\/7364"}],"wp:featuredmedia":[{"embeddable":true,"href":"https:\/\/routes4culture.com\/sq\/wp-json\/wp\/v2\/media\/6913"}],"wp:attachment":[{"href":"https:\/\/routes4culture.com\/sq\/wp-json\/wp\/v2\/media?parent=7359"}],"curies":[{"name":"wp","href":"https:\/\/api.w.org\/{rel}","templated":true}]}}