{"id":7395,"date":"2018-09-10T09:00:47","date_gmt":"2018-09-10T08:00:47","guid":{"rendered":"https:\/\/routes4culture.com\/rreth-nesh\/aktivitetet-kryesore\/"},"modified":"2023-06-17T13:45:34","modified_gmt":"2023-06-17T12:45:34","slug":"aktivitetet-kryesore","status":"publish","type":"page","link":"https:\/\/routes4culture.com\/sq\/rreth-nesh\/aktivitetet-kryesore\/","title":{"rendered":"Aktivitetet kryesore"},"content":{"rendered":"<p>[vc_row content_placement=&#8221;top&#8221; row_content_width=&#8221;grid&#8221;][vc_column][vc_empty_space height=&#8221;82px&#8221;][vc_row_inner el_id=&#8221;Desktop-Mobile&#8221;][vc_column_inner width=&#8221;4\/12&#8243; offset=&#8221;vc_hidden-md vc_hidden-sm&#8221;]<div class=\"qodef-section-title-holder \" style=\"text-align: left\">\n\t<div class=\"qodef-st-inner\">\n\t\t\t\t\t\t\t<h2 class=\"qodef-st-title\" >\n\t\t\t\tAktivitetet kryesore t\u00eb Projektit\t\t\t<\/h2>\n\t\t\t\t\t<\/div>\n<\/div>[vc_empty_space height=&#8221;28px&#8221;][\/vc_column_inner][vc_column_inner width=&#8221;8\/12&#8243; offset=&#8221;vc_hidden-md vc_hidden-sm&#8221;]<div class=\"qodef-section-title-holder \" >\n\t<div class=\"qodef-st-inner\">\n\t\t\t\t\t\t\t<h3 class=\"qodef-st-title\" style=\"color: #58c4eb\">\n\t\t\t\tDevelopment of a cultural study\t\t\t<\/h3>\n\t\t\t\t\t<\/div>\n<\/div>[vc_empty_space height=&#8221;3px&#8221;][vc_column_text]Studimi kulturor do t\u00eb p\u00ebrfshij\u00eb k\u00ebrkime n\u00eb tavolin\u00eb dhe arkivore rreth historis\u00eb s\u00eb pikave kulturore me interes, arkitektur\u00ebs, ve\u00e7orive dhe fakteve t\u00eb jet\u00ebs p\u00ebr t\u00eb pakt\u00ebn 10 POI-s (Pikat e Interesit). Studimi i fizibilitetit do t\u00eb p\u00ebrfshij\u00eb nj\u00eb identifikim t\u00eb gjendjes s\u00eb artit t\u00eb trash\u00ebgimis\u00eb kulturore dhe rrjetin e tyre me autoritetet lokale. Nj\u00eb grup rekomandimesh dhe nj\u00eb pik\u00eb ky\u00e7e strategjike do t\u00eb p\u00ebrfshihen n\u00eb studim.[\/vc_column_text][vc_empty_space height=&#8221;5px&#8221;][\/vc_column_inner][\/vc_row_inner][vc_row_inner el_id=&#8221;tablet&#8221;][vc_column_inner offset=&#8221;vc_hidden-lg vc_hidden-xs&#8221;]<div class=\"qodef-section-title-holder \" style=\"text-align: left\">\n\t<div class=\"qodef-st-inner\">\n\t\t\t\t\t\t\t<h1 class=\"qodef-st-title\" >\n\t\t\t\tMain Activities of the Project\t\t\t<\/h1>\n\t\t\t\t\t<\/div>\n<\/div>[vc_empty_space height=&#8221;28px&#8221;]<div class=\"qodef-section-title-holder \" >\n\t<div class=\"qodef-st-inner\">\n\t\t\t\t\t\t\t<h3 class=\"qodef-st-title\" style=\"color: #58c4eb\">\n\t\t\t\tDevelopment of a cultural study\t\t\t<\/h3>\n\t\t\t\t\t<\/div>\n<\/div>[vc_empty_space height=&#8221;3px&#8221;][vc_column_text]Studimi kulturor do t\u00eb p\u00ebrfshij\u00eb k\u00ebrkime n\u00eb tavolin\u00eb dhe arkivore rreth historis\u00eb s\u00eb pikave kulturore me interes, arkitektur\u00ebs, ve\u00e7orive dhe fakteve t\u00eb jet\u00ebs p\u00ebr t\u00eb pakt\u00ebn 10 POI-s (Pikat e Interesit). Studimi i fizibilitetit do t\u00eb p\u00ebrfshij\u00eb nj\u00eb identifikim t\u00eb gjendjes s\u00eb artit t\u00eb trash\u00ebgimis\u00eb kulturore dhe rrjetin e tyre me autoritetet lokale. Nj\u00eb grup rekomandimesh dhe nj\u00eb pik\u00eb ky\u00e7e strategjike do t\u00eb p\u00ebrfshihen n\u00eb studim.[\/vc_column_text][vc_empty_space height=&#8221;5px&#8221;][\/vc_column_inner][\/vc_row_inner][vc_row_inner gap=&#8221;10&#8243;][vc_column_inner][vc_empty_space height=&#8221;15px&#8221;][\/vc_column_inner][\/vc_row_inner][vc_row_inner gap=&#8221;10&#8243; el_id=&#8221;Desktop-Mobile&#8221;][vc_column_inner width=&#8221;2\/12&#8243; offset=&#8221;vc_hidden-md vc_hidden-sm&#8221;][\/vc_column_inner][vc_column_inner width=&#8221;2\/12&#8243; offset=&#8221;vc_hidden-md vc_hidden-sm&#8221;][\/vc_column_inner][vc_column_inner width=&#8221;8\/12&#8243; offset=&#8221;vc_hidden-md vc_hidden-sm&#8221;]<div class=\"qodef-section-title-holder \" >\n\t<div class=\"qodef-st-inner\">\n\t\t\t\t\t\t\t<h3 class=\"qodef-st-title\" style=\"color: #58c4eb\">\n\t\t\t\tDeveloping an economic study\t\t\t<\/h3>\n\t\t\t\t\t<\/div>\n<\/div>[vc_empty_space height=&#8221;3px&#8221;][vc_column_text css=&#8221;.vc_custom_1673480795631{margin-top: 0px !important;}&#8221;]Nj\u00eb identifikim dhe hart\u00eb e aktiviteteve ekonomike ekzistuese do t\u00eb ruhet n\u00eb nj\u00eb baz\u00eb t\u00eb dh\u00ebnash. Studimi do t\u00eb vler\u00ebsoj\u00eb fushat e mundshme p\u00ebr zhvillimin e aktiviteteve t\u00eb reja ekonomike dhe angazhimin e drejtp\u00ebrdrejt\u00eb t\u00eb komunitetit lokal, ve\u00e7an\u00ebrisht t\u00eb grave dhe t\u00eb rinjve. Nj\u00eb grup rekomandimesh do t\u00eb jet\u00eb nj\u00eb nga pikat ky\u00e7e t\u00eb studimit.[\/vc_column_text][vc_empty_space height=&#8221;5px&#8221;][\/vc_column_inner][\/vc_row_inner][vc_row_inner gap=&#8221;10&#8243; el_id=&#8221;Tablet&#8221;][vc_column_inner offset=&#8221;vc_hidden-lg vc_hidden-xs&#8221;]<div class=\"qodef-section-title-holder \" >\n\t<div class=\"qodef-st-inner\">\n\t\t\t\t\t\t\t<h3 class=\"qodef-st-title\" style=\"color: #58c4eb\">\n\t\t\t\tDeveloping an economic study\t\t\t<\/h3>\n\t\t\t\t\t<\/div>\n<\/div>[vc_empty_space height=&#8221;3px&#8221;][vc_column_text css=&#8221;.vc_custom_1673480795631{margin-top: 0px !important;}&#8221;]Nj\u00eb identifikim dhe hart\u00eb e aktiviteteve ekonomike ekzistuese do t\u00eb ruhet n\u00eb nj\u00eb baz\u00eb t\u00eb dh\u00ebnash. Studimi do t\u00eb vler\u00ebsoj\u00eb fushat e mundshme p\u00ebr zhvillimin e aktiviteteve t\u00eb reja ekonomike dhe angazhimin e drejtp\u00ebrdrejt\u00eb t\u00eb komunitetit lokal, ve\u00e7an\u00ebrisht t\u00eb grave dhe t\u00eb rinjve. Nj\u00eb grup rekomandimesh do t\u00eb jet\u00eb nj\u00eb nga pikat ky\u00e7e t\u00eb studimit.[\/vc_column_text][vc_empty_space height=&#8221;5px&#8221;][\/vc_column_inner][\/vc_row_inner][vc_row_inner gap=&#8221;10&#8243;][vc_column_inner][vc_empty_space height=&#8221;15px&#8221;][\/vc_column_inner][\/vc_row_inner][vc_row_inner gap=&#8221;10&#8243; css=&#8221;.vc_custom_1674339827095{margin-top: 0px !important;}&#8221; el_id=&#8221;Desktop-Mobile&#8221;][vc_column_inner width=&#8221;2\/12&#8243; offset=&#8221;vc_hidden-md vc_hidden-sm&#8221;][\/vc_column_inner][vc_column_inner width=&#8221;2\/12&#8243; offset=&#8221;vc_hidden-md vc_hidden-sm&#8221;][\/vc_column_inner][vc_column_inner width=&#8221;8\/12&#8243; offset=&#8221;vc_hidden-md vc_hidden-sm&#8221;]<div class=\"qodef-section-title-holder \" >\n\t<div class=\"qodef-st-inner\">\n\t\t\t\t\t\t\t<h3 class=\"qodef-st-title\" style=\"color: #58c4eb\">\n\t\t\t\tDevelopment of the platform\t\t\t<\/h3>\n\t\t\t\t\t<\/div>\n<\/div>[vc_empty_space height=&#8221;3px&#8221;][vc_column_text]Aktiviteti p\u00ebrfshin pranin\u00eb e rrug\u00ebve online n\u00eb form\u00eb dixhitale. Turist\u00ebt n\u00eb dit\u00ebt e sotme jan\u00eb t\u00eb orientuar mir\u00eb dhe t\u00eb njohur me kompletet dixhitale, k\u00ebshtu q\u00eb projekti do t\u00eb shkoj\u00eb n\u00eb t\u00eb nj\u00ebjt\u00ebn linj\u00eb me tendencat e fundit.[\/vc_column_text][vc_empty_space height=&#8221;5px&#8221;][\/vc_column_inner][\/vc_row_inner][vc_row_inner gap=&#8221;10&#8243; css=&#8221;.vc_custom_1674339881083{margin-top: 0px !important;}&#8221; el_id=&#8221;Tablet&#8221;][vc_column_inner offset=&#8221;vc_hidden-lg vc_hidden-xs&#8221;]<div class=\"qodef-section-title-holder \" >\n\t<div class=\"qodef-st-inner\">\n\t\t\t\t\t\t\t<h3 class=\"qodef-st-title\" style=\"color: #58c4eb\">\n\t\t\t\tDevelopment of the platform\t\t\t<\/h3>\n\t\t\t\t\t<\/div>\n<\/div>[vc_empty_space height=&#8221;3px&#8221;][vc_column_text]Aktiviteti p\u00ebrfshin pranin\u00eb e rrug\u00ebve online n\u00eb form\u00eb dixhitale. Turist\u00ebt n\u00eb dit\u00ebt e sotme jan\u00eb t\u00eb orientuar mir\u00eb dhe t\u00eb njohur me kompletet dixhitale, k\u00ebshtu q\u00eb projekti do t\u00eb shkoj\u00eb n\u00eb t\u00eb nj\u00ebjt\u00ebn linj\u00eb me tendencat e fundit.[\/vc_column_text][vc_empty_space height=&#8221;5px&#8221;][\/vc_column_inner][\/vc_row_inner][vc_row_inner gap=&#8221;10&#8243;][vc_column_inner][vc_empty_space height=&#8221;15px&#8221;][\/vc_column_inner][\/vc_row_inner][vc_row_inner gap=&#8221;10&#8243; el_id=&#8221;Desktop-Mobile&#8221;][vc_column_inner width=&#8221;2\/12&#8243; offset=&#8221;vc_hidden-md vc_hidden-sm&#8221;][\/vc_column_inner][vc_column_inner width=&#8221;2\/12&#8243; offset=&#8221;vc_hidden-md vc_hidden-sm&#8221;][\/vc_column_inner][vc_column_inner width=&#8221;8\/12&#8243; offset=&#8221;vc_hidden-md vc_hidden-sm&#8221;]<div class=\"qodef-section-title-holder \" >\n\t<div class=\"qodef-st-inner\">\n\t\t\t\t\t\t\t<h3 class=\"qodef-st-title\" style=\"color: #58c4eb\">\n\t\t\t\tRoute design\t\t\t<\/h3>\n\t\t\t\t\t<\/div>\n<\/div>[vc_empty_space height=&#8221;3px&#8221;][vc_column_text el_class=&#8221;list-style&#8221;]Dizajni i rrug\u00ebve do t\u00eb p\u00ebrfshij\u00eb ruajtjen e t\u00eb gjith\u00eb informacionit p\u00ebrkat\u00ebs n\u00eb platform\u00eb dhe vendosjen e pllakave orientuese dhe pikave t\u00eb informacionit.<strong><br \/>\n<\/strong><\/p>\n<p><strong>Rrug\u00ebt e identifikuara<\/strong><\/p>\n<ol>\n<li>Rrug\u00eb kulturor + sh\u00ebtitje n\u00eb kregun e p\u00ebrmbajtjes s\u00eb Parkut Komb\u00ebtar La Karavastas\u00eb + agroturiz\u00ebm + ekoturiz\u00ebm.<\/li>\n<li>Rrug\u00eb kreative (Ecje n\u00eb zon\u00ebn e Kalas\u00eb s\u00eb Turr\u00ebs, turiz\u00ebm kulturor, ekoturiz\u00ebm, agroturiz\u00ebm).<\/li>\n<li>Turne Hiking n\u00eb zon\u00ebn p\u00ebrreth Spilles\u00eb dhe,<\/li>\n<li>Zbulimi me bi\u00e7iklet\u00eb i zon\u00ebs p\u00ebrreth \u201cKodrave t\u00eb Kavaj\u00ebs\u201d.- Turne me bi\u00e7iklet\u00eb +ekoturiz\u00ebm + tur agroturiz\u00ebm.<\/li>\n<\/ol>\n<p>[\/vc_column_text][vc_empty_space height=&#8221;5px&#8221;][\/vc_column_inner][\/vc_row_inner][vc_row_inner gap=&#8221;10&#8243; el_id=&#8221;Tablet&#8221;][vc_column_inner offset=&#8221;vc_hidden-lg vc_hidden-xs&#8221;]<div class=\"qodef-section-title-holder \" >\n\t<div class=\"qodef-st-inner\">\n\t\t\t\t\t\t\t<h3 class=\"qodef-st-title\" style=\"color: #58c4eb\">\n\t\t\t\tRoute design\t\t\t<\/h3>\n\t\t\t\t\t<\/div>\n<\/div>[vc_empty_space height=&#8221;3px&#8221;][vc_column_text el_class=&#8221;list-style&#8221;]Dizajni i rrug\u00ebve do t\u00eb p\u00ebrfshij\u00eb ruajtjen e t\u00eb gjith\u00eb informacionit p\u00ebrkat\u00ebs n\u00eb platform\u00eb dhe vendosjen e pllakave orientuese dhe pikave t\u00eb informacionit.<strong><br \/>\n<\/strong><\/p>\n<p><strong>Rrug\u00ebt e identifikuara<\/strong><\/p>\n<ol>\n<li>Rrug\u00eb kulturor + sh\u00ebtitje n\u00eb kregun e p\u00ebrmbajtjes s\u00eb Parkut Komb\u00ebtar La Karavastas\u00eb + agroturiz\u00ebm + ekoturiz\u00ebm.<\/li>\n<li>Rrug\u00eb kreative (Ecje n\u00eb zon\u00ebn e Kalas\u00eb s\u00eb Turr\u00ebs, turiz\u00ebm kulturor, ekoturiz\u00ebm, agroturiz\u00ebm).<\/li>\n<li>Turne Hiking n\u00eb zon\u00ebn p\u00ebrreth Spilles\u00eb dhe,<\/li>\n<li>Zbulimi me bi\u00e7iklet\u00eb i zon\u00ebs p\u00ebrreth \u201cKodrave t\u00eb Kavaj\u00ebs\u201d.- Turne me bi\u00e7iklet\u00eb +ekoturiz\u00ebm + tur agroturiz\u00ebm.<\/li>\n<\/ol>\n<p>[\/vc_column_text][vc_empty_space height=&#8221;5px&#8221;][\/vc_column_inner][\/vc_row_inner][vc_row_inner gap=&#8221;10&#8243;][vc_column_inner][vc_empty_space height=&#8221;15px&#8221;][\/vc_column_inner][\/vc_row_inner][vc_row_inner gap=&#8221;10&#8243; css=&#8221;.vc_custom_1674340104793{margin-top: 0px !important;}&#8221; el_id=&#8221;Dektop-Mobile&#8221;][vc_column_inner width=&#8221;2\/12&#8243; offset=&#8221;vc_hidden-md vc_hidden-sm&#8221;][\/vc_column_inner][vc_column_inner width=&#8221;2\/12&#8243; offset=&#8221;vc_hidden-md vc_hidden-sm&#8221;][\/vc_column_inner][vc_column_inner width=&#8221;8\/12&#8243; offset=&#8221;vc_hidden-md vc_hidden-sm&#8221;]<div class=\"qodef-section-title-holder \" >\n\t<div class=\"qodef-st-inner\">\n\t\t\t\t\t\t\t<h3 class=\"qodef-st-title\" style=\"color: #58c4eb\">\n\t\t\t\tTwo-day Fair-Festival\t\t\t<\/h3>\n\t\t\t\t\t<\/div>\n<\/div>[vc_empty_space height=&#8221;3px&#8221;][vc_column_text]<strong>Rreth festivalit<\/strong><\/p>\n<p>N\u00eb kalan\u00eb e Bashtov\u00ebs dhe terrenin p\u00ebrreth saj do t\u00eb organizohet nj\u00eb festival panair n\u00eb form\u00eb 2 ditore, ku fermer\u00ebt vendas do t\u00eb prezantojn\u00eb produktet e tyre bio. P\u00ebrve\u00e7 shijimit t\u00eb prodhimeve vendase, vizitor\u00ebt mund t\u00eb vizitojn\u00eb qendrat e interesit kulturor dhe natyror t\u00eb zon\u00ebs, t\u00eb shoq\u00ebruara me muzik\u00eb gjat\u00eb gjith\u00eb dit\u00ebs dhe n\u00eb or\u00ebt e vona t\u00eb mbr\u00ebmjes. Do t\u00eb sigurohet hap\u00ebsira e dedikuar p\u00ebr zejtarin\u00eb dhe artizanatin e zon\u00ebs.<\/p>\n<p><strong>Accommodation<br \/>\n<\/strong>For accommodation, tents will be set up, camping that can give participants the pleasure of being in the middle of nature. Zona ofron shum\u00eb mund\u00ebsi p\u00ebr organizimin e aktiviteteve t\u00eb k\u00ebtij lloji. (N\u00eb zon\u00ebn para pandemis\u00eb kishte 2 kampingje, por si\u00e7 u p\u00ebrmend m\u00eb lart zona ofron shum\u00eb mund\u00ebsi, buz\u00eb lumit, bregdetit, brezit t\u00eb but\u00eb t\u00eb pish\u00ebs, kodrave dhe pran\u00eb liqeneve artificiale.).<\/p>\n<p><strong>Vizitor\u00ebt<\/strong><\/p>\n<p>Festivali do t\u00eb t\u00ebrheq\u00eb vizitor\u00eb komb\u00ebtar\u00eb dhe nd\u00ebrkomb\u00ebtar\u00eb. N\u00eb k\u00ebt\u00eb panair \u2013 festival pritet t\u00eb marrin pjes\u00eb 200 \u2013 500 persona. Kat\u00ebr rrug\u00eb t\u00eb promovuara do t\u00eb ofrohen nga guidat lokale p\u00ebr turist\u00ebt e interesuar.[\/vc_column_text][vc_empty_space height=&#8221;5px&#8221;][\/vc_column_inner][\/vc_row_inner][vc_row_inner gap=&#8221;10&#8243; css=&#8221;.vc_custom_1674340180162{margin-top: 0px !important;}&#8221; el_id=&#8221;Tablet&#8221;][vc_column_inner offset=&#8221;vc_hidden-lg vc_hidden-xs&#8221;]<div class=\"qodef-section-title-holder \" >\n\t<div class=\"qodef-st-inner\">\n\t\t\t\t\t\t\t<h3 class=\"qodef-st-title\" style=\"color: #58c4eb\">\n\t\t\t\tTwo-day Fair-Festival\t\t\t<\/h3>\n\t\t\t\t\t<\/div>\n<\/div>[vc_empty_space height=&#8221;3px&#8221;][vc_column_text]<strong>Rreth festivalit<\/strong><\/p>\n<p>N\u00eb kalan\u00eb e Bashtov\u00ebs dhe terrenin p\u00ebrreth saj do t\u00eb organizohet nj\u00eb festival panair n\u00eb form\u00eb 2 ditore, ku fermer\u00ebt vendas do t\u00eb prezantojn\u00eb produktet e tyre bio. P\u00ebrve\u00e7 shijimit t\u00eb prodhimeve vendase, vizitor\u00ebt mund t\u00eb vizitojn\u00eb qendrat e interesit kulturor dhe natyror t\u00eb zon\u00ebs, t\u00eb shoq\u00ebruara me muzik\u00eb gjat\u00eb gjith\u00eb dit\u00ebs dhe n\u00eb or\u00ebt e vona t\u00eb mbr\u00ebmjes. Do t\u00eb sigurohet hap\u00ebsira e dedikuar p\u00ebr zejtarin\u00eb dhe artizanatin e zon\u00ebs.<\/p>\n<p><strong>Accommodation<br \/>\n<\/strong>For accommodation, tents will be set up, camping that can give participants the pleasure of being in the middle of nature. Zona ofron shum\u00eb mund\u00ebsi p\u00ebr organizimin e aktiviteteve t\u00eb k\u00ebtij lloji. (N\u00eb zon\u00ebn para pandemis\u00eb kishte 2 kampingje, por si\u00e7 u p\u00ebrmend m\u00eb lart zona ofron shum\u00eb mund\u00ebsi, buz\u00eb lumit, bregdetit, brezit t\u00eb but\u00eb t\u00eb pish\u00ebs, kodrave dhe pran\u00eb liqeneve artificiale.).<\/p>\n<p><strong>Vizitor\u00ebt<\/strong><\/p>\n<p>Festivali do t\u00eb t\u00ebrheq\u00eb vizitor\u00eb komb\u00ebtar\u00eb dhe nd\u00ebrkomb\u00ebtar\u00eb. N\u00eb k\u00ebt\u00eb panair \u2013 festival pritet t\u00eb marrin pjes\u00eb 200 \u2013 500 persona. Kat\u00ebr rrug\u00eb t\u00eb promovuara do t\u00eb ofrohen nga guidat lokale p\u00ebr turist\u00ebt e interesuar.[\/vc_column_text][vc_empty_space height=&#8221;5px&#8221;][\/vc_column_inner][\/vc_row_inner][\/vc_column][\/vc_row][vc_row][vc_column css_animation=&#8221;none&#8221; el_class=&#8221;non-border&#8221;][vc_empty_space height=&#8221;60px&#8221;][\/vc_column][\/vc_row][vc_row full_width=&#8221;stretch_row_content_no_spaces&#8221; simple_background_color=&#8221;#58c4eb&#8221; css=&#8221;.vc_custom_1677535236008{padding-top: 40px !important;padding-bottom: 40px !important;}&#8221;][vc_column css_animation=&#8221;fadeInUp&#8221; el_class=&#8221;non-border&#8221;]<div class=\"qodef-call-to-action-holder  qodef-normal-layout qodef-content-in-grid qodef-three-quarters-columns\">\n\t<div class=\"qodef-cta-inner qodef-grid\">\n\t\t<div class=\"qodef-cta-text-holder\">\n\t\t\t<div class=\"qodef-cta-text\">\n<h4 style=\"color: #fff;\">Na tregoni n\u00ebse keni ndonj\u00eb pyetje!<\/h4>\n<\/div>\n\t\t<\/div>\n\t\t<div class=\"qodef-cta-button-holder\" >\n\t\t\t<div class=\"qodef-cta-button\"><a itemprop=\"url\" href=\"\/contact\/\" target=\"_self\" style=\"color: #222222;background-color: #ffffff\" class=\"qodef-btn qodef-btn-large qodef-btn-solid qodef-btn-custom-hover-bg qodef-btn-custom-hover-color\" data-hover-color=\"#ffffff\" data-hover-bg-color=\"#f0492f\" >    <span class=\"qodef-btn-text\">Contact Us<\/span>    <\/a><\/div>\n\t\t<\/div>\n\t<\/div>\n<\/div>[\/vc_column][\/vc_row]<\/p>\n","protected":false},"excerpt":{"rendered":"<p>[vc_row content_placement=&#8221;top&#8221; row_content_width=&#8221;grid&#8221;][vc_column][vc_empty_space height=&#8221;82px&#8221;][vc_row_inner el_id=&#8221;Desktop-Mobile&#8221;][vc_column_inner width=&#8221;4\/12&#8243; offset=&#8221;vc_hidden-md vc_hidden-sm&#8221;][vc_empty_space height=&#8221;28px&#8221;][\/vc_column_inner][vc_column_inner width=&#8221;8\/12&#8243; offset=&#8221;vc_hidden-md vc_hidden-sm&#8221;][vc_empty_space height=&#8221;3px&#8221;][vc_column_text]Studimi kulturor do t\u00eb p\u00ebrfshij\u00eb k\u00ebrkime n\u00eb tavolin\u00eb dhe arkivore rreth historis\u00eb s\u00eb pikave kulturore me interes, arkitektur\u00ebs, ve\u00e7orive dhe fakteve t\u00eb jet\u00ebs p\u00ebr t\u00eb pakt\u00ebn 10 POI-s [&hellip;]<\/p>\n","protected":false},"author":1,"featured_media":0,"parent":7379,"menu_order":0,"comment_status":"closed","ping_status":"closed","template":"","meta":[],"yoast_head":"<!-- This site is optimized with the Yoast SEO plugin v20.13 - https:\/\/yoast.com\/wordpress\/plugins\/seo\/ -->\n<title>Aktivitetet kryesore | Routes 4 Culture<\/title>\n<meta name=\"description\" content=\"Aktivitetet kryesore t\u00eb projektit jan\u00eb zhvillimi i nj\u00eb studimi kulturor, zhvillimi i nj\u00eb studimi ekonomik, zhvillimi i platform\u00ebs, hartimi i rrug\u00ebs dhe panair-festival dyditor.\" \/>\n<meta name=\"robots\" content=\"index, follow, max-snippet:-1, max-image-preview:large, max-video-preview:-1\" \/>\n<link rel=\"canonical\" href=\"https:\/\/routes4culture.com\/sq\/rreth-nesh\/aktivitetet-kryesore\/\" \/>\n<meta property=\"og:locale\" content=\"sq_AL\" \/>\n<meta property=\"og:type\" content=\"article\" \/>\n<meta property=\"og:title\" content=\"Aktivitetet kryesore | Routes 4 Culture\" \/>\n<meta property=\"og:description\" content=\"Aktivitetet kryesore t\u00eb projektit jan\u00eb zhvillimi i nj\u00eb studimi kulturor, zhvillimi i nj\u00eb studimi ekonomik, zhvillimi i platform\u00ebs, hartimi i rrug\u00ebs dhe panair-festival dyditor.\" \/>\n<meta property=\"og:url\" content=\"https:\/\/routes4culture.com\/sq\/rreth-nesh\/aktivitetet-kryesore\/\" \/>\n<meta property=\"og:site_name\" content=\"Routes 4 Culture\" \/>\n<meta property=\"article:modified_time\" content=\"2023-06-17T12:45:34+00:00\" \/>\n<meta property=\"og:image\" content=\"https:\/\/routes4culture.com\/wp-content\/uploads\/2018\/10\/seo-icon.png\" \/>\n\t<meta property=\"og:image:width\" content=\"1200\" \/>\n\t<meta property=\"og:image:height\" content=\"675\" \/>\n\t<meta property=\"og:image:type\" content=\"image\/png\" \/>\n<meta name=\"twitter:card\" content=\"summary_large_image\" \/>\n<meta name=\"twitter:label1\" content=\"Est. reading time\" \/>\n\t<meta name=\"twitter:data1\" content=\"5 minutes\" \/>\n<script type=\"application\/ld+json\" class=\"yoast-schema-graph\">{\"@context\":\"https:\/\/schema.org\",\"@graph\":[{\"@type\":\"WebPage\",\"@id\":\"https:\/\/routes4culture.com\/sq\/rreth-nesh\/aktivitetet-kryesore\/\",\"url\":\"https:\/\/routes4culture.com\/sq\/rreth-nesh\/aktivitetet-kryesore\/\",\"name\":\"Aktivitetet kryesore | Routes 4 Culture\",\"isPartOf\":{\"@id\":\"https:\/\/routes4culture.com\/#website\"},\"datePublished\":\"2018-09-10T08:00:47+00:00\",\"dateModified\":\"2023-06-17T12:45:34+00:00\",\"description\":\"Aktivitetet kryesore t\u00eb projektit jan\u00eb zhvillimi i nj\u00eb studimi kulturor, zhvillimi i nj\u00eb studimi ekonomik, zhvillimi i platform\u00ebs, hartimi i rrug\u00ebs dhe panair-festival dyditor.\",\"breadcrumb\":{\"@id\":\"https:\/\/routes4culture.com\/sq\/rreth-nesh\/aktivitetet-kryesore\/#breadcrumb\"},\"inLanguage\":\"sq-AL\",\"potentialAction\":[{\"@type\":\"ReadAction\",\"target\":[\"https:\/\/routes4culture.com\/sq\/rreth-nesh\/aktivitetet-kryesore\/\"]}]},{\"@type\":\"BreadcrumbList\",\"@id\":\"https:\/\/routes4culture.com\/sq\/rreth-nesh\/aktivitetet-kryesore\/#breadcrumb\",\"itemListElement\":[{\"@type\":\"ListItem\",\"position\":1,\"name\":\"Home\",\"item\":\"https:\/\/routes4culture.com\/\"},{\"@type\":\"ListItem\",\"position\":2,\"name\":\"Rreth nesh\",\"item\":\"https:\/\/routes4culture.com\/sq\/rreth-nesh\/\"},{\"@type\":\"ListItem\",\"position\":3,\"name\":\"Aktivitetet kryesore\"}]},{\"@type\":\"WebSite\",\"@id\":\"https:\/\/routes4culture.com\/#website\",\"url\":\"https:\/\/routes4culture.com\/\",\"name\":\"Routes 4 Culture\",\"description\":\"Explore Albania&#039;s Culture\",\"potentialAction\":[{\"@type\":\"SearchAction\",\"target\":{\"@type\":\"EntryPoint\",\"urlTemplate\":\"https:\/\/routes4culture.com\/?s={search_term_string}\"},\"query-input\":\"required name=search_term_string\"}],\"inLanguage\":\"sq-AL\"}]}<\/script>\n<!-- \/ Yoast SEO plugin. -->","yoast_head_json":{"title":"Aktivitetet kryesore | Routes 4 Culture","description":"Aktivitetet kryesore t\u00eb projektit jan\u00eb zhvillimi i nj\u00eb studimi kulturor, zhvillimi i nj\u00eb studimi ekonomik, zhvillimi i platform\u00ebs, hartimi i rrug\u00ebs dhe panair-festival dyditor.","robots":{"index":"index","follow":"follow","max-snippet":"max-snippet:-1","max-image-preview":"max-image-preview:large","max-video-preview":"max-video-preview:-1"},"canonical":"https:\/\/routes4culture.com\/sq\/rreth-nesh\/aktivitetet-kryesore\/","og_locale":"sq_AL","og_type":"article","og_title":"Aktivitetet kryesore | Routes 4 Culture","og_description":"Aktivitetet kryesore t\u00eb projektit jan\u00eb zhvillimi i nj\u00eb studimi kulturor, zhvillimi i nj\u00eb studimi ekonomik, zhvillimi i platform\u00ebs, hartimi i rrug\u00ebs dhe panair-festival dyditor.","og_url":"https:\/\/routes4culture.com\/sq\/rreth-nesh\/aktivitetet-kryesore\/","og_site_name":"Routes 4 Culture","article_modified_time":"2023-06-17T12:45:34+00:00","og_image":[{"width":1200,"height":675,"url":"https:\/\/routes4culture.com\/wp-content\/uploads\/2018\/10\/seo-icon.png","type":"image\/png"}],"twitter_card":"summary_large_image","twitter_misc":{"Est. reading time":"5 minutes"},"schema":{"@context":"https:\/\/schema.org","@graph":[{"@type":"WebPage","@id":"https:\/\/routes4culture.com\/sq\/rreth-nesh\/aktivitetet-kryesore\/","url":"https:\/\/routes4culture.com\/sq\/rreth-nesh\/aktivitetet-kryesore\/","name":"Aktivitetet kryesore | Routes 4 Culture","isPartOf":{"@id":"https:\/\/routes4culture.com\/#website"},"datePublished":"2018-09-10T08:00:47+00:00","dateModified":"2023-06-17T12:45:34+00:00","description":"Aktivitetet kryesore t\u00eb projektit jan\u00eb zhvillimi i nj\u00eb studimi kulturor, zhvillimi i nj\u00eb studimi ekonomik, zhvillimi i platform\u00ebs, hartimi i rrug\u00ebs dhe panair-festival dyditor.","breadcrumb":{"@id":"https:\/\/routes4culture.com\/sq\/rreth-nesh\/aktivitetet-kryesore\/#breadcrumb"},"inLanguage":"sq-AL","potentialAction":[{"@type":"ReadAction","target":["https:\/\/routes4culture.com\/sq\/rreth-nesh\/aktivitetet-kryesore\/"]}]},{"@type":"BreadcrumbList","@id":"https:\/\/routes4culture.com\/sq\/rreth-nesh\/aktivitetet-kryesore\/#breadcrumb","itemListElement":[{"@type":"ListItem","position":1,"name":"Home","item":"https:\/\/routes4culture.com\/"},{"@type":"ListItem","position":2,"name":"Rreth nesh","item":"https:\/\/routes4culture.com\/sq\/rreth-nesh\/"},{"@type":"ListItem","position":3,"name":"Aktivitetet kryesore"}]},{"@type":"WebSite","@id":"https:\/\/routes4culture.com\/#website","url":"https:\/\/routes4culture.com\/","name":"Routes 4 Culture","description":"Explore Albania&#039;s Culture","potentialAction":[{"@type":"SearchAction","target":{"@type":"EntryPoint","urlTemplate":"https:\/\/routes4culture.com\/?s={search_term_string}"},"query-input":"required name=search_term_string"}],"inLanguage":"sq-AL"}]}},"_links":{"self":[{"href":"https:\/\/routes4culture.com\/sq\/wp-json\/wp\/v2\/pages\/7395"}],"collection":[{"href":"https:\/\/routes4culture.com\/sq\/wp-json\/wp\/v2\/pages"}],"about":[{"href":"https:\/\/routes4culture.com\/sq\/wp-json\/wp\/v2\/types\/page"}],"author":[{"embeddable":true,"href":"https:\/\/routes4culture.com\/sq\/wp-json\/wp\/v2\/users\/1"}],"replies":[{"embeddable":true,"href":"https:\/\/routes4culture.com\/sq\/wp-json\/wp\/v2\/comments?post=7395"}],"version-history":[{"count":7,"href":"https:\/\/routes4culture.com\/sq\/wp-json\/wp\/v2\/pages\/7395\/revisions"}],"predecessor-version":[{"id":7404,"href":"https:\/\/routes4culture.com\/sq\/wp-json\/wp\/v2\/pages\/7395\/revisions\/7404"}],"up":[{"embeddable":true,"href":"https:\/\/routes4culture.com\/sq\/wp-json\/wp\/v2\/pages\/7379"}],"wp:attachment":[{"href":"https:\/\/routes4culture.com\/sq\/wp-json\/wp\/v2\/media?parent=7395"}],"curies":[{"name":"wp","href":"https:\/\/api.w.org\/{rel}","templated":true}]}}