{"id":7432,"date":"2018-09-10T09:00:47","date_gmt":"2018-09-10T08:00:47","guid":{"rendered":"https:\/\/routes4culture.com\/restorante\/"},"modified":"2023-06-19T20:54:56","modified_gmt":"2023-06-19T19:54:56","slug":"restorante","status":"publish","type":"page","link":"https:\/\/routes4culture.com\/sq\/restorante\/","title":{"rendered":"Restorante"},"content":{"rendered":"<p>[vc_row][vc_column][vc_empty_space height=&#8221;120px&#8221;][\/vc_column][\/vc_row][vc_row full_width=&#8221;stretch_row&#8221; gap=&#8221;15&#8243; css=&#8221;.vc_custom_1674690906595{margin-right: 70px !important;margin-left: 70px !important;}&#8221; el_id=&#8221;Desktop-Tablet&#8221;][vc_column width=&#8221;1\/3&#8243; offset=&#8221;vc_hidden-xs&#8221;][vc_single_image image=&#8221;7076&#8243; img_size=&#8221;415x287px&#8221;][vc_empty_space height=&#8221;24px&#8221;]<div class=\"qodef-section-title-holder \" >\n\t<div class=\"qodef-st-inner\">\n\t\t\t\t\t\t\t<h3 class=\"qodef-st-title\" >\n\t\t\t\tBar Restaurant ENES\t\t\t<\/h3>\n\t\t\t\t\t<\/div>\n<\/div>[vc_column_text]Restorant ne plazhin e Spilles.[\/vc_column_text][vc_empty_space height=&#8221;10px&#8221;][vc_column_text]<a href=\"https:\/\/routes4culture.com\/tour-item\/bar-restaurant-enes\/\">M\u00cb SHUM\u00cb<\/a>[\/vc_column_text][vc_empty_space height=&#8221;24px&#8221;][\/vc_column][vc_column width=&#8221;1\/3&#8243; offset=&#8221;vc_hidden-xs&#8221;][vc_single_image image=&#8221;7083&#8243; img_size=&#8221;415x287px&#8221;][vc_empty_space height=&#8221;24px&#8221;]<div class=\"qodef-section-title-holder \" >\n\t<div class=\"qodef-st-inner\">\n\t\t\t\t\t\t\t<h3 class=\"qodef-st-title\" >\n\t\t\t\tBar Restaurant La Mer\t\t\t<\/h3>\n\t\t\t\t\t<\/div>\n<\/div>[vc_column_text]N\u00eb Spille t\u00eb Kavaj\u00ebs, Restorant La Mer ndodhet pran\u00eb natyr\u00ebs s\u00eb mrekullueshme t\u00eb gjelb\u00ebruar, t\u00eb paprekur nga dora e njeriut.[\/vc_column_text][vc_empty_space height=&#8221;10px&#8221;][vc_column_text]<a href=\"https:\/\/routes4culture.com\/tour-item\/bar-restaurant-la-mer\/\">M\u00cb SHUM\u00cb<\/a>[\/vc_column_text][vc_empty_space height=&#8221;24px&#8221;][\/vc_column][vc_column width=&#8221;1\/3&#8243; offset=&#8221;vc_hidden-xs&#8221;][vc_single_image image=&#8221;7113&#8243; img_size=&#8221;415x287px&#8221;][vc_empty_space height=&#8221;24px&#8221;]<div class=\"qodef-section-title-holder \" >\n\t<div class=\"qodef-st-inner\">\n\t\t\t\t\t\t\t<h3 class=\"qodef-st-title\" >\n\t\t\t\tBar Restorant Sunset Spille\t\t\t<\/h3>\n\t\t\t\t\t<\/div>\n<\/div>[vc_column_text]Restorant ne Spille Kavaje.[\/vc_column_text][vc_empty_space height=&#8221;10px&#8221;][vc_column_text]<a href=\"https:\/\/routes4culture.com\/tour-item\/bar-restorant-sunset-spille\/\">M\u00cb SHUM\u00cb<\/a>[\/vc_column_text][vc_empty_space height=&#8221;24px&#8221;][\/vc_column][\/vc_row][vc_row full_width=&#8221;stretch_row&#8221; css=&#8221;.vc_custom_1674691252399{margin-right: 20px !important;margin-left: 20px !important;}&#8221; el_id=&#8221;Mobile&#8221;][vc_column width=&#8221;1\/3&#8243; offset=&#8221;vc_hidden-lg vc_hidden-md vc_hidden-sm&#8221;][vc_single_image image=&#8221;7076&#8243; img_size=&#8221;415x287px&#8221;][vc_empty_space height=&#8221;24px&#8221;]<div class=\"qodef-section-title-holder \" >\n\t<div class=\"qodef-st-inner\">\n\t\t\t\t\t\t\t<h3 class=\"qodef-st-title\" >\n\t\t\t\tBar Restaurant ENES\t\t\t<\/h3>\n\t\t\t\t\t<\/div>\n<\/div>[vc_column_text]Restorant ne plazhin e Spilles.[\/vc_column_text][vc_empty_space height=&#8221;10px&#8221;][vc_column_text]<a href=\"https:\/\/routes4culture.com\/tour-item\/bar-restaurant-enes\/\">M\u00cb SHUM\u00cb<\/a>[\/vc_column_text][vc_empty_space height=&#8221;45px&#8221;][\/vc_column][vc_column width=&#8221;1\/3&#8243; offset=&#8221;vc_hidden-lg vc_hidden-md vc_hidden-sm&#8221;][vc_single_image image=&#8221;7083&#8243; img_size=&#8221;415x287px&#8221;][vc_empty_space height=&#8221;24px&#8221;]<div class=\"qodef-section-title-holder \" >\n\t<div class=\"qodef-st-inner\">\n\t\t\t\t\t\t\t<h3 class=\"qodef-st-title\" >\n\t\t\t\tBar Restaurant La Mer\t\t\t<\/h3>\n\t\t\t\t\t<\/div>\n<\/div>[vc_column_text]N\u00eb Spille t\u00eb Kavaj\u00ebs, Restorant La Mer ndodhet pran\u00eb natyr\u00ebs s\u00eb mrekullueshme t\u00eb gjelb\u00ebruar, t\u00eb paprekur nga dora e njeriut.[\/vc_column_text][vc_empty_space height=&#8221;10px&#8221;][vc_column_text]<a href=\"https:\/\/routes4culture.com\/tour-item\/bar-restaurant-la-mer\/\">M\u00cb SHUM\u00cb<\/a>[\/vc_column_text][vc_empty_space height=&#8221;45px&#8221;][\/vc_column][vc_column width=&#8221;1\/3&#8243; offset=&#8221;vc_hidden-lg vc_hidden-md vc_hidden-sm&#8221;][vc_single_image image=&#8221;7113&#8243; img_size=&#8221;415x287px&#8221;][vc_empty_space height=&#8221;24px&#8221;]<div class=\"qodef-section-title-holder \" >\n\t<div class=\"qodef-st-inner\">\n\t\t\t\t\t\t\t<h3 class=\"qodef-st-title\" >\n\t\t\t\tBar Restorant Sunset Spille\t\t\t<\/h3>\n\t\t\t\t\t<\/div>\n<\/div>[vc_column_text]Restorant ne Spille Kavaje.[\/vc_column_text][vc_empty_space height=&#8221;10px&#8221;][vc_column_text]<a href=\"https:\/\/routes4culture.com\/tour-item\/bar-restorant-sunset-spille\/\">M\u00cb SHUM\u00cb<\/a>[\/vc_column_text][vc_empty_space height=&#8221;45px&#8221;][\/vc_column][\/vc_row][vc_row][vc_column offset=&#8221;vc_hidden-xs&#8221;][vc_empty_space height=&#8221;60px&#8221;][\/vc_column][\/vc_row][vc_row full_width=&#8221;stretch_row&#8221; gap=&#8221;15&#8243; css=&#8221;.vc_custom_1674693318512{margin-right: 70px !important;margin-left: 70px !important;}&#8221; el_id=&#8221;Desktop-Tablet&#8221;][vc_column width=&#8221;1\/3&#8243; offset=&#8221;vc_hidden-xs&#8221;][vc_single_image image=&#8221;7118&#8243; img_size=&#8221;415x287px&#8221;][vc_empty_space height=&#8221;24px&#8221;]<div class=\"qodef-section-title-holder \" >\n\t<div class=\"qodef-st-inner\">\n\t\t\t\t\t\t\t<h3 class=\"qodef-st-title\" >\n\t\t\t\tHani i Cetes\t\t\t<\/h3>\n\t\t\t\t\t<\/div>\n<\/div>[vc_column_text]Restoranti tradicional Cete ne Kavaje.[\/vc_column_text][vc_empty_space height=&#8221;10px&#8221;][vc_column_text]<a href=\"https:\/\/routes4culture.com\/tour-item\/hani-i-cetes\/\">M\u00cb SHUM\u00cb<\/a>[\/vc_column_text][vc_empty_space height=&#8221;24px&#8221;][\/vc_column][vc_column width=&#8221;1\/3&#8243; offset=&#8221;vc_hidden-xs&#8221;][vc_single_image image=&#8221;7132&#8243; img_size=&#8221;415x287px&#8221;][vc_empty_space height=&#8221;24px&#8221;]<div class=\"qodef-section-title-holder \" >\n\t<div class=\"qodef-st-inner\">\n\t\t\t\t\t\t\t<h3 class=\"qodef-st-title\" >\n\t\t\t\tRestaurant Peshkatari\t\t\t<\/h3>\n\t\t\t\t\t<\/div>\n<\/div>[vc_column_text]Restorant Peshkatari prane bregdetit Spille.[\/vc_column_text][vc_empty_space height=&#8221;10px&#8221;][vc_column_text]<a href=\"https:\/\/routes4culture.com\/tour-item\/restaurant-peshkatari\/\">M\u00cb SHUM\u00cb<\/a>[\/vc_column_text][vc_empty_space height=&#8221;24px&#8221;][\/vc_column][vc_column width=&#8221;1\/3&#8243; offset=&#8221;vc_hidden-xs&#8221;][vc_single_image image=&#8221;7139&#8243; img_size=&#8221;415x287px&#8221;][vc_empty_space height=&#8221;24px&#8221;]<div class=\"qodef-section-title-holder \" >\n\t<div class=\"qodef-st-inner\">\n\t\t\t\t\t\t\t<h3 class=\"qodef-st-title\" >\n\t\t\t\tRestaurant Poceria Vjeter\t\t\t<\/h3>\n\t\t\t\t\t<\/div>\n<\/div>[vc_column_text]Restorant n\u00eb nj\u00eb ish-qeramik\u00eb t\u00eb vjet\u00ebr n\u00eb qytetin e Kavaj\u00ebs.[\/vc_column_text][vc_empty_space height=&#8221;10px&#8221;][vc_column_text]<a href=\"https:\/\/routes4culture.com\/tour-item\/restaurant-poceria-vjeter\/\">M\u00cb SHUM\u00cb<\/a>[\/vc_column_text][vc_empty_space height=&#8221;24px&#8221;][\/vc_column][\/vc_row][vc_row full_width=&#8221;stretch_row&#8221; css=&#8221;.vc_custom_1674693339712{margin-right: 20px !important;margin-left: 20px !important;}&#8221; el_id=&#8221;Mobile&#8221;][vc_column width=&#8221;1\/3&#8243; offset=&#8221;vc_hidden-lg vc_hidden-md vc_hidden-sm&#8221;][vc_single_image image=&#8221;7118&#8243; img_size=&#8221;415x287px&#8221;][vc_empty_space height=&#8221;24px&#8221;]<div class=\"qodef-section-title-holder \" >\n\t<div class=\"qodef-st-inner\">\n\t\t\t\t\t\t\t<h3 class=\"qodef-st-title\" >\n\t\t\t\tHani i Cetes\t\t\t<\/h3>\n\t\t\t\t\t<\/div>\n<\/div>[vc_column_text]Restoranti tradicional Cete ne Kavaje.[\/vc_column_text][vc_empty_space height=&#8221;10px&#8221;][vc_column_text]<a href=\"https:\/\/routes4culture.com\/tour-item\/hani-i-cetes\/\">M\u00cb SHUM\u00cb<\/a>[\/vc_column_text][vc_empty_space height=&#8221;45px&#8221;][\/vc_column][vc_column width=&#8221;1\/3&#8243; offset=&#8221;vc_hidden-lg vc_hidden-md vc_hidden-sm&#8221;][vc_single_image image=&#8221;7132&#8243; img_size=&#8221;415x287px&#8221;][vc_empty_space height=&#8221;24px&#8221;]<div class=\"qodef-section-title-holder \" >\n\t<div class=\"qodef-st-inner\">\n\t\t\t\t\t\t\t<h3 class=\"qodef-st-title\" >\n\t\t\t\tRestaurant Peshkatari\t\t\t<\/h3>\n\t\t\t\t\t<\/div>\n<\/div>[vc_column_text]Restorant Peshkatari prane bregdetit Spille.[\/vc_column_text][vc_empty_space height=&#8221;10px&#8221;][vc_column_text]<a href=\"https:\/\/routes4culture.com\/tour-item\/restaurant-peshkatari\/\">M\u00cb SHUM\u00cb<\/a>[\/vc_column_text][vc_empty_space height=&#8221;45px&#8221;][\/vc_column][vc_column width=&#8221;1\/3&#8243; offset=&#8221;vc_hidden-lg vc_hidden-md vc_hidden-sm&#8221;][vc_single_image image=&#8221;7139&#8243; img_size=&#8221;415x287px&#8221;][vc_empty_space height=&#8221;24px&#8221;]<div class=\"qodef-section-title-holder \" >\n\t<div class=\"qodef-st-inner\">\n\t\t\t\t\t\t\t<h3 class=\"qodef-st-title\" >\n\t\t\t\tRestaurant Poceria Vjeter\t\t\t<\/h3>\n\t\t\t\t\t<\/div>\n<\/div>[vc_column_text]Restorant n\u00eb nj\u00eb ish-qeramik\u00eb t\u00eb vjet\u00ebr n\u00eb qytetin e Kavaj\u00ebs.[\/vc_column_text][vc_empty_space height=&#8221;10px&#8221;][vc_column_text]<a href=\"https:\/\/routes4culture.com\/tour-item\/restaurant-poceria-vjeter\/\">M\u00cb SHUM\u00cb<\/a>[\/vc_column_text][vc_empty_space height=&#8221;45px&#8221;][\/vc_column][\/vc_row][vc_row][vc_column offset=&#8221;vc_hidden-xs&#8221;][vc_empty_space height=&#8221;60px&#8221;][\/vc_column][\/vc_row][vc_row full_width=&#8221;stretch_row&#8221; gap=&#8221;15&#8243; css=&#8221;.vc_custom_1674693318512{margin-right: 70px !important;margin-left: 70px !important;}&#8221;][vc_column width=&#8221;1\/3&#8243; offset=&#8221;vc_hidden-xs&#8221;][vc_single_image image=&#8221;7145&#8243; img_size=&#8221;415x287px&#8221;][vc_empty_space height=&#8221;24px&#8221;]<div class=\"qodef-section-title-holder \" >\n\t<div class=\"qodef-st-inner\">\n\t\t\t\t\t\t\t<h3 class=\"qodef-st-title\" >\n\t\t\t\tVoka Restaurant Kavaje Karpen\t\t\t<\/h3>\n\t\t\t\t\t<\/div>\n<\/div>[vc_column_text]Restorant ne Kavaje.[\/vc_column_text][vc_empty_space height=&#8221;10px&#8221;][vc_column_text]<a href=\"https:\/\/routes4culture.com\/tour-item\/voka-restaurant-kavaje-karpen\/\">M\u00cb SHUM\u00cb<\/a>[\/vc_column_text][vc_empty_space height=&#8221;24px&#8221;][\/vc_column][vc_column width=&#8221;1\/3&#8243; offset=&#8221;vc_hidden-xs&#8221;][vc_single_image image=&#8221;7168&#8243; img_size=&#8221;415x287px&#8221;][vc_empty_space height=&#8221;24px&#8221;]<div class=\"qodef-section-title-holder \" >\n\t<div class=\"qodef-st-inner\">\n\t\t\t\t\t\t\t<h3 class=\"qodef-st-title\" >\n\t\t\t\tRestaurant Wood Flavour\t\t\t<\/h3>\n\t\t\t\t\t<\/div>\n<\/div>[vc_column_text]Restoranti n\u00eb Kavaj\u00eb, n\u00eb Shijen e Drurit \u201cSecret Place\u201d, e h\u00ebna shijon si t\u00eb shtun\u00ebn.[\/vc_column_text][vc_empty_space height=&#8221;10px&#8221;][vc_column_text]<a href=\"https:\/\/routes4culture.com\/tour-item\/restaurant-wood-flavour\/\">M\u00cb SHUM\u00cb<\/a>[\/vc_column_text][vc_empty_space height=&#8221;24px&#8221;][\/vc_column][vc_column width=&#8221;1\/3&#8243; offset=&#8221;vc_hidden-xs&#8221;][\/vc_column][\/vc_row][vc_row full_width=&#8221;stretch_row&#8221; css=&#8221;.vc_custom_1674693339712{margin-right: 20px !important;margin-left: 20px !important;}&#8221;][vc_column width=&#8221;1\/3&#8243; offset=&#8221;vc_hidden-lg vc_hidden-md vc_hidden-sm&#8221;][vc_single_image image=&#8221;7145&#8243; img_size=&#8221;415x287px&#8221;][vc_empty_space height=&#8221;24px&#8221;]<div class=\"qodef-section-title-holder \" >\n\t<div class=\"qodef-st-inner\">\n\t\t\t\t\t\t\t<h3 class=\"qodef-st-title\" >\n\t\t\t\tVoka Restaurant Kavaje Karpen\t\t\t<\/h3>\n\t\t\t\t\t<\/div>\n<\/div>[vc_column_text]Restorant ne Kavaje.[\/vc_column_text][vc_empty_space height=&#8221;10px&#8221;][vc_column_text]<a href=\"https:\/\/routes4culture.com\/tour-item\/voka-restaurant-kavaje-karpen\/\">M\u00cb SHUM\u00cb<\/a>[\/vc_column_text][vc_empty_space height=&#8221;45px&#8221;][\/vc_column][vc_column width=&#8221;1\/3&#8243; offset=&#8221;vc_hidden-lg vc_hidden-md vc_hidden-sm&#8221;][vc_single_image image=&#8221;7168&#8243; img_size=&#8221;415x287px&#8221;][vc_empty_space height=&#8221;24px&#8221;]<div class=\"qodef-section-title-holder \" >\n\t<div class=\"qodef-st-inner\">\n\t\t\t\t\t\t\t<h3 class=\"qodef-st-title\" >\n\t\t\t\tRestaurant Wood Flavour\t\t\t<\/h3>\n\t\t\t\t\t<\/div>\n<\/div>[vc_column_text]Restoranti n\u00eb Kavaj\u00eb, n\u00eb Shijen e Drurit \u201cSecret Place\u201d, e h\u00ebna shijon si t\u00eb shtun\u00ebn.[\/vc_column_text][vc_empty_space height=&#8221;10px&#8221;][vc_column_text]<a href=\"https:\/\/routes4culture.com\/tour-item\/restaurant-wood-flavour\/\">M\u00cb SHUM\u00cb<\/a>[\/vc_column_text][vc_empty_space height=&#8221;45px&#8221;][\/vc_column][vc_column width=&#8221;1\/3&#8243; offset=&#8221;vc_hidden-lg vc_hidden-md vc_hidden-sm&#8221;][\/vc_column][\/vc_row][vc_row][vc_column offset=&#8221;vc_hidden-xs&#8221;][vc_empty_space height=&#8221;120px&#8221;][\/vc_column][\/vc_row][vc_row][vc_column offset=&#8221;vc_hidden-lg vc_hidden-md vc_hidden-sm&#8221;][vc_empty_space height=&#8221;50px&#8221;][\/vc_column][\/vc_row]<\/p>\n","protected":false},"excerpt":{"rendered":"<p>[vc_row][vc_column][vc_empty_space height=&#8221;120px&#8221;][\/vc_column][\/vc_row][vc_row full_width=&#8221;stretch_row&#8221; gap=&#8221;15&#8243; css=&#8221;.vc_custom_1674690906595{margin-right: 70px !important;margin-left: 70px !important;}&#8221; el_id=&#8221;Desktop-Tablet&#8221;][vc_column width=&#8221;1\/3&#8243; offset=&#8221;vc_hidden-xs&#8221;][vc_single_image image=&#8221;7076&#8243; img_size=&#8221;415x287px&#8221;][vc_empty_space height=&#8221;24px&#8221;][vc_column_text]Restorant ne plazhin e Spilles.[\/vc_column_text][vc_empty_space height=&#8221;10px&#8221;][vc_column_text]M\u00cb SHUM\u00cb[\/vc_column_text][vc_empty_space height=&#8221;24px&#8221;][\/vc_column][vc_column width=&#8221;1\/3&#8243; offset=&#8221;vc_hidden-xs&#8221;][vc_single_image image=&#8221;7083&#8243; img_size=&#8221;415x287px&#8221;][vc_empty_space height=&#8221;24px&#8221;][vc_column_text]N\u00eb Spille t\u00eb Kavaj\u00ebs, Restorant La Mer ndodhet pran\u00eb natyr\u00ebs s\u00eb mrekullueshme t\u00eb gjelb\u00ebruar, [&hellip;]<\/p>\n","protected":false},"author":1,"featured_media":7123,"parent":0,"menu_order":0,"comment_status":"closed","ping_status":"closed","template":"full-width.php","meta":[],"yoast_head":"<!-- This site is optimized with the Yoast SEO plugin v20.13 - https:\/\/yoast.com\/wordpress\/plugins\/seo\/ -->\n<title>Restorante | Routes 4 Culture<\/title>\n<meta name=\"robots\" content=\"index, follow, max-snippet:-1, max-image-preview:large, max-video-preview:-1\" \/>\n<link rel=\"canonical\" href=\"https:\/\/routes4culture.com\/sq\/restorante\/\" \/>\n<meta property=\"og:locale\" content=\"sq_AL\" \/>\n<meta property=\"og:type\" content=\"article\" \/>\n<meta property=\"og:title\" content=\"Restorante | Routes 4 Culture\" \/>\n<meta property=\"og:description\" content=\"[vc_row][vc_column][vc_empty_space height=&#8221;120px&#8221;][\/vc_column][\/vc_row][vc_row full_width=&#8221;stretch_row&#8221; gap=&#8221;15&#8243; css=&#8221;.vc_custom_1674690906595{margin-right: 70px !important;margin-left: 70px !important;}&#8221; el_id=&#8221;Desktop-Tablet&#8221;][vc_column width=&#8221;1\/3&#8243; offset=&#8221;vc_hidden-xs&#8221;][vc_single_image image=&#8221;7076&#8243; img_size=&#8221;415x287px&#8221;][vc_empty_space height=&#8221;24px&#8221;][vc_column_text]Restorant ne plazhin e Spilles.[\/vc_column_text][vc_empty_space height=&#8221;10px&#8221;][vc_column_text]M\u00cb SHUM\u00cb[\/vc_column_text][vc_empty_space height=&#8221;24px&#8221;][\/vc_column][vc_column width=&#8221;1\/3&#8243; offset=&#8221;vc_hidden-xs&#8221;][vc_single_image image=&#8221;7083&#8243; img_size=&#8221;415x287px&#8221;][vc_empty_space height=&#8221;24px&#8221;][vc_column_text]N\u00eb Spille t\u00eb Kavaj\u00ebs, Restorant La Mer ndodhet pran\u00eb natyr\u00ebs s\u00eb mrekullueshme t\u00eb gjelb\u00ebruar, [&hellip;]\" \/>\n<meta property=\"og:url\" content=\"https:\/\/routes4culture.com\/sq\/restorante\/\" \/>\n<meta property=\"og:site_name\" content=\"Routes 4 Culture\" \/>\n<meta property=\"article:modified_time\" content=\"2023-06-19T19:54:56+00:00\" \/>\n<meta property=\"og:image\" content=\"https:\/\/routes4culture.com\/wp-content\/uploads\/2018\/10\/hanicetes-2.jpg\" \/>\n\t<meta property=\"og:image:width\" content=\"2048\" \/>\n\t<meta property=\"og:image:height\" content=\"1536\" \/>\n\t<meta property=\"og:image:type\" content=\"image\/jpeg\" \/>\n<meta name=\"twitter:card\" content=\"summary_large_image\" \/>\n<meta name=\"twitter:label1\" content=\"Est. reading time\" \/>\n\t<meta name=\"twitter:data1\" content=\"2 minutes\" \/>\n<script type=\"application\/ld+json\" class=\"yoast-schema-graph\">{\"@context\":\"https:\/\/schema.org\",\"@graph\":[{\"@type\":\"WebPage\",\"@id\":\"https:\/\/routes4culture.com\/sq\/restorante\/\",\"url\":\"https:\/\/routes4culture.com\/sq\/restorante\/\",\"name\":\"Restorante | Routes 4 Culture\",\"isPartOf\":{\"@id\":\"https:\/\/routes4culture.com\/#website\"},\"datePublished\":\"2018-09-10T08:00:47+00:00\",\"dateModified\":\"2023-06-19T19:54:56+00:00\",\"breadcrumb\":{\"@id\":\"https:\/\/routes4culture.com\/sq\/restorante\/#breadcrumb\"},\"inLanguage\":\"sq-AL\",\"potentialAction\":[{\"@type\":\"ReadAction\",\"target\":[\"https:\/\/routes4culture.com\/sq\/restorante\/\"]}]},{\"@type\":\"BreadcrumbList\",\"@id\":\"https:\/\/routes4culture.com\/sq\/restorante\/#breadcrumb\",\"itemListElement\":[{\"@type\":\"ListItem\",\"position\":1,\"name\":\"Home\",\"item\":\"https:\/\/routes4culture.com\/\"},{\"@type\":\"ListItem\",\"position\":2,\"name\":\"Restorante\"}]},{\"@type\":\"WebSite\",\"@id\":\"https:\/\/routes4culture.com\/#website\",\"url\":\"https:\/\/routes4culture.com\/\",\"name\":\"Routes 4 Culture\",\"description\":\"Explore Albania&#039;s Culture\",\"potentialAction\":[{\"@type\":\"SearchAction\",\"target\":{\"@type\":\"EntryPoint\",\"urlTemplate\":\"https:\/\/routes4culture.com\/?s={search_term_string}\"},\"query-input\":\"required name=search_term_string\"}],\"inLanguage\":\"sq-AL\"}]}<\/script>\n<!-- \/ Yoast SEO plugin. -->","yoast_head_json":{"title":"Restorante | Routes 4 Culture","robots":{"index":"index","follow":"follow","max-snippet":"max-snippet:-1","max-image-preview":"max-image-preview:large","max-video-preview":"max-video-preview:-1"},"canonical":"https:\/\/routes4culture.com\/sq\/restorante\/","og_locale":"sq_AL","og_type":"article","og_title":"Restorante | Routes 4 Culture","og_description":"[vc_row][vc_column][vc_empty_space height=&#8221;120px&#8221;][\/vc_column][\/vc_row][vc_row full_width=&#8221;stretch_row&#8221; gap=&#8221;15&#8243; css=&#8221;.vc_custom_1674690906595{margin-right: 70px !important;margin-left: 70px !important;}&#8221; el_id=&#8221;Desktop-Tablet&#8221;][vc_column width=&#8221;1\/3&#8243; offset=&#8221;vc_hidden-xs&#8221;][vc_single_image image=&#8221;7076&#8243; img_size=&#8221;415x287px&#8221;][vc_empty_space height=&#8221;24px&#8221;][vc_column_text]Restorant ne plazhin e Spilles.[\/vc_column_text][vc_empty_space height=&#8221;10px&#8221;][vc_column_text]M\u00cb SHUM\u00cb[\/vc_column_text][vc_empty_space height=&#8221;24px&#8221;][\/vc_column][vc_column width=&#8221;1\/3&#8243; offset=&#8221;vc_hidden-xs&#8221;][vc_single_image image=&#8221;7083&#8243; img_size=&#8221;415x287px&#8221;][vc_empty_space height=&#8221;24px&#8221;][vc_column_text]N\u00eb Spille t\u00eb Kavaj\u00ebs, Restorant La Mer ndodhet pran\u00eb natyr\u00ebs s\u00eb mrekullueshme t\u00eb gjelb\u00ebruar, [&hellip;]","og_url":"https:\/\/routes4culture.com\/sq\/restorante\/","og_site_name":"Routes 4 Culture","article_modified_time":"2023-06-19T19:54:56+00:00","og_image":[{"width":2048,"height":1536,"url":"https:\/\/routes4culture.com\/wp-content\/uploads\/2018\/10\/hanicetes-2.jpg","type":"image\/jpeg"}],"twitter_card":"summary_large_image","twitter_misc":{"Est. reading time":"2 minutes"},"schema":{"@context":"https:\/\/schema.org","@graph":[{"@type":"WebPage","@id":"https:\/\/routes4culture.com\/sq\/restorante\/","url":"https:\/\/routes4culture.com\/sq\/restorante\/","name":"Restorante | Routes 4 Culture","isPartOf":{"@id":"https:\/\/routes4culture.com\/#website"},"datePublished":"2018-09-10T08:00:47+00:00","dateModified":"2023-06-19T19:54:56+00:00","breadcrumb":{"@id":"https:\/\/routes4culture.com\/sq\/restorante\/#breadcrumb"},"inLanguage":"sq-AL","potentialAction":[{"@type":"ReadAction","target":["https:\/\/routes4culture.com\/sq\/restorante\/"]}]},{"@type":"BreadcrumbList","@id":"https:\/\/routes4culture.com\/sq\/restorante\/#breadcrumb","itemListElement":[{"@type":"ListItem","position":1,"name":"Home","item":"https:\/\/routes4culture.com\/"},{"@type":"ListItem","position":2,"name":"Restorante"}]},{"@type":"WebSite","@id":"https:\/\/routes4culture.com\/#website","url":"https:\/\/routes4culture.com\/","name":"Routes 4 Culture","description":"Explore Albania&#039;s Culture","potentialAction":[{"@type":"SearchAction","target":{"@type":"EntryPoint","urlTemplate":"https:\/\/routes4culture.com\/?s={search_term_string}"},"query-input":"required name=search_term_string"}],"inLanguage":"sq-AL"}]}},"_links":{"self":[{"href":"https:\/\/routes4culture.com\/sq\/wp-json\/wp\/v2\/pages\/7432"}],"collection":[{"href":"https:\/\/routes4culture.com\/sq\/wp-json\/wp\/v2\/pages"}],"about":[{"href":"https:\/\/routes4culture.com\/sq\/wp-json\/wp\/v2\/types\/page"}],"author":[{"embeddable":true,"href":"https:\/\/routes4culture.com\/sq\/wp-json\/wp\/v2\/users\/1"}],"replies":[{"embeddable":true,"href":"https:\/\/routes4culture.com\/sq\/wp-json\/wp\/v2\/comments?post=7432"}],"version-history":[{"count":2,"href":"https:\/\/routes4culture.com\/sq\/wp-json\/wp\/v2\/pages\/7432\/revisions"}],"predecessor-version":[{"id":7434,"href":"https:\/\/routes4culture.com\/sq\/wp-json\/wp\/v2\/pages\/7432\/revisions\/7434"}],"wp:featuredmedia":[{"embeddable":true,"href":"https:\/\/routes4culture.com\/sq\/wp-json\/wp\/v2\/media\/7123"}],"wp:attachment":[{"href":"https:\/\/routes4culture.com\/sq\/wp-json\/wp\/v2\/media?parent=7432"}],"curies":[{"name":"wp","href":"https:\/\/api.w.org\/{rel}","templated":true}]}}